{"id":750,"date":"2019-03-21T11:48:13","date_gmt":"2019-03-21T11:48:13","guid":{"rendered":"https:\/\/auxiliaformacion.es\/?page_id=750"},"modified":"2019-03-22T09:19:45","modified_gmt":"2019-03-22T09:19:45","slug":"noticies","status":"publish","type":"page","link":"https:\/\/auxiliaformacion.es\/ca\/qui-som\/noticies\/","title":{"rendered":"Not\u00edcies"},"content":{"rendered":"<h1>Not\u00edcies<\/h1>\n    <div data-options='{&quot;id&quot;:&quot;792&quot;,&quot;lazy_load&quot;:&quot;no&quot;,&quot;masonry_enable&quot;:&quot;yes&quot;,&quot;view_type&quot;:&quot;grid&quot;}' id=\"post-grid-792\" class=\"post-grid grid\">\n    \n\n\n    <div class=\"grid-items\">\n      <div class=\"item item-1702 skin flat even 0 \">\n        <div class=\"layer-wrapper layout-1128\">\n          <div\r\n        class=\"element element_1620634773016  element-media \">\r\n        <a target=\"_self\" href=\"https:\/\/auxiliaformacion.es\/ca\/fundacio-accenture-ofereix-gratuitament-la-seva-plataforma-densenyament-fundaula-2-2\/\"><img loading=\"lazy\" decoding=\"async\" width=\"1024\" height=\"478\" src=\"https:\/\/auxiliaformacion.es\/wp-content\/uploads\/2024\/09\/Imagen-de-WhatsApp-2024-03-05-a-las-11.29.55_0b819317-1024x478.jpg\" class=\"attachment-large size-large wp-post-image\" alt=\"\" \/><\/a>    <\/div>\r\n    <div class=\"element element_1620633487933  title_link \">\r\n                    <a target=\"_self\"\r\n                href=\"https:\/\/auxiliaformacion.es\/ca\/fundacio-accenture-ofereix-gratuitament-la-seva-plataforma-densenyament-fundaula-2-2\/\">LA TECNOLOG\u00cdA DE LA COMUNICACI\u00d3 UNA HEINA SOLIDARIA AMB AUXILIA<\/a>\r\n            <\/div>\r\n    <div class=\"element element_1620634986702  excerpt \">\r\n        LA TECNOLOGIA DE LA COMUNICACI\u00d3, SOLIDARIA AMB AUXILIA La tecnologia de la comunicaci\u00f3 i els aven\u00e7os que se\u2019n deriven, fan            <\/div>\r\n            <a class=\"element element_1620633501973  read_more \"\r\n            target=\"_self\"\r\n            href=\"https:\/\/auxiliaformacion.es\/ca\/fundacio-accenture-ofereix-gratuitament-la-seva-plataforma-densenyament-fundaula-2-2\/\">Continuar<\/a>\r\n        <\/div>\n  <\/div><div class=\"item item-1694 skin flat odd 1 \">\n        <div class=\"layer-wrapper layout-1128\">\n          <div\r\n        class=\"element element_1620634773016  element-media \">\r\n        <a target=\"_self\" href=\"https:\/\/auxiliaformacion.es\/ca\/fundacio-accenture-ofereix-gratuitament-la-seva-plataforma-densenyament-fundaula-2\/\"><img loading=\"lazy\" decoding=\"async\" width=\"315\" height=\"243\" src=\"https:\/\/auxiliaformacion.es\/wp-content\/uploads\/2021\/11\/cronoplast.png\" class=\"attachment-large size-large wp-post-image\" alt=\"\" \/><\/a>    <\/div>\r\n    <div class=\"element element_1620633487933  title_link \">\r\n                    <a target=\"_self\"\r\n                href=\"https:\/\/auxiliaformacion.es\/ca\/fundacio-accenture-ofereix-gratuitament-la-seva-plataforma-densenyament-fundaula-2\/\">CRONOPLAST solidaria amb Auxilia<\/a>\r\n            <\/div>\r\n    <div class=\"element element_1620634986702  excerpt \">\r\n        Ens complau difondre aquesta not\u00edcia com a exemple per a altres empreses i perqu\u00e8 aquesta sigui un est\u00edmul i una            <\/div>\r\n            <a class=\"element element_1620633501973  read_more \"\r\n            target=\"_self\"\r\n            href=\"https:\/\/auxiliaformacion.es\/ca\/fundacio-accenture-ofereix-gratuitament-la-seva-plataforma-densenyament-fundaula-2\/\">Continuar<\/a>\r\n        <\/div>\n  <\/div><div class=\"item item-1674 skin flat even 2 \">\n        <div class=\"layer-wrapper layout-1128\">\n          <div\r\n        class=\"element element_1620634773016  element-media \">\r\n        <a target=\"_self\" href=\"https:\/\/auxiliaformacion.es\/ca\/fundacio-accenture-ofereix-gratuitament-la-seva-plataforma-densenyament-fundaula\/\"><img loading=\"lazy\" decoding=\"async\" width=\"1024\" height=\"461\" src=\"https:\/\/auxiliaformacion.es\/wp-content\/uploads\/2024\/04\/DSC00052-1024x461.jpg\" class=\"attachment-large size-large wp-post-image\" alt=\"\" \/><\/a>    <\/div>\r\n    <div class=\"element element_1620633487933  title_link \">\r\n                    <a target=\"_self\"\r\n                href=\"https:\/\/auxiliaformacion.es\/ca\/fundacio-accenture-ofereix-gratuitament-la-seva-plataforma-densenyament-fundaula\/\">FUNDACI\u00d2 ACCENTURE: ofereix gratuitament la seva plataforma d&#8217;ensenyament: FUNDAULA<\/a>\r\n            <\/div>\r\n    <div class=\"element element_1620634986702  excerpt \">\r\n        FUNDAULA \u2013 una magn\u00edfica aplicaci\u00f3 digital de la Fundaci\u00f3 ACCENTURE, amb un contingut 100% en l\u00ednia i gratu\u00eft que est\u00e0            <\/div>\r\n            <a class=\"element element_1620633501973  read_more \"\r\n            target=\"_self\"\r\n            href=\"https:\/\/auxiliaformacion.es\/ca\/fundacio-accenture-ofereix-gratuitament-la-seva-plataforma-densenyament-fundaula\/\">Continuar<\/a>\r\n        <\/div>\n  <\/div><div class=\"item item-1597 skin flat odd 3 \">\n        <div class=\"layer-wrapper layout-1128\">\n          <div\r\n        class=\"element element_1620634773016  element-media \">\r\n        <a target=\"_self\" href=\"https:\/\/auxiliaformacion.es\/ca\/1571-2\/\"><img loading=\"lazy\" decoding=\"async\" width=\"1000\" height=\"835\" src=\"https:\/\/auxiliaformacion.es\/wp-content\/uploads\/2019\/01\/Auxilia-Inicio-003.jpg\" class=\"attachment-large size-large wp-post-image\" alt=\"\" \/><\/a>    <\/div>\r\n    <div class=\"element element_1620633487933  title_link \">\r\n                    <a target=\"_self\"\r\n                href=\"https:\/\/auxiliaformacion.es\/ca\/1571-2\/\">AUXILIA &#8211; ENSENYAMENT A DIST\u00c0NCIA &#8211; CONCURS CULTURAL<\/a>\r\n            <\/div>\r\n    <div class=\"element element_1620634986702  excerpt \">\r\n        AUXILIA Ensenyament a Dist\u00e0ncia (EAD) sempre ha tingut, des dels seus or\u00edgens i com un dels seus objectius, la inserci\u00f3            <\/div>\r\n            <a class=\"element element_1620633501973  read_more \"\r\n            target=\"_self\"\r\n            href=\"https:\/\/auxiliaformacion.es\/ca\/1571-2\/\">Continuar<\/a>\r\n        <\/div>\n  <\/div><div class=\"item item-1571 skin flat even 4 \">\n        <div class=\"layer-wrapper layout-1128\">\n          <div\r\n        class=\"element element_1620634773016  element-media \">\r\n        <a target=\"_self\" href=\"https:\/\/auxiliaformacion.es\/ca\/1571\/\"><img loading=\"lazy\" decoding=\"async\" width=\"1024\" height=\"766\" src=\"https:\/\/auxiliaformacion.es\/wp-content\/uploads\/2023\/04\/FOTO-3-per-escrit-susan-1024x766.jpg\" class=\"attachment-large size-large wp-post-image\" alt=\"\" \/><\/a>    <\/div>\r\n    <div class=\"element element_1620633487933  title_link \">\r\n                    <a target=\"_self\"\r\n                href=\"https:\/\/auxiliaformacion.es\/ca\/1571\/\">LES ACTIVITATS SOCIO-EDUCATIVES de la Delegaci\u00f3 d&#8217;AUXILIA Barcelona<\/a>\r\n            <\/div>\r\n    <div class=\"element element_1620634986702  excerpt \">\r\n        Les activitats SOCIO - EDUCATIVES de la Delegaci\u00f3 d'Auxilia Barcelona confirmen ser un mitj\u00e0 efica\u00e7 d'integraci\u00f3 de la persona. Aquestes            <\/div>\r\n            <a class=\"element element_1620633501973  read_more \"\r\n            target=\"_self\"\r\n            href=\"https:\/\/auxiliaformacion.es\/ca\/1571\/\">Continuar<\/a>\r\n        <\/div>\n  <\/div><div class=\"item item-1527 skin flat odd 5 \">\n        <div class=\"layer-wrapper layout-1128\">\n          <div\r\n        class=\"element element_1620634773016  element-media \">\r\n        <a target=\"_self\" href=\"https:\/\/auxiliaformacion.es\/ca\/alex-roca-un-repte-de-superacio-de-la-discapacitat\/\"><img loading=\"lazy\" decoding=\"async\" width=\"1024\" height=\"620\" src=\"https:\/\/auxiliaformacion.es\/wp-content\/uploads\/2023\/03\/DSC00002-2-1024x620.jpg\" class=\"attachment-large size-large wp-post-image\" alt=\"\" \/><\/a>    <\/div>\r\n    <div class=\"element element_1620633487933  title_link \">\r\n                    <a target=\"_self\"\r\n                href=\"https:\/\/auxiliaformacion.es\/ca\/alex-roca-un-repte-de-superacio-de-la-discapacitat\/\">ALEX ROCA, un repte de superaci\u00f2 de la discapacitat<\/a>\r\n            <\/div>\r\n    <div class=\"element element_1620634986702  excerpt \">\r\n        ALEX ROCA - un repte de superaci\u00f3 de la discapacitat Alex Roca, tot un repte de superaci\u00f3 de la discapacitat,            <\/div>\r\n            <a class=\"element element_1620633501973  read_more \"\r\n            target=\"_self\"\r\n            href=\"https:\/\/auxiliaformacion.es\/ca\/alex-roca-un-repte-de-superacio-de-la-discapacitat\/\">Continuar<\/a>\r\n        <\/div>\n  <\/div><div class=\"item item-1472 skin flat even 6 \">\n        <div class=\"layer-wrapper layout-1128\">\n          <div\r\n        class=\"element element_1620634773016  element-media \">\r\n        <a target=\"_self\" href=\"https:\/\/auxiliaformacion.es\/ca\/estimulacio-cognitiva-2\/\"><img loading=\"lazy\" decoding=\"async\" width=\"508\" height=\"339\" src=\"https:\/\/auxiliaformacion.es\/wp-content\/uploads\/2023\/02\/Imagen1.png\" class=\"attachment-large size-large wp-post-image\" alt=\"\" \/><\/a>    <\/div>\r\n    <div class=\"element element_1620633487933  title_link \">\r\n                    <a target=\"_self\"\r\n                href=\"https:\/\/auxiliaformacion.es\/ca\/estimulacio-cognitiva-2\/\">La SOLEDAT, un repte per a la nostra societat<\/a>\r\n            <\/div>\r\n    <div class=\"element element_1620634986702  excerpt \">\r\n        LA SOLEDAT, UN REPTE PER A LA NOSTRA SOCIETAT\u00a0 Com podem pal\u00b7liar la Soledat No Desitjada? La Soledat en la            <\/div>\r\n            <a class=\"element element_1620633501973  read_more \"\r\n            target=\"_self\"\r\n            href=\"https:\/\/auxiliaformacion.es\/ca\/estimulacio-cognitiva-2\/\">Continuar<\/a>\r\n        <\/div>\n  <\/div><div class=\"item item-1437 skin flat odd 7 \">\n        <div class=\"layer-wrapper layout-1128\">\n          <div\r\n        class=\"element element_1620634773016  element-media \">\r\n        <a target=\"_self\" href=\"https:\/\/auxiliaformacion.es\/ca\/estimulacio-cognitiva\/\"><img loading=\"lazy\" decoding=\"async\" width=\"1024\" height=\"768\" src=\"https:\/\/auxiliaformacion.es\/wp-content\/uploads\/2022\/11\/FOTO-No-25.1-1024x768.jpg\" class=\"attachment-large size-large wp-post-image\" alt=\"\" \/><\/a>    <\/div>\r\n    <div class=\"element element_1620633487933  title_link \">\r\n                    <a target=\"_self\"\r\n                href=\"https:\/\/auxiliaformacion.es\/ca\/estimulacio-cognitiva\/\">Estimulaci\u00f3 Cognitiva &#8211; despertar les &#8220;capacitats&#8221; de la persona<\/a>\r\n            <\/div>\r\n    <div class=\"element element_1620634986702  excerpt \">\r\n        ESTIMULACI\u00d3 COGNITIVA - despertar les \"capacitats\" de les persones L'estimulaci\u00f3 cognitiva \u00e9s, sobretot, una manera d'activar les capacitats de les            <\/div>\r\n            <a class=\"element element_1620633501973  read_more \"\r\n            target=\"_self\"\r\n            href=\"https:\/\/auxiliaformacion.es\/ca\/estimulacio-cognitiva\/\">Continuar<\/a>\r\n        <\/div>\n  <\/div><div class=\"item item-1375 skin flat even 8 \">\n        <div class=\"layer-wrapper layout-1128\">\n          <div\r\n        class=\"element element_1620634773016  element-media \">\r\n        <a target=\"_self\" href=\"https:\/\/auxiliaformacion.es\/ca\/auxilia-celebra-el-seu-70e-aniversari-de-labor-a-espanyayala-fundacio-la-caixa-facilita-fins-al-juliol-la-insercio-laboral-de-1-560-persones-amb-discapacitat-a-catalunya-2\/\"><img loading=\"lazy\" decoding=\"async\" width=\"1024\" height=\"626\" src=\"https:\/\/auxiliaformacion.es\/wp-content\/uploads\/2022\/10\/FOTO-No-43-1-1024x626.jpg\" class=\"attachment-large size-large wp-post-image\" alt=\"\" \/><\/a>    <\/div>\r\n    <div class=\"element element_1620633487933  title_link \">\r\n                    <a target=\"_self\"\r\n                href=\"https:\/\/auxiliaformacion.es\/ca\/auxilia-celebra-el-seu-70e-aniversari-de-labor-a-espanyayala-fundacio-la-caixa-facilita-fins-al-juliol-la-insercio-laboral-de-1-560-persones-amb-discapacitat-a-catalunya-2\/\">AUXILIA celebra el 70\u00e9 aniversari de labor a Espanya<\/a>\r\n            <\/div>\r\n    <div class=\"element element_1620634986702  excerpt \">\r\n        AUXILIA celebra el seu 70\u00e9 Aniversari de labor a Espanya. Un 70\u00e9 Aniversari d'exist\u00e8ncia que commemora amb satisfacci\u00f3. Des de            <\/div>\r\n            <a class=\"element element_1620633501973  read_more \"\r\n            target=\"_self\"\r\n            href=\"https:\/\/auxiliaformacion.es\/ca\/auxilia-celebra-el-seu-70e-aniversari-de-labor-a-espanyayala-fundacio-la-caixa-facilita-fins-al-juliol-la-insercio-laboral-de-1-560-persones-amb-discapacitat-a-catalunya-2\/\">Continuar<\/a>\r\n        <\/div>\n  <\/div><div class=\"item item-1319 skin flat odd 9 \">\n        <div class=\"layer-wrapper layout-1128\">\n          <div\r\n        class=\"element element_1620634773016  element-media \">\r\n        <a target=\"_self\" href=\"https:\/\/auxiliaformacion.es\/ca\/la-fundacio-la-caixa-facilita-fins-al-juliol-la-insercio-laboral-de-1-560-persones-amb-discapacitat-a-catalunya\/\"><img loading=\"lazy\" decoding=\"async\" width=\"650\" height=\"434\" src=\"https:\/\/auxiliaformacion.es\/wp-content\/uploads\/2022\/10\/ciaxa.jpg\" class=\"attachment-large size-large wp-post-image\" alt=\"\" \/><\/a>    <\/div>\r\n    <div class=\"element element_1620633487933  title_link \">\r\n                    <a target=\"_self\"\r\n                href=\"https:\/\/auxiliaformacion.es\/ca\/la-fundacio-la-caixa-facilita-fins-al-juliol-la-insercio-laboral-de-1-560-persones-amb-discapacitat-a-catalunya\/\">La Fundaci\u00f3 \u201cla Caixa\u201d facilita fins al juliol la inserci\u00f3...<\/a>\r\n            <\/div>\r\n    <div class=\"element element_1620634986702  excerpt \">\r\n        El programa d\u2019integraci\u00f3 sociolaboral Incorpora de la Fundaci\u00f3 \"la Caixa\"\u00a0ha facilitat durant els primers sis mesos de l\u2019any 6.434 insercions            <\/div>\r\n            <a class=\"element element_1620633501973  read_more \"\r\n            target=\"_self\"\r\n            href=\"https:\/\/auxiliaformacion.es\/ca\/la-fundacio-la-caixa-facilita-fins-al-juliol-la-insercio-laboral-de-1-560-persones-amb-discapacitat-a-catalunya\/\">Continuar<\/a>\r\n        <\/div>\n  <\/div>    <\/div>\n    <div class=\"pagination\">\n      <div class=\"paginate\">\n    <span aria-current=\"page\" class=\"page-numbers current\">1<\/span>\n<a class=\"page-numbers\" href=\"https:\/\/auxiliaformacion.es\/ca\/wp-json\/wp\/v2\/pages\/750\/page\/2\/\">2<\/a>\n<a class=\"page-numbers\" href=\"https:\/\/auxiliaformacion.es\/ca\/wp-json\/wp\/v2\/pages\/750\/page\/3\/\">3<\/a>\n<a class=\"next page-numbers\" href=\"https:\/\/auxiliaformacion.es\/ca\/wp-json\/wp\/v2\/pages\/750\/page\/2\/\">Next \u00bb<\/a>  <\/div>\n  <style type=\"text\/css\">\n    #post-grid-792 .pagination .page-numbers {\n      font-size: 16px;\n      color: #fff;\n      background: #646464;\n    }\n\n    #post-grid-792 .pagination .page-numbers:hover,\n    #post-grid-792 .pagination .page-numbers.current {\n      background: #4b4b4b;\n    }\n  <\/style>\n  <\/div>\n    <style type=\"text\/css\">\r\n        .layout-1128 .element_1620634773016 {\r\n            margin: 10px;\r\n            padding: 10px;\r\n            overflow: hidden;\r\n                    }\r\n\r\n        .layout-1128 .element_1620634773016 img {\r\n            max-width: 100%;\r\n            height: auto;\r\n        }\r\n\r\n        @media only screen and (min-width: 1024px) {\r\n            .layout-1128 .element_1620634773016 {\r\n                height: auto;\r\n                            }\r\n        }\r\n\r\n        @media only screen and (min-width: 768px) and (max-width: 1023px) {\r\n            .layout-1128 .element_1620634773016 {\r\n                height: auto;\r\n                            }\r\n        }\r\n\r\n        @media only screen and (min-width: 0px) and (max-width: 767px) {\r\n            .layout-1128 .element_1620634773016 {\r\n                height: auto;\r\n                            }\r\n        }\r\n    <\/style>\r\n    <style type=\"text\/css\">\r\n        .layout-1128 .element_1620633487933 {\r\n            color: #0070c0;\r\n            font-size: 18px;\r\n            font-family: Montserrat;\r\n            margin: 10px 10px 10px 10px;\r\n            text-align: left;\r\n                    }\r\n\r\n        .layout-1128 .element_1620633487933 a {\r\n            color: #0070c0;\r\n            font-size: 18px;\r\n            font-family: Montserrat;\r\n                    }\r\n    <\/style>\r\n    <style type=\"text\/css\">\r\n        .layout-1128 .element_1620634986702 {\r\n            font-size: 15px;\r\n            margin: 10px 10px 10px 10px;\r\n            text-align: left;\r\n                    }\r\n\r\n        .layout-1128 .element_1620634986702 a {\r\n            font-size: 15px;\r\n                    }\r\n    <\/style>\r\n    <style type=\"text\/css\">\r\n        .layout-1128 .element_1620633501973 {\r\n            color: #0070c0 !important;\r\n            ;\r\n            font-size: 20px;\r\n            margin: 30px 30px ;\r\n            text-align: left;\r\n                    }\r\n\r\n        .layout-1128 .element_1620633501973 a {\r\n            color: #0070c0 !important;\r\n            ;\r\n            font-size: 20px !important;\r\n            ;\r\n                    }\r\n    <\/style>\r\n      <style type=\"text\/css\">\n      \/*Write your CSS code here*\/    <\/style>\n      <script>\n          \/*Write your js code here*\/          <\/script>\n    <style type=\"text\/css\">\n    #post-grid-792 {\n      padding: 10px;\n      background-color: #fff;\n          }\n\n    #post-grid-792 .item {\n      padding: 0px;\n      background: #f1f1f1;\n          }\n\n    #post-grid-792 .item .layer-media {\n      height:auto;    }\n\n    @media only screen and (min-width: 0px) and (max-width: 767px) {\n      #post-grid-792 .grid-items {\n        text-align: center;\n              }\n\n      #post-grid-792 .item {\n        width: 90%;\n        margin: 10px;\n        display: inline-block;\n        vertical-align: top;\n        height:auto;      }\n    }\n\n    @media only screen and (min-width: 768px) and (max-width: 1023px) {\n      #post-grid-792 .grid-items {\n        text-align: center;\n              }\n\n      #post-grid-792 .item {\n        width: 280px;\n        margin: 10px;\n        display: inline-block;\n        vertical-align: top;\n        max-height:auto;      }\n    }\n\n    @media only screen and (min-width: 1024px) {\n      #post-grid-792 .grid-items {\n        text-align: center;\n              }\n\n      #post-grid-792 .item {\n        width: 380px;\n        display: inline-block;\n        margin: 10px;\n        vertical-align: top;\n        height:auto;      }\n    }\n\n      <\/style>\n  <\/div>\n\n<div class=\"gsp_post_data\" \r\n\t            data-post_type=\"page\" \r\n\t            data-cat=\"\" \r\n\t            data-modified=\"120\"\r\n\t            data-created=\"1553168893\"\r\n\t            data-title=\"Not\u00edcies\" \r\n\t            data-home=\"https:\/\/auxiliaformacion.es\/ca\/\"><\/div>","protected":false},"excerpt":{"rendered":"<p>Not\u00edcies<\/p>\n","protected":false},"author":1,"featured_media":0,"parent":731,"menu_order":0,"comment_status":"closed","ping_status":"closed","template":"page-full-width.php","meta":{"footnotes":""},"class_list":["post-750","page","type-page","status-publish","hentry"],"yoast_head":"<!-- This site is optimized with the Yoast SEO plugin v27.1.1 - https:\/\/yoast.com\/product\/yoast-seo-wordpress\/ -->\n<title>Not\u00edcies - Auxilia EAD<\/title>\n<meta name=\"robots\" content=\"index, follow, max-snippet:-1, max-image-preview:large, max-video-preview:-1\" \/>\n<link rel=\"canonical\" href=\"https:\/\/auxiliaformacion.es\/ca\/qui-som\/noticies\/\" \/>\n<meta property=\"og:locale\" content=\"ca_ES\" \/>\n<meta property=\"og:type\" content=\"article\" \/>\n<meta property=\"og:title\" content=\"Not\u00edcies - Auxilia EAD\" \/>\n<meta property=\"og:description\" content=\"Not\u00edcies\" \/>\n<meta property=\"og:url\" content=\"https:\/\/auxiliaformacion.es\/ca\/qui-som\/noticies\/\" \/>\n<meta property=\"og:site_name\" content=\"Auxilia EAD\" \/>\n<meta property=\"article:modified_time\" content=\"2019-03-22T09:19:45+00:00\" \/>\n<meta name=\"twitter:card\" content=\"summary_large_image\" \/>\n<script type=\"application\/ld+json\" class=\"yoast-schema-graph\">{\"@context\":\"https:\/\/schema.org\",\"@graph\":[{\"@type\":\"WebPage\",\"@id\":\"https:\/\/auxiliaformacion.es\/ca\/qui-som\/noticies\/\",\"url\":\"https:\/\/auxiliaformacion.es\/ca\/qui-som\/noticies\/\",\"name\":\"Not\u00edcies - Auxilia EAD\",\"isPartOf\":{\"@id\":\"https:\/\/auxiliaformacion.es\/ca\/#website\"},\"datePublished\":\"2019-03-21T11:48:13+00:00\",\"dateModified\":\"2019-03-22T09:19:45+00:00\",\"breadcrumb\":{\"@id\":\"https:\/\/auxiliaformacion.es\/ca\/qui-som\/noticies\/#breadcrumb\"},\"inLanguage\":\"ca\",\"potentialAction\":[{\"@type\":\"ReadAction\",\"target\":[\"https:\/\/auxiliaformacion.es\/ca\/qui-som\/noticies\/\"]}]},{\"@type\":\"BreadcrumbList\",\"@id\":\"https:\/\/auxiliaformacion.es\/ca\/qui-som\/noticies\/#breadcrumb\",\"itemListElement\":[{\"@type\":\"ListItem\",\"position\":1,\"name\":\"Portada\",\"item\":\"https:\/\/auxiliaformacion.es\/ca\/\"},{\"@type\":\"ListItem\",\"position\":2,\"name\":\"Qui som\",\"item\":\"https:\/\/auxiliaformacion.es\/ca\/qui-som\/\"},{\"@type\":\"ListItem\",\"position\":3,\"name\":\"Not\u00edcies\"}]},{\"@type\":\"WebSite\",\"@id\":\"https:\/\/auxiliaformacion.es\/ca\/#website\",\"url\":\"https:\/\/auxiliaformacion.es\/ca\/\",\"name\":\"Auxilia EAD\",\"description\":\"\",\"publisher\":{\"@id\":\"https:\/\/auxiliaformacion.es\/ca\/#organization\"},\"potentialAction\":[{\"@type\":\"SearchAction\",\"target\":{\"@type\":\"EntryPoint\",\"urlTemplate\":\"https:\/\/auxiliaformacion.es\/ca\/?s={search_term_string}\"},\"query-input\":{\"@type\":\"PropertyValueSpecification\",\"valueRequired\":true,\"valueName\":\"search_term_string\"}}],\"inLanguage\":\"ca\"},{\"@type\":\"Organization\",\"@id\":\"https:\/\/auxiliaformacion.es\/ca\/#organization\",\"name\":\"Auxilia Educaci\u00f3n a Distancia\",\"url\":\"https:\/\/auxiliaformacion.es\/ca\/\",\"logo\":{\"@type\":\"ImageObject\",\"inLanguage\":\"ca\",\"@id\":\"https:\/\/auxiliaformacion.es\/ca\/#\/schema\/logo\/image\/\",\"url\":\"https:\/\/auxiliaformacion.es\/wp-content\/uploads\/2019\/02\/Auxilia-Ensenanaza-a-distancia-logo.png\",\"contentUrl\":\"https:\/\/auxiliaformacion.es\/wp-content\/uploads\/2019\/02\/Auxilia-Ensenanaza-a-distancia-logo.png\",\"width\":1000,\"height\":141,\"caption\":\"Auxilia Educaci\u00f3n a Distancia\"},\"image\":{\"@id\":\"https:\/\/auxiliaformacion.es\/ca\/#\/schema\/logo\/image\/\"}}]}<\/script>\n<!-- \/ Yoast SEO plugin. -->","yoast_head_json":{"title":"Not\u00edcies - Auxilia EAD","robots":{"index":"index","follow":"follow","max-snippet":"max-snippet:-1","max-image-preview":"max-image-preview:large","max-video-preview":"max-video-preview:-1"},"canonical":"https:\/\/auxiliaformacion.es\/ca\/qui-som\/noticies\/","og_locale":"ca_ES","og_type":"article","og_title":"Not\u00edcies - Auxilia EAD","og_description":"Not\u00edcies","og_url":"https:\/\/auxiliaformacion.es\/ca\/qui-som\/noticies\/","og_site_name":"Auxilia EAD","article_modified_time":"2019-03-22T09:19:45+00:00","twitter_card":"summary_large_image","schema":{"@context":"https:\/\/schema.org","@graph":[{"@type":"WebPage","@id":"https:\/\/auxiliaformacion.es\/ca\/qui-som\/noticies\/","url":"https:\/\/auxiliaformacion.es\/ca\/qui-som\/noticies\/","name":"Not\u00edcies - Auxilia EAD","isPartOf":{"@id":"https:\/\/auxiliaformacion.es\/ca\/#website"},"datePublished":"2019-03-21T11:48:13+00:00","dateModified":"2019-03-22T09:19:45+00:00","breadcrumb":{"@id":"https:\/\/auxiliaformacion.es\/ca\/qui-som\/noticies\/#breadcrumb"},"inLanguage":"ca","potentialAction":[{"@type":"ReadAction","target":["https:\/\/auxiliaformacion.es\/ca\/qui-som\/noticies\/"]}]},{"@type":"BreadcrumbList","@id":"https:\/\/auxiliaformacion.es\/ca\/qui-som\/noticies\/#breadcrumb","itemListElement":[{"@type":"ListItem","position":1,"name":"Portada","item":"https:\/\/auxiliaformacion.es\/ca\/"},{"@type":"ListItem","position":2,"name":"Qui som","item":"https:\/\/auxiliaformacion.es\/ca\/qui-som\/"},{"@type":"ListItem","position":3,"name":"Not\u00edcies"}]},{"@type":"WebSite","@id":"https:\/\/auxiliaformacion.es\/ca\/#website","url":"https:\/\/auxiliaformacion.es\/ca\/","name":"Auxilia EAD","description":"","publisher":{"@id":"https:\/\/auxiliaformacion.es\/ca\/#organization"},"potentialAction":[{"@type":"SearchAction","target":{"@type":"EntryPoint","urlTemplate":"https:\/\/auxiliaformacion.es\/ca\/?s={search_term_string}"},"query-input":{"@type":"PropertyValueSpecification","valueRequired":true,"valueName":"search_term_string"}}],"inLanguage":"ca"},{"@type":"Organization","@id":"https:\/\/auxiliaformacion.es\/ca\/#organization","name":"Auxilia Educaci\u00f3n a Distancia","url":"https:\/\/auxiliaformacion.es\/ca\/","logo":{"@type":"ImageObject","inLanguage":"ca","@id":"https:\/\/auxiliaformacion.es\/ca\/#\/schema\/logo\/image\/","url":"https:\/\/auxiliaformacion.es\/wp-content\/uploads\/2019\/02\/Auxilia-Ensenanaza-a-distancia-logo.png","contentUrl":"https:\/\/auxiliaformacion.es\/wp-content\/uploads\/2019\/02\/Auxilia-Ensenanaza-a-distancia-logo.png","width":1000,"height":141,"caption":"Auxilia Educaci\u00f3n a Distancia"},"image":{"@id":"https:\/\/auxiliaformacion.es\/ca\/#\/schema\/logo\/image\/"}}]}},"_links":{"self":[{"href":"https:\/\/auxiliaformacion.es\/ca\/wp-json\/wp\/v2\/pages\/750","targetHints":{"allow":["GET"]}}],"collection":[{"href":"https:\/\/auxiliaformacion.es\/ca\/wp-json\/wp\/v2\/pages"}],"about":[{"href":"https:\/\/auxiliaformacion.es\/ca\/wp-json\/wp\/v2\/types\/page"}],"author":[{"embeddable":true,"href":"https:\/\/auxiliaformacion.es\/ca\/wp-json\/wp\/v2\/users\/1"}],"replies":[{"embeddable":true,"href":"https:\/\/auxiliaformacion.es\/ca\/wp-json\/wp\/v2\/comments?post=750"}],"version-history":[{"count":0,"href":"https:\/\/auxiliaformacion.es\/ca\/wp-json\/wp\/v2\/pages\/750\/revisions"}],"up":[{"embeddable":true,"href":"https:\/\/auxiliaformacion.es\/ca\/wp-json\/wp\/v2\/pages\/731"}],"wp:attachment":[{"href":"https:\/\/auxiliaformacion.es\/ca\/wp-json\/wp\/v2\/media?parent=750"}],"curies":[{"name":"wp","href":"https:\/\/api.w.org\/{rel}","templated":true}]}}