{"id":746,"date":"2019-03-21T11:46:54","date_gmt":"2019-03-21T11:46:54","guid":{"rendered":"https:\/\/auxiliaformacion.es\/?page_id=746"},"modified":"2019-03-21T11:46:54","modified_gmt":"2019-03-21T11:46:54","slug":"missatge-del-president-dauxilia","status":"publish","type":"page","link":"https:\/\/auxiliaformacion.es\/ca\/qui-som\/missatge-del-president-dauxilia\/","title":{"rendered":"Missatge del president d\u2019Auxilia"},"content":{"rendered":"<div class='clearfix'><div class='fourth'>\n<p>&nbsp;<\/p>\n<\/div><div class='half'>\n<p>&nbsp;<\/p>\n<p><img loading=\"lazy\" decoding=\"async\" class=\"aligncenter\" src=\"https:\/\/auxiliaformacion.es\/wp-content\/uploads\/2019\/03\/Fountain-pen.jpg\" alt=\"\" width=\"666\" height=\"85\" \/><\/p>\n<h1 style=\"text-align: center;\">Missatge del president d\u2019Auxilia<\/h1>\n<h3 style=\"text-align: center;\">Amb motiu del llan\u00e7ament de la nova Web d&#8217;Ensenyament a Dist\u00e0ncia d&#8217;Auxilia, el nostre President Miguel Soriano ens ha fet arribar aquest missatge:<\/h3>\n<p>&nbsp;<\/p>\n<\/div><div class='fourth last'>\n<p>&nbsp;<\/p>\n<\/div><\/div>\n<div class='message f1box'>\n<p>Si hi ha alguna cosa que es mant\u00e9 inalterable en AUXILIA des de la seva creaci\u00f3 a Fran\u00e7a en 1926 i per iniciativa de Marguerite Rivard, \u00e9s la profunda convicci\u00f3 que, tan sols des d&#8217;una formaci\u00f3 adequada i tendent a la inclusi\u00f3 plena en la societat, es pot aconseguir que les persones amb discapacitat o les malaltes de llarga evoluci\u00f3 puguin millorar les seves expectatives vitals, la seva autoestima, la seva qualitat de vida, la seva autonomia.<\/p>\n<p>A Espanya, en 1952, a Barcelona i gr\u00e0cies al matrimoni DEFFONTAINES, es va generar l&#8217;embri\u00f3 de l&#8217;ensenyament mitjan\u00e7ant un curs de franc\u00e8s. Des d&#8217;aquests inicis i amb el transcurs dels anys, la seva metodologia i \u00e0rees d&#8217;actuaci\u00f3 s&#8217;han incrementat i diversificat, adequant-se a les demandes de l&#8217;alumnat i a les millores tecnol\u00f2giques implantades.<\/p>\n<p>L&#8217;Ensenyament a Dist\u00e0ncia \u00e9s doncs, un dels pilars fonamentals d&#8217;Auxilia, permetent apropar m\u00faltiples mat\u00e8ries d&#8217;estudi al domicili de les persones usu\u00e0ries, tant per a una formaci\u00f3 normalitzada com per a la millora dels seus coneixements culturals.<\/p>\n<p>Les relacions que s&#8217;entaulen mitjan\u00e7ant aquest m\u00e8tode d&#8217;ensenyament entre l&#8217;alumnat i el professorat voluntari, no es limiten solament a l&#8217;\u00e0mbit formatiu, sin\u00f3 que van m\u00e9s enll\u00e0: es procura fomentar el millor coneixement personal d&#8217;aquest col\u2022lectiu de persones amb discapacitat i amb aix\u00f2 abastar aspectes de la seva atenci\u00f3 integral, amb la qual cosa s&#8217;aconsegueixen en la nostra labor cotes m\u00e9s efectives.<\/p>\n<p>Indubtablement res seria possible sense els voluntaris i volunt\u00e0ries d&#8217;ensenyament que ofereixen altruistament a favor de la cultura de les persones a les quals atenen, tant els seus coneixements, com una amistat sincera i propera que va m\u00e9s enll\u00e0 del seu comprom\u00eds docent.<\/p>\n<p>Per aquesta encomiable labor desitgem felicitar-los i esperem que aquesta Web, integrada amb les de la resta d&#8217;Auxilia, pugui servir de projecci\u00f3 d&#8217;aquesta irrenunciable activitat que promou des de la nostra entitat, la Coordinaci\u00f3 d&#8217;Ensenyament a Dist\u00e0ncia.<\/p>\n<p><img decoding=\"async\" src=\"https:\/\/auxiliaformacion.es\/wp-content\/uploads\/2019\/03\/Signature-pos.png\" alt=\"\" width=\"200px\" \/><br \/>\n<strong>Miguel Soriano S\u00e1nchez<\/strong><br \/>\n<strong>President <a style=\"text-decoration: none;\" href=\"https:\/\/auxilia.es\/\" target=\"blank_\" rel=\"noopener noreferrer\">d&#8217;Auxilia<\/a><\/strong><\/p>\n<\/div>\n<p>&nbsp;<\/p>\n<div class=\"gsp_post_data\" \r\n\t            data-post_type=\"page\" \r\n\t            data-cat=\"\" \r\n\t            data-modified=\"120\"\r\n\t            data-created=\"1553168814\"\r\n\t            data-title=\"Missatge del president d\u2019Auxilia\" \r\n\t            data-home=\"https:\/\/auxiliaformacion.es\/ca\/\"><\/div>","protected":false},"excerpt":{"rendered":"<p>&nbsp;<\/p>\n","protected":false},"author":1,"featured_media":0,"parent":731,"menu_order":0,"comment_status":"closed","ping_status":"closed","template":"page-full-width.php","meta":{"footnotes":""},"class_list":["post-746","page","type-page","status-publish","hentry"],"yoast_head":"<!-- This site is optimized with the Yoast SEO plugin v27.1.1 - https:\/\/yoast.com\/product\/yoast-seo-wordpress\/ -->\n<title>Missatge del president d\u2019Auxilia - Auxilia EAD<\/title>\n<meta name=\"robots\" content=\"index, follow, max-snippet:-1, max-image-preview:large, max-video-preview:-1\" \/>\n<link rel=\"canonical\" href=\"https:\/\/auxiliaformacion.es\/ca\/qui-som\/missatge-del-president-dauxilia\/\" \/>\n<meta property=\"og:locale\" content=\"ca_ES\" \/>\n<meta property=\"og:type\" content=\"article\" \/>\n<meta property=\"og:title\" content=\"Missatge del president d\u2019Auxilia - Auxilia EAD\" \/>\n<meta property=\"og:description\" content=\"&nbsp;\" \/>\n<meta property=\"og:url\" content=\"https:\/\/auxiliaformacion.es\/ca\/qui-som\/missatge-del-president-dauxilia\/\" \/>\n<meta property=\"og:site_name\" content=\"Auxilia EAD\" \/>\n<meta property=\"og:image\" content=\"https:\/\/auxiliaformacion.es\/wp-content\/uploads\/2019\/03\/Fountain-pen.jpg\" \/>\n<meta name=\"twitter:card\" content=\"summary_large_image\" \/>\n<meta name=\"twitter:label1\" content=\"Temps estimat de lectura\" \/>\n\t<meta name=\"twitter:data1\" content=\"2 minuts\" \/>\n<script type=\"application\/ld+json\" class=\"yoast-schema-graph\">{\"@context\":\"https:\/\/schema.org\",\"@graph\":[{\"@type\":\"WebPage\",\"@id\":\"https:\/\/auxiliaformacion.es\/ca\/qui-som\/missatge-del-president-dauxilia\/\",\"url\":\"https:\/\/auxiliaformacion.es\/ca\/qui-som\/missatge-del-president-dauxilia\/\",\"name\":\"Missatge del president d\u2019Auxilia - Auxilia EAD\",\"isPartOf\":{\"@id\":\"https:\/\/auxiliaformacion.es\/ca\/#website\"},\"primaryImageOfPage\":{\"@id\":\"https:\/\/auxiliaformacion.es\/ca\/qui-som\/missatge-del-president-dauxilia\/#primaryimage\"},\"image\":{\"@id\":\"https:\/\/auxiliaformacion.es\/ca\/qui-som\/missatge-del-president-dauxilia\/#primaryimage\"},\"thumbnailUrl\":\"https:\/\/auxiliaformacion.es\/wp-content\/uploads\/2019\/03\/Fountain-pen.jpg\",\"datePublished\":\"2019-03-21T11:46:54+00:00\",\"breadcrumb\":{\"@id\":\"https:\/\/auxiliaformacion.es\/ca\/qui-som\/missatge-del-president-dauxilia\/#breadcrumb\"},\"inLanguage\":\"ca\",\"potentialAction\":[{\"@type\":\"ReadAction\",\"target\":[\"https:\/\/auxiliaformacion.es\/ca\/qui-som\/missatge-del-president-dauxilia\/\"]}]},{\"@type\":\"ImageObject\",\"inLanguage\":\"ca\",\"@id\":\"https:\/\/auxiliaformacion.es\/ca\/qui-som\/missatge-del-president-dauxilia\/#primaryimage\",\"url\":\"https:\/\/auxiliaformacion.es\/wp-content\/uploads\/2019\/03\/Fountain-pen.jpg\",\"contentUrl\":\"https:\/\/auxiliaformacion.es\/wp-content\/uploads\/2019\/03\/Fountain-pen.jpg\"},{\"@type\":\"BreadcrumbList\",\"@id\":\"https:\/\/auxiliaformacion.es\/ca\/qui-som\/missatge-del-president-dauxilia\/#breadcrumb\",\"itemListElement\":[{\"@type\":\"ListItem\",\"position\":1,\"name\":\"Portada\",\"item\":\"https:\/\/auxiliaformacion.es\/ca\/\"},{\"@type\":\"ListItem\",\"position\":2,\"name\":\"Qui som\",\"item\":\"https:\/\/auxiliaformacion.es\/ca\/qui-som\/\"},{\"@type\":\"ListItem\",\"position\":3,\"name\":\"Missatge del president d\u2019Auxilia\"}]},{\"@type\":\"WebSite\",\"@id\":\"https:\/\/auxiliaformacion.es\/ca\/#website\",\"url\":\"https:\/\/auxiliaformacion.es\/ca\/\",\"name\":\"Auxilia EAD\",\"description\":\"\",\"publisher\":{\"@id\":\"https:\/\/auxiliaformacion.es\/ca\/#organization\"},\"potentialAction\":[{\"@type\":\"SearchAction\",\"target\":{\"@type\":\"EntryPoint\",\"urlTemplate\":\"https:\/\/auxiliaformacion.es\/ca\/?s={search_term_string}\"},\"query-input\":{\"@type\":\"PropertyValueSpecification\",\"valueRequired\":true,\"valueName\":\"search_term_string\"}}],\"inLanguage\":\"ca\"},{\"@type\":\"Organization\",\"@id\":\"https:\/\/auxiliaformacion.es\/ca\/#organization\",\"name\":\"Auxilia Educaci\u00f3n a Distancia\",\"url\":\"https:\/\/auxiliaformacion.es\/ca\/\",\"logo\":{\"@type\":\"ImageObject\",\"inLanguage\":\"ca\",\"@id\":\"https:\/\/auxiliaformacion.es\/ca\/#\/schema\/logo\/image\/\",\"url\":\"https:\/\/auxiliaformacion.es\/wp-content\/uploads\/2019\/02\/Auxilia-Ensenanaza-a-distancia-logo.png\",\"contentUrl\":\"https:\/\/auxiliaformacion.es\/wp-content\/uploads\/2019\/02\/Auxilia-Ensenanaza-a-distancia-logo.png\",\"width\":1000,\"height\":141,\"caption\":\"Auxilia Educaci\u00f3n a Distancia\"},\"image\":{\"@id\":\"https:\/\/auxiliaformacion.es\/ca\/#\/schema\/logo\/image\/\"}}]}<\/script>\n<!-- \/ Yoast SEO plugin. -->","yoast_head_json":{"title":"Missatge del president d\u2019Auxilia - Auxilia EAD","robots":{"index":"index","follow":"follow","max-snippet":"max-snippet:-1","max-image-preview":"max-image-preview:large","max-video-preview":"max-video-preview:-1"},"canonical":"https:\/\/auxiliaformacion.es\/ca\/qui-som\/missatge-del-president-dauxilia\/","og_locale":"ca_ES","og_type":"article","og_title":"Missatge del president d\u2019Auxilia - Auxilia EAD","og_description":"&nbsp;","og_url":"https:\/\/auxiliaformacion.es\/ca\/qui-som\/missatge-del-president-dauxilia\/","og_site_name":"Auxilia EAD","og_image":[{"url":"https:\/\/auxiliaformacion.es\/wp-content\/uploads\/2019\/03\/Fountain-pen.jpg","type":"","width":"","height":""}],"twitter_card":"summary_large_image","twitter_misc":{"Temps estimat de lectura":"2 minuts"},"schema":{"@context":"https:\/\/schema.org","@graph":[{"@type":"WebPage","@id":"https:\/\/auxiliaformacion.es\/ca\/qui-som\/missatge-del-president-dauxilia\/","url":"https:\/\/auxiliaformacion.es\/ca\/qui-som\/missatge-del-president-dauxilia\/","name":"Missatge del president d\u2019Auxilia - Auxilia EAD","isPartOf":{"@id":"https:\/\/auxiliaformacion.es\/ca\/#website"},"primaryImageOfPage":{"@id":"https:\/\/auxiliaformacion.es\/ca\/qui-som\/missatge-del-president-dauxilia\/#primaryimage"},"image":{"@id":"https:\/\/auxiliaformacion.es\/ca\/qui-som\/missatge-del-president-dauxilia\/#primaryimage"},"thumbnailUrl":"https:\/\/auxiliaformacion.es\/wp-content\/uploads\/2019\/03\/Fountain-pen.jpg","datePublished":"2019-03-21T11:46:54+00:00","breadcrumb":{"@id":"https:\/\/auxiliaformacion.es\/ca\/qui-som\/missatge-del-president-dauxilia\/#breadcrumb"},"inLanguage":"ca","potentialAction":[{"@type":"ReadAction","target":["https:\/\/auxiliaformacion.es\/ca\/qui-som\/missatge-del-president-dauxilia\/"]}]},{"@type":"ImageObject","inLanguage":"ca","@id":"https:\/\/auxiliaformacion.es\/ca\/qui-som\/missatge-del-president-dauxilia\/#primaryimage","url":"https:\/\/auxiliaformacion.es\/wp-content\/uploads\/2019\/03\/Fountain-pen.jpg","contentUrl":"https:\/\/auxiliaformacion.es\/wp-content\/uploads\/2019\/03\/Fountain-pen.jpg"},{"@type":"BreadcrumbList","@id":"https:\/\/auxiliaformacion.es\/ca\/qui-som\/missatge-del-president-dauxilia\/#breadcrumb","itemListElement":[{"@type":"ListItem","position":1,"name":"Portada","item":"https:\/\/auxiliaformacion.es\/ca\/"},{"@type":"ListItem","position":2,"name":"Qui som","item":"https:\/\/auxiliaformacion.es\/ca\/qui-som\/"},{"@type":"ListItem","position":3,"name":"Missatge del president d\u2019Auxilia"}]},{"@type":"WebSite","@id":"https:\/\/auxiliaformacion.es\/ca\/#website","url":"https:\/\/auxiliaformacion.es\/ca\/","name":"Auxilia EAD","description":"","publisher":{"@id":"https:\/\/auxiliaformacion.es\/ca\/#organization"},"potentialAction":[{"@type":"SearchAction","target":{"@type":"EntryPoint","urlTemplate":"https:\/\/auxiliaformacion.es\/ca\/?s={search_term_string}"},"query-input":{"@type":"PropertyValueSpecification","valueRequired":true,"valueName":"search_term_string"}}],"inLanguage":"ca"},{"@type":"Organization","@id":"https:\/\/auxiliaformacion.es\/ca\/#organization","name":"Auxilia Educaci\u00f3n a Distancia","url":"https:\/\/auxiliaformacion.es\/ca\/","logo":{"@type":"ImageObject","inLanguage":"ca","@id":"https:\/\/auxiliaformacion.es\/ca\/#\/schema\/logo\/image\/","url":"https:\/\/auxiliaformacion.es\/wp-content\/uploads\/2019\/02\/Auxilia-Ensenanaza-a-distancia-logo.png","contentUrl":"https:\/\/auxiliaformacion.es\/wp-content\/uploads\/2019\/02\/Auxilia-Ensenanaza-a-distancia-logo.png","width":1000,"height":141,"caption":"Auxilia Educaci\u00f3n a Distancia"},"image":{"@id":"https:\/\/auxiliaformacion.es\/ca\/#\/schema\/logo\/image\/"}}]}},"_links":{"self":[{"href":"https:\/\/auxiliaformacion.es\/ca\/wp-json\/wp\/v2\/pages\/746","targetHints":{"allow":["GET"]}}],"collection":[{"href":"https:\/\/auxiliaformacion.es\/ca\/wp-json\/wp\/v2\/pages"}],"about":[{"href":"https:\/\/auxiliaformacion.es\/ca\/wp-json\/wp\/v2\/types\/page"}],"author":[{"embeddable":true,"href":"https:\/\/auxiliaformacion.es\/ca\/wp-json\/wp\/v2\/users\/1"}],"replies":[{"embeddable":true,"href":"https:\/\/auxiliaformacion.es\/ca\/wp-json\/wp\/v2\/comments?post=746"}],"version-history":[{"count":0,"href":"https:\/\/auxiliaformacion.es\/ca\/wp-json\/wp\/v2\/pages\/746\/revisions"}],"up":[{"embeddable":true,"href":"https:\/\/auxiliaformacion.es\/ca\/wp-json\/wp\/v2\/pages\/731"}],"wp:attachment":[{"href":"https:\/\/auxiliaformacion.es\/ca\/wp-json\/wp\/v2\/media?parent=746"}],"curies":[{"name":"wp","href":"https:\/\/api.w.org\/{rel}","templated":true}]}}