{"id":743,"date":"2019-03-21T11:41:10","date_gmt":"2019-03-21T11:41:10","guid":{"rendered":"https:\/\/auxiliaformacion.es\/?page_id=743"},"modified":"2019-03-21T11:42:03","modified_gmt":"2019-03-21T11:42:03","slug":"codi-etic","status":"publish","type":"page","link":"https:\/\/auxiliaformacion.es\/ca\/qui-som\/codi-etic\/","title":{"rendered":"Codi \u00e8tic"},"content":{"rendered":"<h1 style=\"text-align: center;\">Codi \u00e8tic<\/h1>\n<hr \/>\n<p>El Codi \u00c8tic de l&#8217;Associaci\u00f3, estableix els est\u00e0ndards de conducta personal i professional que han de complir els membres de l&#8217;associaci\u00f3.<\/p>\n<p>Al Igual que en la resta de les delegacions nacionals de EFPA, en EFPA Espanya s&#8217;estableix un Comit\u00e8 Deontol\u00f2gic que s&#8217;encarrega d&#8217;avaluar aquells casos d&#8217;incompliment del Codi \u00c8tic i altres casos en qu\u00e8 es q\u00fcestioni la conducta dels membres de l&#8217;Associaci\u00f3.<\/p>\n<p>L&#8217;Associaci\u00f3 vetlla perqu\u00e8 tots els seus membres compleixen els est\u00e0ndards esmentats en el codi \u00c8tic, per aix\u00ed millorar l&#8217;opini\u00f3 que tenen els clients, el sector de serveis financers i el p\u00fablic en general.<\/p>\n<p>Auxilia Ensenyament a Dist\u00e0ncia est\u00e0 adherida, des de maig del 2003 , al Codi \u00c8tic i consta entre la relaci\u00f3 d&#8217;Associacions que compleixen els requisits exigits.<\/p>\n<p>Codi \u00e8tic i de conducta per les ONG<\/p>\n<p>&nbsp;<\/p>\n<div class=\"gsp_post_data\" \r\n\t            data-post_type=\"page\" \r\n\t            data-cat=\"\" \r\n\t            data-modified=\"120\"\r\n\t            data-created=\"1553168470\"\r\n\t            data-title=\"Codi \u00e8tic\" \r\n\t            data-home=\"https:\/\/auxiliaformacion.es\/ca\/\"><\/div>","protected":false},"excerpt":{"rendered":"<p>Codi \u00e8tic El Codi \u00c8tic de l&#8217;Associaci\u00f3, estableix els est\u00e0ndards de conducta personal i professional que han de complir els membres de l&#8217;associaci\u00f3. Al Igual que en la resta de les delegacions nacionals de EFPA, en EFPA Espanya s&#8217;estableix un Comit\u00e8 Deontol\u00f2gic que s&#8217;encarrega d&#8217;avaluar aquells casos d&#8217;incompliment del Codi \u00c8tic i altres casos en [&hellip;]<\/p>\n","protected":false},"author":1,"featured_media":0,"parent":731,"menu_order":0,"comment_status":"closed","ping_status":"closed","template":"page-full-width.php","meta":{"footnotes":""},"class_list":["post-743","page","type-page","status-publish","hentry"],"yoast_head":"<!-- This site is optimized with the Yoast SEO plugin v27.1.1 - https:\/\/yoast.com\/product\/yoast-seo-wordpress\/ -->\n<title>Codi \u00e8tic - Auxilia EAD<\/title>\n<meta name=\"robots\" content=\"index, follow, max-snippet:-1, max-image-preview:large, max-video-preview:-1\" \/>\n<link rel=\"canonical\" href=\"https:\/\/auxiliaformacion.es\/ca\/qui-som\/codi-etic\/\" \/>\n<meta property=\"og:locale\" content=\"ca_ES\" \/>\n<meta property=\"og:type\" content=\"article\" \/>\n<meta property=\"og:title\" content=\"Codi \u00e8tic - Auxilia EAD\" \/>\n<meta property=\"og:description\" content=\"Codi \u00e8tic El Codi \u00c8tic de l&#8217;Associaci\u00f3, estableix els est\u00e0ndards de conducta personal i professional que han de complir els membres de l&#8217;associaci\u00f3. Al Igual que en la resta de les delegacions nacionals de EFPA, en EFPA Espanya s&#8217;estableix un Comit\u00e8 Deontol\u00f2gic que s&#8217;encarrega d&#8217;avaluar aquells casos d&#8217;incompliment del Codi \u00c8tic i altres casos en [&hellip;]\" \/>\n<meta property=\"og:url\" content=\"https:\/\/auxiliaformacion.es\/ca\/qui-som\/codi-etic\/\" \/>\n<meta property=\"og:site_name\" content=\"Auxilia EAD\" \/>\n<meta property=\"article:modified_time\" content=\"2019-03-21T11:42:03+00:00\" \/>\n<meta name=\"twitter:card\" content=\"summary_large_image\" \/>\n<meta name=\"twitter:label1\" content=\"Temps estimat de lectura\" \/>\n\t<meta name=\"twitter:data1\" content=\"1 minut\" \/>\n<script type=\"application\/ld+json\" class=\"yoast-schema-graph\">{\"@context\":\"https:\/\/schema.org\",\"@graph\":[{\"@type\":\"WebPage\",\"@id\":\"https:\/\/auxiliaformacion.es\/ca\/qui-som\/codi-etic\/\",\"url\":\"https:\/\/auxiliaformacion.es\/ca\/qui-som\/codi-etic\/\",\"name\":\"Codi \u00e8tic - Auxilia EAD\",\"isPartOf\":{\"@id\":\"https:\/\/auxiliaformacion.es\/ca\/#website\"},\"datePublished\":\"2019-03-21T11:41:10+00:00\",\"dateModified\":\"2019-03-21T11:42:03+00:00\",\"breadcrumb\":{\"@id\":\"https:\/\/auxiliaformacion.es\/ca\/qui-som\/codi-etic\/#breadcrumb\"},\"inLanguage\":\"ca\",\"potentialAction\":[{\"@type\":\"ReadAction\",\"target\":[\"https:\/\/auxiliaformacion.es\/ca\/qui-som\/codi-etic\/\"]}]},{\"@type\":\"BreadcrumbList\",\"@id\":\"https:\/\/auxiliaformacion.es\/ca\/qui-som\/codi-etic\/#breadcrumb\",\"itemListElement\":[{\"@type\":\"ListItem\",\"position\":1,\"name\":\"Portada\",\"item\":\"https:\/\/auxiliaformacion.es\/ca\/\"},{\"@type\":\"ListItem\",\"position\":2,\"name\":\"Qui som\",\"item\":\"https:\/\/auxiliaformacion.es\/ca\/qui-som\/\"},{\"@type\":\"ListItem\",\"position\":3,\"name\":\"Codi \u00e8tic\"}]},{\"@type\":\"WebSite\",\"@id\":\"https:\/\/auxiliaformacion.es\/ca\/#website\",\"url\":\"https:\/\/auxiliaformacion.es\/ca\/\",\"name\":\"Auxilia EAD\",\"description\":\"\",\"publisher\":{\"@id\":\"https:\/\/auxiliaformacion.es\/ca\/#organization\"},\"potentialAction\":[{\"@type\":\"SearchAction\",\"target\":{\"@type\":\"EntryPoint\",\"urlTemplate\":\"https:\/\/auxiliaformacion.es\/ca\/?s={search_term_string}\"},\"query-input\":{\"@type\":\"PropertyValueSpecification\",\"valueRequired\":true,\"valueName\":\"search_term_string\"}}],\"inLanguage\":\"ca\"},{\"@type\":\"Organization\",\"@id\":\"https:\/\/auxiliaformacion.es\/ca\/#organization\",\"name\":\"Auxilia Educaci\u00f3n a Distancia\",\"url\":\"https:\/\/auxiliaformacion.es\/ca\/\",\"logo\":{\"@type\":\"ImageObject\",\"inLanguage\":\"ca\",\"@id\":\"https:\/\/auxiliaformacion.es\/ca\/#\/schema\/logo\/image\/\",\"url\":\"https:\/\/auxiliaformacion.es\/wp-content\/uploads\/2019\/02\/Auxilia-Ensenanaza-a-distancia-logo.png\",\"contentUrl\":\"https:\/\/auxiliaformacion.es\/wp-content\/uploads\/2019\/02\/Auxilia-Ensenanaza-a-distancia-logo.png\",\"width\":1000,\"height\":141,\"caption\":\"Auxilia Educaci\u00f3n a Distancia\"},\"image\":{\"@id\":\"https:\/\/auxiliaformacion.es\/ca\/#\/schema\/logo\/image\/\"}}]}<\/script>\n<!-- \/ Yoast SEO plugin. -->","yoast_head_json":{"title":"Codi \u00e8tic - Auxilia EAD","robots":{"index":"index","follow":"follow","max-snippet":"max-snippet:-1","max-image-preview":"max-image-preview:large","max-video-preview":"max-video-preview:-1"},"canonical":"https:\/\/auxiliaformacion.es\/ca\/qui-som\/codi-etic\/","og_locale":"ca_ES","og_type":"article","og_title":"Codi \u00e8tic - Auxilia EAD","og_description":"Codi \u00e8tic El Codi \u00c8tic de l&#8217;Associaci\u00f3, estableix els est\u00e0ndards de conducta personal i professional que han de complir els membres de l&#8217;associaci\u00f3. Al Igual que en la resta de les delegacions nacionals de EFPA, en EFPA Espanya s&#8217;estableix un Comit\u00e8 Deontol\u00f2gic que s&#8217;encarrega d&#8217;avaluar aquells casos d&#8217;incompliment del Codi \u00c8tic i altres casos en [&hellip;]","og_url":"https:\/\/auxiliaformacion.es\/ca\/qui-som\/codi-etic\/","og_site_name":"Auxilia EAD","article_modified_time":"2019-03-21T11:42:03+00:00","twitter_card":"summary_large_image","twitter_misc":{"Temps estimat de lectura":"1 minut"},"schema":{"@context":"https:\/\/schema.org","@graph":[{"@type":"WebPage","@id":"https:\/\/auxiliaformacion.es\/ca\/qui-som\/codi-etic\/","url":"https:\/\/auxiliaformacion.es\/ca\/qui-som\/codi-etic\/","name":"Codi \u00e8tic - Auxilia EAD","isPartOf":{"@id":"https:\/\/auxiliaformacion.es\/ca\/#website"},"datePublished":"2019-03-21T11:41:10+00:00","dateModified":"2019-03-21T11:42:03+00:00","breadcrumb":{"@id":"https:\/\/auxiliaformacion.es\/ca\/qui-som\/codi-etic\/#breadcrumb"},"inLanguage":"ca","potentialAction":[{"@type":"ReadAction","target":["https:\/\/auxiliaformacion.es\/ca\/qui-som\/codi-etic\/"]}]},{"@type":"BreadcrumbList","@id":"https:\/\/auxiliaformacion.es\/ca\/qui-som\/codi-etic\/#breadcrumb","itemListElement":[{"@type":"ListItem","position":1,"name":"Portada","item":"https:\/\/auxiliaformacion.es\/ca\/"},{"@type":"ListItem","position":2,"name":"Qui som","item":"https:\/\/auxiliaformacion.es\/ca\/qui-som\/"},{"@type":"ListItem","position":3,"name":"Codi \u00e8tic"}]},{"@type":"WebSite","@id":"https:\/\/auxiliaformacion.es\/ca\/#website","url":"https:\/\/auxiliaformacion.es\/ca\/","name":"Auxilia EAD","description":"","publisher":{"@id":"https:\/\/auxiliaformacion.es\/ca\/#organization"},"potentialAction":[{"@type":"SearchAction","target":{"@type":"EntryPoint","urlTemplate":"https:\/\/auxiliaformacion.es\/ca\/?s={search_term_string}"},"query-input":{"@type":"PropertyValueSpecification","valueRequired":true,"valueName":"search_term_string"}}],"inLanguage":"ca"},{"@type":"Organization","@id":"https:\/\/auxiliaformacion.es\/ca\/#organization","name":"Auxilia Educaci\u00f3n a Distancia","url":"https:\/\/auxiliaformacion.es\/ca\/","logo":{"@type":"ImageObject","inLanguage":"ca","@id":"https:\/\/auxiliaformacion.es\/ca\/#\/schema\/logo\/image\/","url":"https:\/\/auxiliaformacion.es\/wp-content\/uploads\/2019\/02\/Auxilia-Ensenanaza-a-distancia-logo.png","contentUrl":"https:\/\/auxiliaformacion.es\/wp-content\/uploads\/2019\/02\/Auxilia-Ensenanaza-a-distancia-logo.png","width":1000,"height":141,"caption":"Auxilia Educaci\u00f3n a Distancia"},"image":{"@id":"https:\/\/auxiliaformacion.es\/ca\/#\/schema\/logo\/image\/"}}]}},"_links":{"self":[{"href":"https:\/\/auxiliaformacion.es\/ca\/wp-json\/wp\/v2\/pages\/743","targetHints":{"allow":["GET"]}}],"collection":[{"href":"https:\/\/auxiliaformacion.es\/ca\/wp-json\/wp\/v2\/pages"}],"about":[{"href":"https:\/\/auxiliaformacion.es\/ca\/wp-json\/wp\/v2\/types\/page"}],"author":[{"embeddable":true,"href":"https:\/\/auxiliaformacion.es\/ca\/wp-json\/wp\/v2\/users\/1"}],"replies":[{"embeddable":true,"href":"https:\/\/auxiliaformacion.es\/ca\/wp-json\/wp\/v2\/comments?post=743"}],"version-history":[{"count":0,"href":"https:\/\/auxiliaformacion.es\/ca\/wp-json\/wp\/v2\/pages\/743\/revisions"}],"up":[{"embeddable":true,"href":"https:\/\/auxiliaformacion.es\/ca\/wp-json\/wp\/v2\/pages\/731"}],"wp:attachment":[{"href":"https:\/\/auxiliaformacion.es\/ca\/wp-json\/wp\/v2\/media?parent=743"}],"curies":[{"name":"wp","href":"https:\/\/api.w.org\/{rel}","templated":true}]}}