{"id":731,"date":"2019-03-21T11:39:35","date_gmt":"2019-03-21T11:39:35","guid":{"rendered":"https:\/\/auxiliaformacion.es\/?page_id=731"},"modified":"2019-03-21T16:19:38","modified_gmt":"2019-03-21T16:19:38","slug":"qui-som","status":"publish","type":"page","link":"https:\/\/auxiliaformacion.es\/ca\/qui-som\/","title":{"rendered":"Qui som"},"content":{"rendered":"<p>&nbsp;<\/p>\n<h1>Qui som<\/h1>\n<hr \/>\n<div class='clearfix'><div class='half'>\n<h2>Coneix Auxilia<\/h2>\n<p>&nbsp;<\/p>\n<p><strong>Auxilia<\/strong> \u00e9s una associaci\u00f3 essencialment de voluntariat creada a Barcelona en 1952, d&#8217;\u00e0mbit nacional, sense \u00e0nim de lucre, que t\u00e9 com a objectiu i mitjan\u00e7ant activitats concretes, la inclusi\u00f3 social i cultural de les persones amb discapacitat f\u00edsica o diversitat funcional.<\/p>\n<p>Est\u00e0 inscrita en el Ministeri de l&#8217;Interior i registrada amb el n\u00ba 10.322 i en el IMSERSO amb el n\u00ba 126. Col\u00b7laboradora del Ministeri d&#8217;Educaci\u00f3 i Ci\u00e8ncia en la promoci\u00f3 cultural d&#8217;adults (1971). Membre de COCEMFE, Federaci\u00f3 ECOM i Confederacions locals.<\/p>\n<p>Declarada d&#8217;Utilitat P\u00fablica per acord del Consell de Ministres de 31 de maig de 1974 i posteriorment per Ordre INT\/1941\/2006, del 24 de maig, del Ministeri de l&#8217;Interior, publicada en el Butllet\u00ed Oficial de l&#8217;Estat n\u00b0 145 de 19 de juny de 2006.<\/p>\n<p>&nbsp;<\/p>\n<blockquote class='full'><span class=\"quote\">\u201cCal tenir fe en el que fem i fer-ho amb entusiasme\u201d<\/span><\/blockquote>\n<\/div><div class='half last'>\n<p><img decoding=\"async\" src=\"https:\/\/auxiliaformacion.es\/wp-content\/uploads\/2019\/02\/Test-brush04.jpg\" alt=\"\" \/><\/p>\n<\/div><\/div>\n<div class='clearfix'><div class='fourth'>\n<p><strong>MISSI\u00d3<br \/>\n <\/strong><\/p>\n<p>Proporcionar ajuda i suport per aconseguir la plena inclusi\u00f3 en la societat de les Persones amb Diversitat Funcional.<\/p>\n<\/div><div class='fourth'>\n<p><strong>VISI\u00d3<br \/>\n <\/strong><\/p>\n<p>Millorar l&#8217;autoestima i dignitat de les persones a\u00efllades a causa de la seva condici\u00f3 f\u00edsica.<\/p>\n<p>Oferir-los els mitjans i el suport per aconseguir la seva inclusi\u00f3 social i cultural.<br \/>\nIncentivar les seves pr\u00f2pies \u201ccapacitats\u201d per augmentar la seva autonomia, capacitat de decisi\u00f3 i participaci\u00f3<\/p>\n<\/div><div class='fourth'>\n<p><strong>VALORS<br \/>\n <\/strong><\/p>\n<p>Honestedat, solidaritat, responsabilitat, humanitat, llibertat religiosa i pol\u00edtica, iniciativa, transpar\u00e8ncia, comprom\u00eds, respecte i just\u00edcia<\/p>\n<\/div><div class='fourth last'>\n<p><strong>AUXILIA ENSENYAMENT A DIST\u00c0NCIA (EAD)<\/strong><\/p>\n<p>Forma part d&#8217;Auxilia com una de les seves quatre Coordinacions Generals. Est\u00e0 vinculada directament al seu Consell Directiu i participa amb veu i vot en les assemblees generals i en les reunions convocades per Presid\u00e8ncia.<\/p>\n<p>El seu \u00e0mbit d&#8217;actuaci\u00f3 abasta tot el territori nacional<\/p>\n<\/div><\/div>\n<p>&nbsp;<\/p>\n<div class='clearfix'><div class='third'>\n<h2>Or\u00edgens i evoluci\u00f3<br \/>\nde l&#8217;Ensenyament en Auxilia<\/h2>\n<p>&nbsp;<\/p>\n<p><img decoding=\"async\" src=\"https:\/\/auxiliaformacion.es\/wp-content\/uploads\/2019\/02\/EAD-marg.rivard.jpg\" alt=\"\" \/><\/p>\n<p><strong>MARGUERITE RIVARD<\/strong><\/p>\n<p>Aquesta dona, malalta de tuberculosi \u00f2ssia, crea en 1926 i amb l&#8217;ajuda dels Equips Socials Francesos, uns <em>\u201cCursos d&#8217;Ensenyament\u201d<\/em> amb l&#8217;objecte de formar culturalment a malalts que, a  causa de la seva pr\u00f2pia discapacitat i la falta de mitjans d&#8217;autonomia, no tenien possibilitat d&#8217;accedir als centres normalitzats d&#8217;estudi.<\/p>\n<p>&nbsp;<\/p>\n<blockquote class='full right last'><span class=\"quote\">Auxilia \u201carriba on altres no arriben\u201d<\/span><\/blockquote>\n<\/div><div class='third'>\n<p>En 1952, Barcelona, <strong>PIERRE DEFFONTAINES<\/strong>, director de l&#8217;Institut Franc\u00e8s i coneixedor de la labor d&#8217;Auxilia a Fran\u00e7a, va rebre la petici\u00f3 d&#8217;un malalt tubercul\u00f3s de la Ciutat Sanitaria de Terrassa per estudiar franc\u00e8s en el propi hospital.<\/p>\n<p><img decoding=\"async\" src=\"https:\/\/auxiliaformacion.es\/wp-content\/uploads\/2019\/02\/PIERRE-DEFFONTAINES.jpg\" alt=\"\" \/><\/p>\n<p>La comunicaci\u00f3 entre alumne i professor es va iniciar per l&#8217;\u00fanic mitj\u00e0 escrit llavors existent: el correu postal. L&#8217;acceptaci\u00f3 d&#8217;aquesta petici\u00f3 va constituir el primer embri\u00f3 de <em>\u201cEnsenyament per correu\u201d<\/em> d&#8217;Auxilia a Espanya.<\/p>\n<p>Gr\u00e0cies a la iniciativa de la seva esposa, <strong>Mme. DEFFONTAINE<\/strong>, que s&#8217;implica en aquest projecte, Auxilia instaura aquesta forma d&#8217;ensenyament en altres regions espanyoles, molt especialment en hospitals i sanatoris.<\/p>\n<\/div><div class='third last'>\n<p>La petici\u00f3 d&#8217;una mare de Barcelona que va sol\u2022licitar a Auxilia el que el seu fill, que no podia accedir a una escola a causa de la seva discapacitat, pogu\u00e9s estudiar a la seva pr\u00f2pia casa, va motivar la creaci\u00f3 del denominat <em>\u201cEnsenyament a domicili\u201d<\/em>. <\/p>\n<p>El menor \u00fas del correu postal, la inform\u00e0tica, internet, les xarxes socials i la millora de l&#8217;accessibilitat als centres d&#8217;estudi, ha anat reduint aquesta modalitat d&#8217;ensenyament a uns pocs casos puntuals.<\/p>\n<p><img decoding=\"async\" src=\"https:\/\/auxiliaformacion.es\/wp-content\/uploads\/2019\/02\/Mme.-DEFFONTAINE.jpg\" alt=\"\" \/><\/p>\n<p>En l&#8217;actualitat, aquesta activitat es denomina \u201cEnsenyament a Dist\u00e0ncia\u201d i s&#8217;impulsa a trav\u00e9s d&#8217;una Coordinaci\u00f3 que, amb seu a Barcelona, cuida d&#8217;organitzar i coordinar tot l&#8217;entramat de relacions entre l&#8217;alumnat i el professorat.<\/p>\n<\/div><\/div>\n<hr \/>\n<div class='clearfix'><div class='half'>\n<h2><strong>LLU\u00cdS MART\u00cd<\/strong><\/h2>\n<p>En Auxilia aquest nom fa present a un dels primers impulsors del voluntariat a Catalunya. Amb una gran personalitat, obstinaci\u00f3 i dedicaci\u00f3, va orientar i organitzar el voluntariat donant-li una estructura adequada perqu\u00e8 la seva labor fos el m\u00e9s efica\u00e7 possible.<\/p>\n<p>De la seva iniciativa va partir la formaci\u00f3 de l&#8217;Ensenyament a domicili d&#8217;Auxilia.<\/p>\n<p>Entre la seva hist\u00f2ria personal podem veure que va formar part en la creaci\u00f3 de la Fundaci\u00f3 ECOM, la Federaci\u00f3 Catalana de Voluntariat Social, va col\u00b7laborar amb l&#8217;associaci\u00f3 CONEX, va ser president del Voluntariat Europeu i va rebre a t\u00edtol p\u00f2stum la  <em>\u201cCreu de Sant Jordi de la Generalitat de Catalunya\u201d<\/em>.<\/p>\n<p>En este v\u00eddeo pod\u00e9is conocer su testimonio.<\/p>\n<\/div><div class='half last'>\n<p><iframe loading=\"lazy\" src=\"\/\/www.youtube.com\/embed\/4ARRhHophHQ\" width=\"560\" height=\"314\" allowfullscreen=\"allowfullscreen\"><\/iframe><\/p>\n<\/div><\/div>\n<p>&nbsp;<\/p>\n<div class=\"gsp_post_data\" \r\n\t            data-post_type=\"page\" \r\n\t            data-cat=\"\" \r\n\t            data-modified=\"120\"\r\n\t            data-created=\"1553168375\"\r\n\t            data-title=\"Qui som\" \r\n\t            data-home=\"https:\/\/auxiliaformacion.es\/ca\/\"><\/div>","protected":false},"excerpt":{"rendered":"<p>&nbsp; Qui som &nbsp; &nbsp;<\/p>\n","protected":false},"author":1,"featured_media":1260,"parent":0,"menu_order":0,"comment_status":"closed","ping_status":"closed","template":"page-pagebuilder.php","meta":{"footnotes":""},"class_list":["post-731","page","type-page","status-publish","has-post-thumbnail","hentry"],"yoast_head":"<!-- This site is optimized with the Yoast SEO plugin v27.1.1 - https:\/\/yoast.com\/product\/yoast-seo-wordpress\/ -->\n<title>Qui som - Auxilia EAD<\/title>\n<meta name=\"robots\" content=\"index, follow, max-snippet:-1, max-image-preview:large, max-video-preview:-1\" \/>\n<link rel=\"canonical\" href=\"https:\/\/auxiliaformacion.es\/ca\/qui-som\/\" \/>\n<meta property=\"og:locale\" content=\"ca_ES\" \/>\n<meta property=\"og:type\" content=\"article\" \/>\n<meta property=\"og:title\" content=\"Qui som - Auxilia EAD\" \/>\n<meta property=\"og:description\" content=\"&nbsp; Qui som &nbsp; &nbsp;\" \/>\n<meta property=\"og:url\" content=\"https:\/\/auxiliaformacion.es\/ca\/qui-som\/\" \/>\n<meta property=\"og:site_name\" content=\"Auxilia EAD\" \/>\n<meta property=\"article:modified_time\" content=\"2019-03-21T16:19:38+00:00\" \/>\n<meta property=\"og:image\" content=\"https:\/\/auxiliaformacion.es\/wp-content\/uploads\/2019\/02\/auxilia-top-quienes-somos.jpg\" \/>\n\t<meta property=\"og:image:width\" content=\"1920\" \/>\n\t<meta property=\"og:image:height\" content=\"367\" \/>\n\t<meta property=\"og:image:type\" content=\"image\/jpeg\" \/>\n<meta name=\"twitter:card\" content=\"summary_large_image\" \/>\n<meta name=\"twitter:label1\" content=\"Temps estimat de lectura\" \/>\n\t<meta name=\"twitter:data1\" content=\"4 minuts\" \/>\n<script type=\"application\/ld+json\" class=\"yoast-schema-graph\">{\"@context\":\"https:\/\/schema.org\",\"@graph\":[{\"@type\":\"WebPage\",\"@id\":\"https:\/\/auxiliaformacion.es\/ca\/qui-som\/\",\"url\":\"https:\/\/auxiliaformacion.es\/ca\/qui-som\/\",\"name\":\"Qui som - Auxilia EAD\",\"isPartOf\":{\"@id\":\"https:\/\/auxiliaformacion.es\/ca\/#website\"},\"primaryImageOfPage\":{\"@id\":\"https:\/\/auxiliaformacion.es\/ca\/qui-som\/#primaryimage\"},\"image\":{\"@id\":\"https:\/\/auxiliaformacion.es\/ca\/qui-som\/#primaryimage\"},\"thumbnailUrl\":\"https:\/\/auxiliaformacion.es\/wp-content\/uploads\/2022\/06\/Auxilia-Quienes-somos-BG.jpg\",\"datePublished\":\"2019-03-21T11:39:35+00:00\",\"dateModified\":\"2019-03-21T16:19:38+00:00\",\"breadcrumb\":{\"@id\":\"https:\/\/auxiliaformacion.es\/ca\/qui-som\/#breadcrumb\"},\"inLanguage\":\"ca\",\"potentialAction\":[{\"@type\":\"ReadAction\",\"target\":[\"https:\/\/auxiliaformacion.es\/ca\/qui-som\/\"]}]},{\"@type\":\"ImageObject\",\"inLanguage\":\"ca\",\"@id\":\"https:\/\/auxiliaformacion.es\/ca\/qui-som\/#primaryimage\",\"url\":\"https:\/\/auxiliaformacion.es\/wp-content\/uploads\/2022\/06\/Auxilia-Quienes-somos-BG.jpg\",\"contentUrl\":\"https:\/\/auxiliaformacion.es\/wp-content\/uploads\/2022\/06\/Auxilia-Quienes-somos-BG.jpg\",\"width\":1920,\"height\":367},{\"@type\":\"BreadcrumbList\",\"@id\":\"https:\/\/auxiliaformacion.es\/ca\/qui-som\/#breadcrumb\",\"itemListElement\":[{\"@type\":\"ListItem\",\"position\":1,\"name\":\"Portada\",\"item\":\"https:\/\/auxiliaformacion.es\/ca\/\"},{\"@type\":\"ListItem\",\"position\":2,\"name\":\"Qui som\"}]},{\"@type\":\"WebSite\",\"@id\":\"https:\/\/auxiliaformacion.es\/ca\/#website\",\"url\":\"https:\/\/auxiliaformacion.es\/ca\/\",\"name\":\"Auxilia EAD\",\"description\":\"\",\"publisher\":{\"@id\":\"https:\/\/auxiliaformacion.es\/ca\/#organization\"},\"potentialAction\":[{\"@type\":\"SearchAction\",\"target\":{\"@type\":\"EntryPoint\",\"urlTemplate\":\"https:\/\/auxiliaformacion.es\/ca\/?s={search_term_string}\"},\"query-input\":{\"@type\":\"PropertyValueSpecification\",\"valueRequired\":true,\"valueName\":\"search_term_string\"}}],\"inLanguage\":\"ca\"},{\"@type\":\"Organization\",\"@id\":\"https:\/\/auxiliaformacion.es\/ca\/#organization\",\"name\":\"Auxilia Educaci\u00f3n a Distancia\",\"url\":\"https:\/\/auxiliaformacion.es\/ca\/\",\"logo\":{\"@type\":\"ImageObject\",\"inLanguage\":\"ca\",\"@id\":\"https:\/\/auxiliaformacion.es\/ca\/#\/schema\/logo\/image\/\",\"url\":\"https:\/\/auxiliaformacion.es\/wp-content\/uploads\/2019\/02\/Auxilia-Ensenanaza-a-distancia-logo.png\",\"contentUrl\":\"https:\/\/auxiliaformacion.es\/wp-content\/uploads\/2019\/02\/Auxilia-Ensenanaza-a-distancia-logo.png\",\"width\":1000,\"height\":141,\"caption\":\"Auxilia Educaci\u00f3n a Distancia\"},\"image\":{\"@id\":\"https:\/\/auxiliaformacion.es\/ca\/#\/schema\/logo\/image\/\"}}]}<\/script>\n<!-- \/ Yoast SEO plugin. -->","yoast_head_json":{"title":"Qui som - Auxilia EAD","robots":{"index":"index","follow":"follow","max-snippet":"max-snippet:-1","max-image-preview":"max-image-preview:large","max-video-preview":"max-video-preview:-1"},"canonical":"https:\/\/auxiliaformacion.es\/ca\/qui-som\/","og_locale":"ca_ES","og_type":"article","og_title":"Qui som - Auxilia EAD","og_description":"&nbsp; Qui som &nbsp; &nbsp;","og_url":"https:\/\/auxiliaformacion.es\/ca\/qui-som\/","og_site_name":"Auxilia EAD","article_modified_time":"2019-03-21T16:19:38+00:00","og_image":[{"width":1920,"height":367,"url":"https:\/\/auxiliaformacion.es\/wp-content\/uploads\/2019\/02\/auxilia-top-quienes-somos.jpg","type":"image\/jpeg"}],"twitter_card":"summary_large_image","twitter_misc":{"Temps estimat de lectura":"4 minuts"},"schema":{"@context":"https:\/\/schema.org","@graph":[{"@type":"WebPage","@id":"https:\/\/auxiliaformacion.es\/ca\/qui-som\/","url":"https:\/\/auxiliaformacion.es\/ca\/qui-som\/","name":"Qui som - Auxilia EAD","isPartOf":{"@id":"https:\/\/auxiliaformacion.es\/ca\/#website"},"primaryImageOfPage":{"@id":"https:\/\/auxiliaformacion.es\/ca\/qui-som\/#primaryimage"},"image":{"@id":"https:\/\/auxiliaformacion.es\/ca\/qui-som\/#primaryimage"},"thumbnailUrl":"https:\/\/auxiliaformacion.es\/wp-content\/uploads\/2022\/06\/Auxilia-Quienes-somos-BG.jpg","datePublished":"2019-03-21T11:39:35+00:00","dateModified":"2019-03-21T16:19:38+00:00","breadcrumb":{"@id":"https:\/\/auxiliaformacion.es\/ca\/qui-som\/#breadcrumb"},"inLanguage":"ca","potentialAction":[{"@type":"ReadAction","target":["https:\/\/auxiliaformacion.es\/ca\/qui-som\/"]}]},{"@type":"ImageObject","inLanguage":"ca","@id":"https:\/\/auxiliaformacion.es\/ca\/qui-som\/#primaryimage","url":"https:\/\/auxiliaformacion.es\/wp-content\/uploads\/2022\/06\/Auxilia-Quienes-somos-BG.jpg","contentUrl":"https:\/\/auxiliaformacion.es\/wp-content\/uploads\/2022\/06\/Auxilia-Quienes-somos-BG.jpg","width":1920,"height":367},{"@type":"BreadcrumbList","@id":"https:\/\/auxiliaformacion.es\/ca\/qui-som\/#breadcrumb","itemListElement":[{"@type":"ListItem","position":1,"name":"Portada","item":"https:\/\/auxiliaformacion.es\/ca\/"},{"@type":"ListItem","position":2,"name":"Qui som"}]},{"@type":"WebSite","@id":"https:\/\/auxiliaformacion.es\/ca\/#website","url":"https:\/\/auxiliaformacion.es\/ca\/","name":"Auxilia EAD","description":"","publisher":{"@id":"https:\/\/auxiliaformacion.es\/ca\/#organization"},"potentialAction":[{"@type":"SearchAction","target":{"@type":"EntryPoint","urlTemplate":"https:\/\/auxiliaformacion.es\/ca\/?s={search_term_string}"},"query-input":{"@type":"PropertyValueSpecification","valueRequired":true,"valueName":"search_term_string"}}],"inLanguage":"ca"},{"@type":"Organization","@id":"https:\/\/auxiliaformacion.es\/ca\/#organization","name":"Auxilia Educaci\u00f3n a Distancia","url":"https:\/\/auxiliaformacion.es\/ca\/","logo":{"@type":"ImageObject","inLanguage":"ca","@id":"https:\/\/auxiliaformacion.es\/ca\/#\/schema\/logo\/image\/","url":"https:\/\/auxiliaformacion.es\/wp-content\/uploads\/2019\/02\/Auxilia-Ensenanaza-a-distancia-logo.png","contentUrl":"https:\/\/auxiliaformacion.es\/wp-content\/uploads\/2019\/02\/Auxilia-Ensenanaza-a-distancia-logo.png","width":1000,"height":141,"caption":"Auxilia Educaci\u00f3n a Distancia"},"image":{"@id":"https:\/\/auxiliaformacion.es\/ca\/#\/schema\/logo\/image\/"}}]}},"_links":{"self":[{"href":"https:\/\/auxiliaformacion.es\/ca\/wp-json\/wp\/v2\/pages\/731","targetHints":{"allow":["GET"]}}],"collection":[{"href":"https:\/\/auxiliaformacion.es\/ca\/wp-json\/wp\/v2\/pages"}],"about":[{"href":"https:\/\/auxiliaformacion.es\/ca\/wp-json\/wp\/v2\/types\/page"}],"author":[{"embeddable":true,"href":"https:\/\/auxiliaformacion.es\/ca\/wp-json\/wp\/v2\/users\/1"}],"replies":[{"embeddable":true,"href":"https:\/\/auxiliaformacion.es\/ca\/wp-json\/wp\/v2\/comments?post=731"}],"version-history":[{"count":0,"href":"https:\/\/auxiliaformacion.es\/ca\/wp-json\/wp\/v2\/pages\/731\/revisions"}],"wp:featuredmedia":[{"embeddable":true,"href":"https:\/\/auxiliaformacion.es\/ca\/wp-json\/wp\/v2\/media\/1260"}],"wp:attachment":[{"href":"https:\/\/auxiliaformacion.es\/ca\/wp-json\/wp\/v2\/media?parent=731"}],"curies":[{"name":"wp","href":"https:\/\/api.w.org\/{rel}","templated":true}]}}