{"id":724,"date":"2019-03-21T11:04:44","date_gmt":"2019-03-21T11:04:44","guid":{"rendered":"https:\/\/auxiliaformacion.es\/?page_id=724"},"modified":"2019-03-21T16:27:07","modified_gmt":"2019-03-21T16:27:07","slug":"cursos","status":"publish","type":"page","link":"https:\/\/auxiliaformacion.es\/ca\/cursos\/","title":{"rendered":"Cursos"},"content":{"rendered":"<p>&nbsp;<\/p>\n<h2 style=\"text-align: center; font-size: 3rem; margin-bottom: 30px;\">Els nostres cursos tutoritzats <\/h2>\n<p>&nbsp;<\/p>\n<div class=\"rtbs  rtbs_inicio-cat\"><div class=\"rtbs_slug\" style=\"display:none\">inicio-cat<\/div><div class=\"rtbs_inactive_tab_background\" style=\"display:none\">transparent<\/div><div class=\"rtbs_breakpoint\" style=\"display:none\">600<\/div><div class=\"rtbs_color\" style=\"display:none\">#0070c0<\/div>\r\n        <div class=\"rtbs_menu\">\r\n            <ul>\r\n                <li class=\"mobile_toggle\">&zwnj;<\/li><li class=\"current\"><a style=\"background:#0070c0\" class=\"active inicio-cat-tab-link-0\" href=\"#\" data-tab=\"#inicio-cat-tab-0\">ENSENYAMENT REGLAT<\/a><\/li><li><a href=\"#\" data-tab=\"#inicio-cat-tab-1\" class=\"inicio-cat-tab-link-1\">ENSENYAMENT NO REGLAT <\/a><\/li><li><a href=\"#\" data-tab=\"#inicio-cat-tab-2\" class=\"inicio-cat-tab-link-2\">TEM\u00c0TIQUES D'INTER\u00c8S GENERAL <\/a><\/li>\r\n            <\/ul>\r\n        <\/div><div style=\"border-top:7px solid #0070c0;\" id=\"inicio-cat-tab-0\" class=\"rtbs_content active\"><p><div class='clearfix'><div class='third'><\/p>\n<h3 class=\"boxtitle\">Educaci\u00f3 prim\u00e0ria<br \/>Cicle inicial<\/h3>\n<p>Llengua Castellana i Literatura<br \/>\nMatem\u00e0tiques<br \/>\nCi\u00e8ncies de la Naturalesa<br \/>\nCi\u00e8ncies Socials<br \/>\nLlengua Estrangera<br \/>\nEducaci\u00f3 Art\u00edstica<\/p>\n<h3 class=\"boxtitle\">Educaci\u00f3 secund\u00e0ria<br \/>ESO a dist\u00e0ncia<\/h3>\n<p>Biologia i Geologia<br \/>\nGeografia i Historia<br \/>\nLlengua Castellana i Literatura<br \/>\nMatem\u00e0tiques<br \/>\nLlengua Estrangera<br \/>\nF\u00edsica i Qu\u00edmica<br \/>\nEconomia<\/p>\n<p><\/div><div class='third'><\/p>\n<h3 class=\"boxtitle\">Batxillerat<\/h3>\n<p>Anatomia Aplicada<br \/>\nCultura Cient\u00edfica<br \/>\nDibuix Art\u00edstic<br \/>\nDibuix T\u00e8cnic<br \/>\nLlengua Estrangera<br \/>\nTecnologia Industrial<br \/>\nTecnologies de la Informaci\u00f3 i la Comunicaci\u00f3<br \/>\nCi\u00e8ncies de la Terra i del Medi ambient<br \/>\nFonaments d'Administraci\u00f3 i Gesti\u00f3<br \/>\nHistoria de la Filosofia<br \/>\nHistoria de la M\u00fasica i de la Dansa<br \/>\nImatge i So<br \/>\nPsicologia<br \/>\nT\u00e8cniques d'Expressi\u00f3 Gr\u00e0fica-Pl\u00e0stica<\/p>\n<p><\/div><div class='third last'><\/p>\n<h3 class=\"boxtitle\">Acc\u00e9s a la universitat (UNED)<\/h3>\n<p><strong>Majors de 25 anys<\/strong><\/p>\n<p>Comentari de Text<br \/>\nLlengua castellana<br \/>\nLlengua estrangera (angl\u00e8s)<br \/>\nT\u00e8cniques d'estudi<\/p>\n<p><strong>Majors de 45 anys<\/strong><\/p>\n<p>Comentari de text<br \/>\nLlengua castellana<\/p>\n<h3 class=\"boxtitle\">Idiomes<\/h3>\n<p>Angl\u00e8s<br \/>\nFranc\u00e8s<br \/>\nItali\u00e0<br \/>\nAlemany<br \/>\nCatal\u00e0 <\/p>\n<p><\/div><\/div><\/p>\n<div style=\"margin-top:30px; clear:both;\"><\/div><\/div><div style=\"border-top:7px solid #0070c0;\" id=\"inicio-cat-tab-1\" class=\"rtbs_content\"><p>Inclusi\u00f3 Laboral<br \/>\nDibuix t\u00e8cnic<br \/>\nDibuix art\u00edstic<br \/>\nComptabilitat<br \/>\nLiteratura Universal<br \/>\nHist\u00f2ria universal<br \/>\nInfermeria<br \/>\nAdministraci\u00f3<br \/>\nComunicaci\u00f3<br \/>\n ... <\/p>\n<p>Y si no encuentras lo que quieres estudiar, \u00a1P\u00cdDELO!<\/p>\n<div style=\"margin-top:30px; clear:both;\"><\/div><\/div><div style=\"border-top:7px solid #0070c0;\" id=\"inicio-cat-tab-2\" class=\"rtbs_content\"><h3 class=\"boxtitle\">Altres tem\u00e0tiques<\/h3>\n<p>Astronomia<br \/>\nArqueologia<br \/>\nNaturalesa<br \/>\nFauna<br \/>\nFlora<br \/>\nGeografia<br \/>\nArt<br \/>\nOceanografia<br \/>\nEsports<br \/>\nM\u00fasica<br \/>\nCinema<br \/>\nTeatre<br \/>\nJardineria<br \/>\nPoesia i Novel\u00b7la<br \/>\n... <\/p>\n<p>I si no trobes el que vols estudiar, DEMANA-HO!<\/p>\n<div style=\"margin-top:30px; clear:both;\"><\/div><\/div>\r\n    <\/div>\r\n    \n<p>&nbsp;<\/p>\n<p><img decoding=\"async\" class=\"aligncenter\" src=\"http:\/\/auxiliaformacion.es\/wp-content\/uploads\/2019\/01\/Computer-Auxilia.png\" alt=\"\" \/><\/p>\n<p>&nbsp;<\/p>\n<div class=\"gsp_post_data\" \r\n\t            data-post_type=\"page\" \r\n\t            data-cat=\"\" \r\n\t            data-modified=\"120\"\r\n\t            data-created=\"1553166284\"\r\n\t            data-title=\"Cursos\" \r\n\t            data-home=\"https:\/\/auxiliaformacion.es\/ca\/\"><\/div>","protected":false},"excerpt":{"rendered":"<p>&nbsp; Els nostres cursos tutoritzats &nbsp; &nbsp; &nbsp;<\/p>\n","protected":false},"author":1,"featured_media":1237,"parent":0,"menu_order":0,"comment_status":"closed","ping_status":"closed","template":"page-full-width.php","meta":{"footnotes":""},"class_list":["post-724","page","type-page","status-publish","has-post-thumbnail","hentry"],"yoast_head":"<!-- This site is optimized with the Yoast SEO plugin v27.1.1 - https:\/\/yoast.com\/product\/yoast-seo-wordpress\/ -->\n<title>Cursos - Auxilia EAD<\/title>\n<meta name=\"robots\" content=\"index, follow, max-snippet:-1, max-image-preview:large, max-video-preview:-1\" \/>\n<link rel=\"canonical\" href=\"https:\/\/auxiliaformacion.es\/ca\/cursos\/\" \/>\n<meta property=\"og:locale\" content=\"ca_ES\" \/>\n<meta property=\"og:type\" content=\"article\" \/>\n<meta property=\"og:title\" content=\"Cursos - Auxilia EAD\" \/>\n<meta property=\"og:description\" content=\"&nbsp; Els nostres cursos tutoritzats &nbsp; &nbsp; &nbsp;\" \/>\n<meta property=\"og:url\" content=\"https:\/\/auxiliaformacion.es\/ca\/cursos\/\" \/>\n<meta property=\"og:site_name\" content=\"Auxilia EAD\" \/>\n<meta property=\"article:modified_time\" content=\"2019-03-21T16:27:07+00:00\" \/>\n<meta property=\"og:image\" content=\"https:\/\/auxiliaformacion.es\/wp-content\/uploads\/2019\/03\/Auxilia-Cursos-Top02.jpg\" \/>\n\t<meta property=\"og:image:width\" content=\"1920\" \/>\n\t<meta property=\"og:image:height\" content=\"367\" \/>\n\t<meta property=\"og:image:type\" content=\"image\/jpeg\" \/>\n<meta name=\"twitter:card\" content=\"summary_large_image\" \/>\n<script type=\"application\/ld+json\" class=\"yoast-schema-graph\">{\"@context\":\"https:\/\/schema.org\",\"@graph\":[{\"@type\":\"WebPage\",\"@id\":\"https:\/\/auxiliaformacion.es\/ca\/cursos\/\",\"url\":\"https:\/\/auxiliaformacion.es\/ca\/cursos\/\",\"name\":\"Cursos - Auxilia EAD\",\"isPartOf\":{\"@id\":\"https:\/\/auxiliaformacion.es\/ca\/#website\"},\"primaryImageOfPage\":{\"@id\":\"https:\/\/auxiliaformacion.es\/ca\/cursos\/#primaryimage\"},\"image\":{\"@id\":\"https:\/\/auxiliaformacion.es\/ca\/cursos\/#primaryimage\"},\"thumbnailUrl\":\"https:\/\/auxiliaformacion.es\/wp-content\/uploads\/2022\/06\/Auxilia-Cursos.jpg\",\"datePublished\":\"2019-03-21T11:04:44+00:00\",\"dateModified\":\"2019-03-21T16:27:07+00:00\",\"breadcrumb\":{\"@id\":\"https:\/\/auxiliaformacion.es\/ca\/cursos\/#breadcrumb\"},\"inLanguage\":\"ca\",\"potentialAction\":[{\"@type\":\"ReadAction\",\"target\":[\"https:\/\/auxiliaformacion.es\/ca\/cursos\/\"]}]},{\"@type\":\"ImageObject\",\"inLanguage\":\"ca\",\"@id\":\"https:\/\/auxiliaformacion.es\/ca\/cursos\/#primaryimage\",\"url\":\"https:\/\/auxiliaformacion.es\/wp-content\/uploads\/2022\/06\/Auxilia-Cursos.jpg\",\"contentUrl\":\"https:\/\/auxiliaformacion.es\/wp-content\/uploads\/2022\/06\/Auxilia-Cursos.jpg\",\"width\":1920,\"height\":367},{\"@type\":\"BreadcrumbList\",\"@id\":\"https:\/\/auxiliaformacion.es\/ca\/cursos\/#breadcrumb\",\"itemListElement\":[{\"@type\":\"ListItem\",\"position\":1,\"name\":\"Portada\",\"item\":\"https:\/\/auxiliaformacion.es\/ca\/\"},{\"@type\":\"ListItem\",\"position\":2,\"name\":\"Cursos\"}]},{\"@type\":\"WebSite\",\"@id\":\"https:\/\/auxiliaformacion.es\/ca\/#website\",\"url\":\"https:\/\/auxiliaformacion.es\/ca\/\",\"name\":\"Auxilia EAD\",\"description\":\"\",\"publisher\":{\"@id\":\"https:\/\/auxiliaformacion.es\/ca\/#organization\"},\"potentialAction\":[{\"@type\":\"SearchAction\",\"target\":{\"@type\":\"EntryPoint\",\"urlTemplate\":\"https:\/\/auxiliaformacion.es\/ca\/?s={search_term_string}\"},\"query-input\":{\"@type\":\"PropertyValueSpecification\",\"valueRequired\":true,\"valueName\":\"search_term_string\"}}],\"inLanguage\":\"ca\"},{\"@type\":\"Organization\",\"@id\":\"https:\/\/auxiliaformacion.es\/ca\/#organization\",\"name\":\"Auxilia Educaci\u00f3n a Distancia\",\"url\":\"https:\/\/auxiliaformacion.es\/ca\/\",\"logo\":{\"@type\":\"ImageObject\",\"inLanguage\":\"ca\",\"@id\":\"https:\/\/auxiliaformacion.es\/ca\/#\/schema\/logo\/image\/\",\"url\":\"https:\/\/auxiliaformacion.es\/wp-content\/uploads\/2019\/02\/Auxilia-Ensenanaza-a-distancia-logo.png\",\"contentUrl\":\"https:\/\/auxiliaformacion.es\/wp-content\/uploads\/2019\/02\/Auxilia-Ensenanaza-a-distancia-logo.png\",\"width\":1000,\"height\":141,\"caption\":\"Auxilia Educaci\u00f3n a Distancia\"},\"image\":{\"@id\":\"https:\/\/auxiliaformacion.es\/ca\/#\/schema\/logo\/image\/\"}}]}<\/script>\n<!-- \/ Yoast SEO plugin. -->","yoast_head_json":{"title":"Cursos - Auxilia EAD","robots":{"index":"index","follow":"follow","max-snippet":"max-snippet:-1","max-image-preview":"max-image-preview:large","max-video-preview":"max-video-preview:-1"},"canonical":"https:\/\/auxiliaformacion.es\/ca\/cursos\/","og_locale":"ca_ES","og_type":"article","og_title":"Cursos - Auxilia EAD","og_description":"&nbsp; Els nostres cursos tutoritzats &nbsp; &nbsp; &nbsp;","og_url":"https:\/\/auxiliaformacion.es\/ca\/cursos\/","og_site_name":"Auxilia EAD","article_modified_time":"2019-03-21T16:27:07+00:00","og_image":[{"width":1920,"height":367,"url":"https:\/\/auxiliaformacion.es\/wp-content\/uploads\/2019\/03\/Auxilia-Cursos-Top02.jpg","type":"image\/jpeg"}],"twitter_card":"summary_large_image","schema":{"@context":"https:\/\/schema.org","@graph":[{"@type":"WebPage","@id":"https:\/\/auxiliaformacion.es\/ca\/cursos\/","url":"https:\/\/auxiliaformacion.es\/ca\/cursos\/","name":"Cursos - Auxilia EAD","isPartOf":{"@id":"https:\/\/auxiliaformacion.es\/ca\/#website"},"primaryImageOfPage":{"@id":"https:\/\/auxiliaformacion.es\/ca\/cursos\/#primaryimage"},"image":{"@id":"https:\/\/auxiliaformacion.es\/ca\/cursos\/#primaryimage"},"thumbnailUrl":"https:\/\/auxiliaformacion.es\/wp-content\/uploads\/2022\/06\/Auxilia-Cursos.jpg","datePublished":"2019-03-21T11:04:44+00:00","dateModified":"2019-03-21T16:27:07+00:00","breadcrumb":{"@id":"https:\/\/auxiliaformacion.es\/ca\/cursos\/#breadcrumb"},"inLanguage":"ca","potentialAction":[{"@type":"ReadAction","target":["https:\/\/auxiliaformacion.es\/ca\/cursos\/"]}]},{"@type":"ImageObject","inLanguage":"ca","@id":"https:\/\/auxiliaformacion.es\/ca\/cursos\/#primaryimage","url":"https:\/\/auxiliaformacion.es\/wp-content\/uploads\/2022\/06\/Auxilia-Cursos.jpg","contentUrl":"https:\/\/auxiliaformacion.es\/wp-content\/uploads\/2022\/06\/Auxilia-Cursos.jpg","width":1920,"height":367},{"@type":"BreadcrumbList","@id":"https:\/\/auxiliaformacion.es\/ca\/cursos\/#breadcrumb","itemListElement":[{"@type":"ListItem","position":1,"name":"Portada","item":"https:\/\/auxiliaformacion.es\/ca\/"},{"@type":"ListItem","position":2,"name":"Cursos"}]},{"@type":"WebSite","@id":"https:\/\/auxiliaformacion.es\/ca\/#website","url":"https:\/\/auxiliaformacion.es\/ca\/","name":"Auxilia EAD","description":"","publisher":{"@id":"https:\/\/auxiliaformacion.es\/ca\/#organization"},"potentialAction":[{"@type":"SearchAction","target":{"@type":"EntryPoint","urlTemplate":"https:\/\/auxiliaformacion.es\/ca\/?s={search_term_string}"},"query-input":{"@type":"PropertyValueSpecification","valueRequired":true,"valueName":"search_term_string"}}],"inLanguage":"ca"},{"@type":"Organization","@id":"https:\/\/auxiliaformacion.es\/ca\/#organization","name":"Auxilia Educaci\u00f3n a Distancia","url":"https:\/\/auxiliaformacion.es\/ca\/","logo":{"@type":"ImageObject","inLanguage":"ca","@id":"https:\/\/auxiliaformacion.es\/ca\/#\/schema\/logo\/image\/","url":"https:\/\/auxiliaformacion.es\/wp-content\/uploads\/2019\/02\/Auxilia-Ensenanaza-a-distancia-logo.png","contentUrl":"https:\/\/auxiliaformacion.es\/wp-content\/uploads\/2019\/02\/Auxilia-Ensenanaza-a-distancia-logo.png","width":1000,"height":141,"caption":"Auxilia Educaci\u00f3n a Distancia"},"image":{"@id":"https:\/\/auxiliaformacion.es\/ca\/#\/schema\/logo\/image\/"}}]}},"_links":{"self":[{"href":"https:\/\/auxiliaformacion.es\/ca\/wp-json\/wp\/v2\/pages\/724","targetHints":{"allow":["GET"]}}],"collection":[{"href":"https:\/\/auxiliaformacion.es\/ca\/wp-json\/wp\/v2\/pages"}],"about":[{"href":"https:\/\/auxiliaformacion.es\/ca\/wp-json\/wp\/v2\/types\/page"}],"author":[{"embeddable":true,"href":"https:\/\/auxiliaformacion.es\/ca\/wp-json\/wp\/v2\/users\/1"}],"replies":[{"embeddable":true,"href":"https:\/\/auxiliaformacion.es\/ca\/wp-json\/wp\/v2\/comments?post=724"}],"version-history":[{"count":0,"href":"https:\/\/auxiliaformacion.es\/ca\/wp-json\/wp\/v2\/pages\/724\/revisions"}],"wp:featuredmedia":[{"embeddable":true,"href":"https:\/\/auxiliaformacion.es\/ca\/wp-json\/wp\/v2\/media\/1237"}],"wp:attachment":[{"href":"https:\/\/auxiliaformacion.es\/ca\/wp-json\/wp\/v2\/media?parent=724"}],"curies":[{"name":"wp","href":"https:\/\/api.w.org\/{rel}","templated":true}]}}