{"id":722,"date":"2019-03-21T11:03:19","date_gmt":"2019-03-21T11:03:19","guid":{"rendered":"https:\/\/auxiliaformacion.es\/?page_id=722"},"modified":"2024-04-17T07:56:27","modified_gmt":"2024-04-17T07:56:27","slug":"politica-de-privadesa","status":"publish","type":"page","link":"https:\/\/auxiliaformacion.es\/ca\/contacte\/politica-de-privadesa\/","title":{"rendered":"Pol\u00edtica de privadesa"},"content":{"rendered":"<h1 style=\"text-align: center;\">Pol\u00edtica de privadesa<\/h1>\n<hr \/>\n<p><strong>Informaci\u00f3 general del Responsable del tractament de dades<\/strong><\/p>\n<p>ASSOCIACI\u00d3 AUXILIA.<br \/>\nCIF G-08317059<\/p>\n<p>C\/ Elfo, 148 \u2013 local esquerre.<br \/>\n28027 \u2013 Madrid<\/p>\n<p>info@auxilia.es<\/p>\n<p>Inscrita en el Registre d&#8217;Associacions amb n\u00famero 10.322<\/p>\n<p>Dades de la Delegaci\u00f3:<\/p>\n<p>C \/ Angl\u00ed, 50<br \/>\n08017 Barcelona<\/p>\n<p><a href=\"mailto:barcelona@auxilia.es\">barcelona@auxilia.es<\/a> \/ enseadistancia@auxilia.es<\/p>\n<p><strong>Protecci\u00f3 de dades personals<\/strong><\/p>\n<p>D&#8217;acord amb l&#8217;art. 13 del Reglament europeu 679\/2016, de Protecci\u00f3 de dades personals (RGPD), l&#8217;informem que les dades personals recaptades a trav\u00e9s de qualsevol mitj\u00e0 de comunicaci\u00f3 publicat en la web www.auxilia.es, aix\u00ed com dels formularis existents en aquesta seran tractats pel seu titular, Associaci\u00f3 Auxilia, a trav\u00e9s de la Delegaci\u00f3 i Coordinaci\u00f3 corresponent, com a responsable del tractament.<\/p>\n<p><u>Finalitat del tractament:<\/u><\/p>\n<p>Les dades recopilades a trav\u00e9s de formularis de la web seran tractats per a donar resposta a les sol\u00b7licituds d&#8217;informaci\u00f3 que ens puguin realitzar els usuaris. Les peticions d&#8217;informaci\u00f3 que puguin realitzar-se s\u00f3n de serveis oferts per Auxilia (ensenyament a dist\u00e0ncia, activitats, etc..), activitat de voluntariat, contribuci\u00f3 a donatius, aix\u00ed com qualsevol altra informaci\u00f3 sobre el funcionament de l&#8217;Associaci\u00f3.<\/p>\n<p>Associaci\u00f3 Auxilia no elaborar\u00e0 amb les seves dades decisions automatitzades, inclosa l&#8217;elaboraci\u00f3 de perfils, a excepci\u00f3 d&#8217;aquells recollits d&#8217;acord amb la Pol\u00edtica de Cookies en les condicions expressades en aquesta, tractant-los \u00fanicament per a la finalitat descrita.<\/p>\n<p><u>Legitimaci\u00f3<\/u>:<\/p>\n<p>Dades recopilades en formularis de sol\u00b7licitud d&#8217;informaci\u00f3:<\/p>\n<p>El tractament per a aquesta finalitat es troba legitimat en el seu propi inter\u00e8s i consentiment com a Usuari. Art. 6 RGPD<\/p>\n<p>Associaci\u00f3 Auxilia no utilitzar\u00e0 les seves dades per a cap altra finalitat que no sigui la descrita en aquesta Pol\u00edtica de privacitat o en la Pol\u00edtica de Cookies.<\/p>\n<p><u>Cessions:<\/u><\/p>\n<p>Associaci\u00f3 Auxilia l&#8217;informa que les seves dades no seran cedits a tercers excepte per a poder complir amb aquesta finalitat o aquelles cessions previstes en la legislaci\u00f3 vigent o que hagen sigut pr\u00e8viament consentides per vost\u00e8.<\/p>\n<p><u>Per\u00edode de conservaci\u00f3 de les seves dades:<\/u><\/p>\n<p>Les seves dades seran conservades durant els seg\u00fcents per\u00edodes:<\/p>\n<p>Dades que puguem recollir a trav\u00e9s dels diferents mitjans de contacte de la web (tel\u00e8fons, correus electr\u00f2nics, formularis): Les seues dades seran conservades durant el temps indispensable per a atendre la seua sol\u00b7licitud d&#8217;informaci\u00f3.<\/p>\n<p>A la finalitzaci\u00f3 d&#8217;aquest per\u00edode de conservaci\u00f3, conclosa les finalitats per a la qual van ser recollits, seran eliminats convenientment.<\/p>\n<p><u>Obligatorietat<\/u>:<\/p>\n<p>Les dades que li sol\u00b7licitem a trav\u00e9s de formularis, marcats amb (<sup>*<\/sup>) s\u00f3n obligatoris i necessaris per a poder atendre la seva sol\u00b7licitud, de manera que la seva abs\u00e8ncia ens impedir\u00e0 gestionar-la correctament.<\/p>\n<p>Aix\u00ed mateix, vost\u00e8 \u00e9s responsable \u00fanic que la informaci\u00f3 que ens facilita sigui vera\u00e7 i les seves dades es troben actualitzades, sent responsable de les conseq\u00fc\u00e8ncies que de la falta de veracitat es deriven.<\/p>\n<p>At\u00e8s que la resposta a les peticions d&#8217;informaci\u00f3 es realitzar\u00e0 a trav\u00e9s dels mitjans que ens indiqui, podent-se tractar informaci\u00f3 confidencial, li recomanem que les seves dades de contacte siguin pr\u00f2pies i no pretereixin a altres usuaris.<\/p>\n<p><u>Ubicaci\u00f3 de les seves dades. Transfer\u00e8ncies internacionals de dades:<\/u><\/p>\n<p>Les seves dades seran tractades \u00fanicament per Associaci\u00f3 Auxilia, a trav\u00e9s de mitjans propis situats en les instal\u00b7lacions de cadascuna de les delegacions amb aplicaci\u00f3 de quantes mesures de seguretat estan al nostre abast en compliment del RGPD. No es produiran transfer\u00e8ncies internacionals de dades ni es trobaran allotjats en plataformes i mitjans de tercers pa\u00efsos que no compleixin amb est\u00e0ndards de seguretat adequats o no siguin avalats per la Comissi\u00f3 Europea.<\/p>\n<p><u>Drets dels Usuaris:<\/u><\/p>\n<p>Com a titular de les seves dades t\u00e9 dret a obtindre confirmaci\u00f3 sobre l&#8217;exist\u00e8ncia del tractament d&#8217;aquests, a accedir a les seves dades personals, a sol\u00b7licitar la rectificaci\u00f3 de les dades que siguin inexactes o, si \u00e9s el cas, a sol\u00b7licitar la supressi\u00f3 quan, entre altres motius, les dades ja no siguin necess\u00e0ries per als fins per als quals van ser recollits o vost\u00e8, com a interessat, revoqui el consentiment atorgat.<\/p>\n<p>Associaci\u00f3 Auxilia tractar\u00e0 i conservar\u00e0 les seves dades d&#8217;acord amb la normativa vigent, sense perjudici que pugui sol\u00b7licitar en tot cas la limitaci\u00f3 del tractament de les seves dades.<\/p>\n<p>En uns certs sup\u00f2sits, podr\u00e0 exercitar el seu dret a la portabilitat de les dades, que seran entregats en un format estructurat, d&#8217;\u00fas com\u00fa o lectura mec\u00e0nica a vost\u00e8 o al nou responsable de tractament que designi.<\/p>\n<p>Tindr\u00e0 dret a revocar en qualsevol moment el consentiment per a qualsevol dels tractaments per als quals s&#8217;ha atorgat. La revocaci\u00f3 de consentiment no tindr\u00e0 efectes retroactius.<\/p>\n<p>Per a exercitar els seus drets, comuniqui\u2019s amb nosaltres a trav\u00e9s de l&#8217;adre\u00e7a de la delegaci\u00f3 d&#8217;Associaci\u00f3 Auxilia, en Carrer Angl\u00ed, 50, 2n, 08017 Barcelona o al correu electr\u00f2nic enseadistancia@auxilia.es, mitjan\u00e7ant escrit motivat en el qual fonamenta la seva petici\u00f3 i aquells documents, si \u00e9s el cas, que permeten la seva identificaci\u00f3.<\/p>\n<p>El termini m\u00e0xim per a resoldre ser\u00e0 d&#8217;un mes des de la data de recepci\u00f3 de la sol\u00b7licitud.<\/p>\n<p>En el cas de produir-se alguna modificaci\u00f3 de les seves dades, li agra\u00efm que ens el comuniqui degudament per escrit, a fi de mantindre les seves dades actualitzades.<\/p>\n<p>Tindr\u00e0 dret a presentar una reclamaci\u00f3 davant l&#8217;Ag\u00e8ncia Espanyola de Protecci\u00f3 de Dades, en el cas que consideri que no s&#8217;ha at\u00e8s convenientment l&#8217;exercici dels seus drets.<\/p>\n<p>&nbsp;<\/p>\n<div class=\"gsp_post_data\" \r\n\t            data-post_type=\"page\" \r\n\t            data-cat=\"\" \r\n\t            data-modified=\"120\"\r\n\t            data-created=\"1553166199\"\r\n\t            data-title=\"Pol\u00edtica de privadesa\" \r\n\t            data-home=\"https:\/\/auxiliaformacion.es\/ca\/\"><\/div>","protected":false},"excerpt":{"rendered":"<p>Pol\u00edtica de privadesa Informaci\u00f3 general del Responsable del tractament de dades ASSOCIACI\u00d3 AUXILIA. CIF G-08317059 C\/ Elfo, 148 \u2013 local esquerre. 28027 \u2013 Madrid info@auxilia.es Inscrita en el Registre d&#8217;Associacions amb n\u00famero 10.322 Dades de la Delegaci\u00f3: C \/ Angl\u00ed, 50 08017 Barcelona barcelona@auxilia.es \/ enseadistancia@auxilia.es Protecci\u00f3 de dades personals D&#8217;acord amb l&#8217;art. 13 del [&hellip;]<\/p>\n","protected":false},"author":1,"featured_media":0,"parent":707,"menu_order":0,"comment_status":"closed","ping_status":"closed","template":"page-full-width.php","meta":{"footnotes":""},"class_list":["post-722","page","type-page","status-publish","hentry"],"yoast_head":"<!-- This site is optimized with the Yoast SEO plugin v27.1.1 - https:\/\/yoast.com\/product\/yoast-seo-wordpress\/ -->\n<title>Pol\u00edtica de privadesa - Auxilia EAD<\/title>\n<meta name=\"robots\" content=\"index, follow, max-snippet:-1, max-image-preview:large, max-video-preview:-1\" \/>\n<link rel=\"canonical\" href=\"https:\/\/auxiliaformacion.es\/ca\/contacte\/politica-de-privadesa\/\" \/>\n<meta property=\"og:locale\" content=\"ca_ES\" \/>\n<meta property=\"og:type\" content=\"article\" \/>\n<meta property=\"og:title\" content=\"Pol\u00edtica de privadesa - Auxilia EAD\" \/>\n<meta property=\"og:description\" content=\"Pol\u00edtica de privadesa Informaci\u00f3 general del Responsable del tractament de dades ASSOCIACI\u00d3 AUXILIA. CIF G-08317059 C\/ Elfo, 148 \u2013 local esquerre. 28027 \u2013 Madrid info@auxilia.es Inscrita en el Registre d&#8217;Associacions amb n\u00famero 10.322 Dades de la Delegaci\u00f3: C \/ Angl\u00ed, 50 08017 Barcelona barcelona@auxilia.es \/ enseadistancia@auxilia.es Protecci\u00f3 de dades personals D&#8217;acord amb l&#8217;art. 13 del [&hellip;]\" \/>\n<meta property=\"og:url\" content=\"https:\/\/auxiliaformacion.es\/ca\/contacte\/politica-de-privadesa\/\" \/>\n<meta property=\"og:site_name\" content=\"Auxilia EAD\" \/>\n<meta property=\"article:modified_time\" content=\"2024-04-17T07:56:27+00:00\" \/>\n<meta name=\"twitter:card\" content=\"summary_large_image\" \/>\n<meta name=\"twitter:label1\" content=\"Temps estimat de lectura\" \/>\n\t<meta name=\"twitter:data1\" content=\"5 minuts\" \/>\n<script type=\"application\/ld+json\" class=\"yoast-schema-graph\">{\"@context\":\"https:\/\/schema.org\",\"@graph\":[{\"@type\":\"WebPage\",\"@id\":\"https:\/\/auxiliaformacion.es\/ca\/contacte\/politica-de-privadesa\/\",\"url\":\"https:\/\/auxiliaformacion.es\/ca\/contacte\/politica-de-privadesa\/\",\"name\":\"Pol\u00edtica de privadesa - Auxilia EAD\",\"isPartOf\":{\"@id\":\"https:\/\/auxiliaformacion.es\/ca\/#website\"},\"datePublished\":\"2019-03-21T11:03:19+00:00\",\"dateModified\":\"2024-04-17T07:56:27+00:00\",\"breadcrumb\":{\"@id\":\"https:\/\/auxiliaformacion.es\/ca\/contacte\/politica-de-privadesa\/#breadcrumb\"},\"inLanguage\":\"ca\",\"potentialAction\":[{\"@type\":\"ReadAction\",\"target\":[\"https:\/\/auxiliaformacion.es\/ca\/contacte\/politica-de-privadesa\/\"]}]},{\"@type\":\"BreadcrumbList\",\"@id\":\"https:\/\/auxiliaformacion.es\/ca\/contacte\/politica-de-privadesa\/#breadcrumb\",\"itemListElement\":[{\"@type\":\"ListItem\",\"position\":1,\"name\":\"Portada\",\"item\":\"https:\/\/auxiliaformacion.es\/ca\/\"},{\"@type\":\"ListItem\",\"position\":2,\"name\":\"Contacte\",\"item\":\"https:\/\/auxiliaformacion.es\/ca\/contacte\/\"},{\"@type\":\"ListItem\",\"position\":3,\"name\":\"Pol\u00edtica de privadesa\"}]},{\"@type\":\"WebSite\",\"@id\":\"https:\/\/auxiliaformacion.es\/ca\/#website\",\"url\":\"https:\/\/auxiliaformacion.es\/ca\/\",\"name\":\"Auxilia EAD\",\"description\":\"\",\"publisher\":{\"@id\":\"https:\/\/auxiliaformacion.es\/ca\/#organization\"},\"potentialAction\":[{\"@type\":\"SearchAction\",\"target\":{\"@type\":\"EntryPoint\",\"urlTemplate\":\"https:\/\/auxiliaformacion.es\/ca\/?s={search_term_string}\"},\"query-input\":{\"@type\":\"PropertyValueSpecification\",\"valueRequired\":true,\"valueName\":\"search_term_string\"}}],\"inLanguage\":\"ca\"},{\"@type\":\"Organization\",\"@id\":\"https:\/\/auxiliaformacion.es\/ca\/#organization\",\"name\":\"Auxilia Educaci\u00f3n a Distancia\",\"url\":\"https:\/\/auxiliaformacion.es\/ca\/\",\"logo\":{\"@type\":\"ImageObject\",\"inLanguage\":\"ca\",\"@id\":\"https:\/\/auxiliaformacion.es\/ca\/#\/schema\/logo\/image\/\",\"url\":\"https:\/\/auxiliaformacion.es\/wp-content\/uploads\/2019\/02\/Auxilia-Ensenanaza-a-distancia-logo.png\",\"contentUrl\":\"https:\/\/auxiliaformacion.es\/wp-content\/uploads\/2019\/02\/Auxilia-Ensenanaza-a-distancia-logo.png\",\"width\":1000,\"height\":141,\"caption\":\"Auxilia Educaci\u00f3n a Distancia\"},\"image\":{\"@id\":\"https:\/\/auxiliaformacion.es\/ca\/#\/schema\/logo\/image\/\"}}]}<\/script>\n<!-- \/ Yoast SEO plugin. -->","yoast_head_json":{"title":"Pol\u00edtica de privadesa - Auxilia EAD","robots":{"index":"index","follow":"follow","max-snippet":"max-snippet:-1","max-image-preview":"max-image-preview:large","max-video-preview":"max-video-preview:-1"},"canonical":"https:\/\/auxiliaformacion.es\/ca\/contacte\/politica-de-privadesa\/","og_locale":"ca_ES","og_type":"article","og_title":"Pol\u00edtica de privadesa - Auxilia EAD","og_description":"Pol\u00edtica de privadesa Informaci\u00f3 general del Responsable del tractament de dades ASSOCIACI\u00d3 AUXILIA. CIF G-08317059 C\/ Elfo, 148 \u2013 local esquerre. 28027 \u2013 Madrid info@auxilia.es Inscrita en el Registre d&#8217;Associacions amb n\u00famero 10.322 Dades de la Delegaci\u00f3: C \/ Angl\u00ed, 50 08017 Barcelona barcelona@auxilia.es \/ enseadistancia@auxilia.es Protecci\u00f3 de dades personals D&#8217;acord amb l&#8217;art. 13 del [&hellip;]","og_url":"https:\/\/auxiliaformacion.es\/ca\/contacte\/politica-de-privadesa\/","og_site_name":"Auxilia EAD","article_modified_time":"2024-04-17T07:56:27+00:00","twitter_card":"summary_large_image","twitter_misc":{"Temps estimat de lectura":"5 minuts"},"schema":{"@context":"https:\/\/schema.org","@graph":[{"@type":"WebPage","@id":"https:\/\/auxiliaformacion.es\/ca\/contacte\/politica-de-privadesa\/","url":"https:\/\/auxiliaformacion.es\/ca\/contacte\/politica-de-privadesa\/","name":"Pol\u00edtica de privadesa - Auxilia EAD","isPartOf":{"@id":"https:\/\/auxiliaformacion.es\/ca\/#website"},"datePublished":"2019-03-21T11:03:19+00:00","dateModified":"2024-04-17T07:56:27+00:00","breadcrumb":{"@id":"https:\/\/auxiliaformacion.es\/ca\/contacte\/politica-de-privadesa\/#breadcrumb"},"inLanguage":"ca","potentialAction":[{"@type":"ReadAction","target":["https:\/\/auxiliaformacion.es\/ca\/contacte\/politica-de-privadesa\/"]}]},{"@type":"BreadcrumbList","@id":"https:\/\/auxiliaformacion.es\/ca\/contacte\/politica-de-privadesa\/#breadcrumb","itemListElement":[{"@type":"ListItem","position":1,"name":"Portada","item":"https:\/\/auxiliaformacion.es\/ca\/"},{"@type":"ListItem","position":2,"name":"Contacte","item":"https:\/\/auxiliaformacion.es\/ca\/contacte\/"},{"@type":"ListItem","position":3,"name":"Pol\u00edtica de privadesa"}]},{"@type":"WebSite","@id":"https:\/\/auxiliaformacion.es\/ca\/#website","url":"https:\/\/auxiliaformacion.es\/ca\/","name":"Auxilia EAD","description":"","publisher":{"@id":"https:\/\/auxiliaformacion.es\/ca\/#organization"},"potentialAction":[{"@type":"SearchAction","target":{"@type":"EntryPoint","urlTemplate":"https:\/\/auxiliaformacion.es\/ca\/?s={search_term_string}"},"query-input":{"@type":"PropertyValueSpecification","valueRequired":true,"valueName":"search_term_string"}}],"inLanguage":"ca"},{"@type":"Organization","@id":"https:\/\/auxiliaformacion.es\/ca\/#organization","name":"Auxilia Educaci\u00f3n a Distancia","url":"https:\/\/auxiliaformacion.es\/ca\/","logo":{"@type":"ImageObject","inLanguage":"ca","@id":"https:\/\/auxiliaformacion.es\/ca\/#\/schema\/logo\/image\/","url":"https:\/\/auxiliaformacion.es\/wp-content\/uploads\/2019\/02\/Auxilia-Ensenanaza-a-distancia-logo.png","contentUrl":"https:\/\/auxiliaformacion.es\/wp-content\/uploads\/2019\/02\/Auxilia-Ensenanaza-a-distancia-logo.png","width":1000,"height":141,"caption":"Auxilia Educaci\u00f3n a Distancia"},"image":{"@id":"https:\/\/auxiliaformacion.es\/ca\/#\/schema\/logo\/image\/"}}]}},"_links":{"self":[{"href":"https:\/\/auxiliaformacion.es\/ca\/wp-json\/wp\/v2\/pages\/722","targetHints":{"allow":["GET"]}}],"collection":[{"href":"https:\/\/auxiliaformacion.es\/ca\/wp-json\/wp\/v2\/pages"}],"about":[{"href":"https:\/\/auxiliaformacion.es\/ca\/wp-json\/wp\/v2\/types\/page"}],"author":[{"embeddable":true,"href":"https:\/\/auxiliaformacion.es\/ca\/wp-json\/wp\/v2\/users\/1"}],"replies":[{"embeddable":true,"href":"https:\/\/auxiliaformacion.es\/ca\/wp-json\/wp\/v2\/comments?post=722"}],"version-history":[{"count":0,"href":"https:\/\/auxiliaformacion.es\/ca\/wp-json\/wp\/v2\/pages\/722\/revisions"}],"up":[{"embeddable":true,"href":"https:\/\/auxiliaformacion.es\/ca\/wp-json\/wp\/v2\/pages\/707"}],"wp:attachment":[{"href":"https:\/\/auxiliaformacion.es\/ca\/wp-json\/wp\/v2\/media?parent=722"}],"curies":[{"name":"wp","href":"https:\/\/api.w.org\/{rel}","templated":true}]}}