{"id":714,"date":"2019-03-21T10:22:45","date_gmt":"2019-03-21T10:22:45","guid":{"rendered":"https:\/\/auxiliaformacion.es\/?page_id=714"},"modified":"2019-03-21T11:00:37","modified_gmt":"2019-03-21T11:00:37","slug":"avis-legal","status":"publish","type":"page","link":"https:\/\/auxiliaformacion.es\/ca\/contacte\/avis-legal\/","title":{"rendered":"Av\u00eds legal"},"content":{"rendered":"<h1 style=\"text-align: center;\">Acceptaci\u00f3 de l&#8217;Av\u00eds legal<\/h1>\n<hr \/>\n<p>El present av\u00eds legal regula l&#8217;\u00fas del servei del portal d&#8217;Internet www.auxilia.es\/ead\/ (d&#8217;ara endavant, el \u201cPortal\u201d) que Associaci\u00f3 Auxilia (d&#8217;ara endavant \u201dEL TITULAR\u201d) posa a la disposici\u00f3 dels usuaris d&#8217;Internet.<\/p>\n<p>La utilitzaci\u00f3 del Portal atribueix la condici\u00f3 d&#8217;usuari del Portal (d&#8217;ara endavant, \u201cUsuari\u201d) i implica l&#8217;acceptaci\u00f3 plena i sense reserves de totes i cadascuna de les disposicions incloses en aquest Av\u00eds Legal.<\/p>\n<p>En conseq\u00fc\u00e8ncia, l&#8217;Usuari ha de llegir atentament el present Av\u00eds Legal en cadascuna de les ocasions que es proposi utilitzar el Portal, ja que aquest pot sofrir modificacions.<\/p>\n<p>EL TITULAR es reserva el dret a modificar unilateralment, en qualsevol moment i sense previ av\u00eds, la presentaci\u00f3 i configuraci\u00f3 del Portal, aix\u00ed com els Serveis i les condicions requerides per utilitzar el Portal i els Serveis.<br \/>\n<strong>Informaci\u00f3 general del Titular<\/strong><\/p>\n<ul>\n<li>Associaci\u00f3 Auxilia<\/li>\n<li>G-08317059<\/li>\n<li>c\/ Elfo, 148, local esq.<\/li>\n<li>28027 Madrid<\/li>\n<li>Telf. +34 914 07 33 01<\/li>\n<\/ul>\n<p>Inscrita en el Registre d&#8217;Associacions amb nombre 10.322<\/p>\n<p><strong>Informaci\u00f3 de l&#8217;objecte del Portal<\/strong><\/p>\n<p>El present Portal \u00e9s una plataforma constitu\u00efda amb la finalitat d&#8217;oferir informaci\u00f3 sobre els serveis que ofereix l&#8217;Associaci\u00f3.<\/p>\n<p>El Portal no constitueix una plataforma de contractaci\u00f3 online.<\/p>\n<p><strong>Tipus de Serveis que ofereix el Portal<\/strong><\/p>\n<ul>\n<li>Servei d&#8217;informaci\u00f3 general de l&#8217;Associaci\u00f3 i serveis que ofereix.<\/li>\n<li>Servei d&#8217;informaci\u00f3 de not\u00edcies del Titular i del Sector que puguin ser rellevants.<\/li>\n<li>Servei de sol\u00b7licitud d&#8217;informaci\u00f3: l&#8217;Usuari pot sol\u00b7licitar informaci\u00f3 sobre els serveis que ofereix l&#8217;Associaci\u00f3 a trav\u00e9s dels diferents mitjans publicats en la web.<\/li>\n<\/ul>\n<p>Tots els serveis d&#8217;informaci\u00f3 general a trav\u00e9s de la web s\u00f3n gratu\u00efts.<\/p>\n<p>Per a informaci\u00f3 sobre el tractament de les seves dades consulti la Pol\u00edtica de Privadesa.<\/p>\n<p><strong>Condicions d&#8217;acc\u00e9s i utilitzaci\u00f3<\/strong><\/p>\n<p><strong>Veracitat de la informaci\u00f3<\/strong><\/p>\n<p>Tota la informaci\u00f3 que faciliti l&#8217;Usuari a trav\u00e9s de formularis o mitjans de contacte haur\u00e0 de ser vera\u00e7. A aquests efectes, l&#8217;Usuari garanteix l&#8217;autenticitat de totes aquelles dades que comuniqui.<\/p>\n<p>D&#8217;igual forma, ser\u00e0 responsabilitat de l&#8217;Usuari mantenir tota la informaci\u00f3 facilitada al TITULAR permanentment actualitzada de manera que respongui, a cada moment, a la situaci\u00f3 real de l&#8217;Usuari. En tot caso l&#8217;Usuari ser\u00e0 l&#8217;\u00fanic responsable de les manifestacions falses o inexactes que realitzi i dels perjudicis que causi al TITULAR o a tercers per la informaci\u00f3 que faciliti<\/p>\n<p><strong>Obligaci\u00f3 de fer un \u00fas correcte del Portal i dels Serveis<\/strong><\/p>\n<p>L&#8217;Usuari es compromet a utilitzar el Portal i els Serveis de conformitat amb la llei, el present Av\u00eds Legal, i altres avisos, reglaments d&#8217;\u00fas i instruccions posats en el seu coneixement, aix\u00ed com amb la moral i els bons costums generalment acceptades i l&#8217;ordre p\u00fablic.<\/p>\n<p>A aquest efecte, l&#8217;Usuari s&#8217;obliga a abstenir-se d&#8217;utilitzar qualsevol dels Serveis amb finalitats o efectes il\u00b7l\u00edcits, prohibits en el present Av\u00eds Legal, lesius dels drets i interessos de tercers, o que de qualsevol forma puguin danyar, inutilitzar, sobrecarregar, deteriorar o impedir la normal utilitzaci\u00f3 dels Serveis, els equips inform\u00e0tics o els documents, arxius i tota classe de continguts emmagatzemats en qualsevol equip inform\u00e0tic del TITULAR, d&#8217;altres Usuaris o de qualsevol usuari d&#8217;Internet.<\/p>\n<p>Tots els drets de propietat industrial i intel\u00b7lectual del Portal, aix\u00ed com dels elements continguts en el mateix (que inclouen entre altres imatges, textos\u2026) pertanyen al TITULAR.<\/p>\n<p><strong>Responsabilitat per danys i perjudicis<\/strong><\/p>\n<p>L&#8217;Usuari respondr\u00e0 dels danys i perjudicis de tota naturalesa que EL TITULAR pugui sofrir, directa o indirectament com a conseq\u00fc\u00e8ncia de l&#8217;incompliment de qualsevol de les obligacions derivades de l&#8217;Av\u00eds Legal o de la llei en relaci\u00f3 amb la utilitzaci\u00f3 del Portal i, en particular, es compromet a abstenir-se de:<\/p>\n<p>(a) reproduir, copiar, distribuir, posar a disposici\u00f3 o de qualsevol altra forma comunicar p\u00fablicament, transformar o modificar els Continguts, tret que es compti amb l&#8217;autoritzaci\u00f3 del titular dels corresponents drets o aix\u00f2 resulti legalment perm\u00e8s.<\/p>\n<p>(b) suprimir, manipular o de qualsevol forma alterar el \u201ccopyright\u201d i altres dades identificatives de la reserva de drets del TITULAR o dels seus titulars, de les empremtes digitals o de qualssevol altres mitjans t\u00e8cnics establerts per al seu reconeixement.<\/p>\n<p>L&#8217;Usuari deur\u00e0 abstenir-se d&#8217;obtenir i fins i tot d&#8217;intentar obtenir els Continguts emprant per a aix\u00f2 mitjans o procediments diferents dels quals, segons els casos, s&#8217;hagin posat a la seva disposici\u00f3 a aquest efecte o s&#8217;hagin indicat a aquest efecte a les p\u00e0gines web on es trobin els Continguts o, en general, dels quals s&#8217;emprin habitualment en Internet a aquest efecte sempre que no comportin un risc de dany o inutilitzaci\u00f3 del Portal, dels Serveis i o\/dels Continguts.<\/p>\n<p><strong>Inexist\u00e8ncia de Llic\u00e8ncia<\/strong><\/p>\n<p>Totes les marques, noms comercials o signes distintius de qualsevol classe que apareixen al Portal, aix\u00ed com els continguts, s\u00f3n propietat del TITULAR, sense que pugui entendre&#8217;s que l&#8217;\u00fas o acc\u00e9s al Portal atribueixi a l&#8217;Usuari dret algun sobre les citades marques, noms comercials i o\/signes distintius i continguts.<\/p>\n<p><strong>Jurisdicci\u00f3 i legislaci\u00f3 aplicable<\/strong><\/p>\n<p>Les Normes d&#8217;\u00das que es troben en el present Acord Legal, es regeixen per la legislaci\u00f3 espanyola i auton\u00f2mica. Tant EL TITULAR com els usuaris del Lloc estan d&#8217;acord en qu\u00e8 para qualsevol discrep\u00e0ncia que pugui sorgir quant a la interpretaci\u00f3, compliment i\/o execuci\u00f3, de les presents normes se sotmetran expressament a la jurisdicci\u00f3 dels Jutges i Tribunals competents del domicili del TITULAR, amb ren\u00fancia expressa, a qualsevol altre fur que pogu\u00e9s correspondre&#8217;ls.<\/p>\n<p>&nbsp;<\/p>\n<div class=\"gsp_post_data\" \r\n\t            data-post_type=\"page\" \r\n\t            data-cat=\"\" \r\n\t            data-modified=\"120\"\r\n\t            data-created=\"1553163765\"\r\n\t            data-title=\"Av\u00eds legal\" \r\n\t            data-home=\"https:\/\/auxiliaformacion.es\/ca\/\"><\/div>","protected":false},"excerpt":{"rendered":"<p>Acceptaci\u00f3 de l&#8217;Av\u00eds legal El present av\u00eds legal regula l&#8217;\u00fas del servei del portal d&#8217;Internet www.auxilia.es\/ead\/ (d&#8217;ara endavant, el \u201cPortal\u201d) que Associaci\u00f3 Auxilia (d&#8217;ara endavant \u201dEL TITULAR\u201d) posa a la disposici\u00f3 dels usuaris d&#8217;Internet. La utilitzaci\u00f3 del Portal atribueix la condici\u00f3 d&#8217;usuari del Portal (d&#8217;ara endavant, \u201cUsuari\u201d) i implica l&#8217;acceptaci\u00f3 plena i sense reserves de [&hellip;]<\/p>\n","protected":false},"author":1,"featured_media":0,"parent":707,"menu_order":0,"comment_status":"closed","ping_status":"closed","template":"page-full-width.php","meta":{"footnotes":""},"class_list":["post-714","page","type-page","status-publish","hentry"],"yoast_head":"<!-- This site is optimized with the Yoast SEO plugin v27.1.1 - https:\/\/yoast.com\/product\/yoast-seo-wordpress\/ -->\n<title>Av\u00eds legal - Auxilia EAD<\/title>\n<meta name=\"robots\" content=\"index, follow, max-snippet:-1, max-image-preview:large, max-video-preview:-1\" \/>\n<link rel=\"canonical\" href=\"https:\/\/auxiliaformacion.es\/ca\/contacte\/avis-legal\/\" \/>\n<meta property=\"og:locale\" content=\"ca_ES\" \/>\n<meta property=\"og:type\" content=\"article\" \/>\n<meta property=\"og:title\" content=\"Av\u00eds legal - Auxilia EAD\" \/>\n<meta property=\"og:description\" content=\"Acceptaci\u00f3 de l&#8217;Av\u00eds legal El present av\u00eds legal regula l&#8217;\u00fas del servei del portal d&#8217;Internet www.auxilia.es\/ead\/ (d&#8217;ara endavant, el \u201cPortal\u201d) que Associaci\u00f3 Auxilia (d&#8217;ara endavant \u201dEL TITULAR\u201d) posa a la disposici\u00f3 dels usuaris d&#8217;Internet. La utilitzaci\u00f3 del Portal atribueix la condici\u00f3 d&#8217;usuari del Portal (d&#8217;ara endavant, \u201cUsuari\u201d) i implica l&#8217;acceptaci\u00f3 plena i sense reserves de [&hellip;]\" \/>\n<meta property=\"og:url\" content=\"https:\/\/auxiliaformacion.es\/ca\/contacte\/avis-legal\/\" \/>\n<meta property=\"og:site_name\" content=\"Auxilia EAD\" \/>\n<meta property=\"article:modified_time\" content=\"2019-03-21T11:00:37+00:00\" \/>\n<meta name=\"twitter:card\" content=\"summary_large_image\" \/>\n<meta name=\"twitter:label1\" content=\"Temps estimat de lectura\" \/>\n\t<meta name=\"twitter:data1\" content=\"5 minuts\" \/>\n<script type=\"application\/ld+json\" class=\"yoast-schema-graph\">{\"@context\":\"https:\/\/schema.org\",\"@graph\":[{\"@type\":\"WebPage\",\"@id\":\"https:\/\/auxiliaformacion.es\/ca\/contacte\/avis-legal\/\",\"url\":\"https:\/\/auxiliaformacion.es\/ca\/contacte\/avis-legal\/\",\"name\":\"Av\u00eds legal - Auxilia EAD\",\"isPartOf\":{\"@id\":\"https:\/\/auxiliaformacion.es\/ca\/#website\"},\"datePublished\":\"2019-03-21T10:22:45+00:00\",\"dateModified\":\"2019-03-21T11:00:37+00:00\",\"breadcrumb\":{\"@id\":\"https:\/\/auxiliaformacion.es\/ca\/contacte\/avis-legal\/#breadcrumb\"},\"inLanguage\":\"ca\",\"potentialAction\":[{\"@type\":\"ReadAction\",\"target\":[\"https:\/\/auxiliaformacion.es\/ca\/contacte\/avis-legal\/\"]}]},{\"@type\":\"BreadcrumbList\",\"@id\":\"https:\/\/auxiliaformacion.es\/ca\/contacte\/avis-legal\/#breadcrumb\",\"itemListElement\":[{\"@type\":\"ListItem\",\"position\":1,\"name\":\"Portada\",\"item\":\"https:\/\/auxiliaformacion.es\/ca\/\"},{\"@type\":\"ListItem\",\"position\":2,\"name\":\"Contacte\",\"item\":\"https:\/\/auxiliaformacion.es\/ca\/contacte\/\"},{\"@type\":\"ListItem\",\"position\":3,\"name\":\"Av\u00eds legal\"}]},{\"@type\":\"WebSite\",\"@id\":\"https:\/\/auxiliaformacion.es\/ca\/#website\",\"url\":\"https:\/\/auxiliaformacion.es\/ca\/\",\"name\":\"Auxilia EAD\",\"description\":\"\",\"publisher\":{\"@id\":\"https:\/\/auxiliaformacion.es\/ca\/#organization\"},\"potentialAction\":[{\"@type\":\"SearchAction\",\"target\":{\"@type\":\"EntryPoint\",\"urlTemplate\":\"https:\/\/auxiliaformacion.es\/ca\/?s={search_term_string}\"},\"query-input\":{\"@type\":\"PropertyValueSpecification\",\"valueRequired\":true,\"valueName\":\"search_term_string\"}}],\"inLanguage\":\"ca\"},{\"@type\":\"Organization\",\"@id\":\"https:\/\/auxiliaformacion.es\/ca\/#organization\",\"name\":\"Auxilia Educaci\u00f3n a Distancia\",\"url\":\"https:\/\/auxiliaformacion.es\/ca\/\",\"logo\":{\"@type\":\"ImageObject\",\"inLanguage\":\"ca\",\"@id\":\"https:\/\/auxiliaformacion.es\/ca\/#\/schema\/logo\/image\/\",\"url\":\"https:\/\/auxiliaformacion.es\/wp-content\/uploads\/2019\/02\/Auxilia-Ensenanaza-a-distancia-logo.png\",\"contentUrl\":\"https:\/\/auxiliaformacion.es\/wp-content\/uploads\/2019\/02\/Auxilia-Ensenanaza-a-distancia-logo.png\",\"width\":1000,\"height\":141,\"caption\":\"Auxilia Educaci\u00f3n a Distancia\"},\"image\":{\"@id\":\"https:\/\/auxiliaformacion.es\/ca\/#\/schema\/logo\/image\/\"}}]}<\/script>\n<!-- \/ Yoast SEO plugin. -->","yoast_head_json":{"title":"Av\u00eds legal - Auxilia EAD","robots":{"index":"index","follow":"follow","max-snippet":"max-snippet:-1","max-image-preview":"max-image-preview:large","max-video-preview":"max-video-preview:-1"},"canonical":"https:\/\/auxiliaformacion.es\/ca\/contacte\/avis-legal\/","og_locale":"ca_ES","og_type":"article","og_title":"Av\u00eds legal - Auxilia EAD","og_description":"Acceptaci\u00f3 de l&#8217;Av\u00eds legal El present av\u00eds legal regula l&#8217;\u00fas del servei del portal d&#8217;Internet www.auxilia.es\/ead\/ (d&#8217;ara endavant, el \u201cPortal\u201d) que Associaci\u00f3 Auxilia (d&#8217;ara endavant \u201dEL TITULAR\u201d) posa a la disposici\u00f3 dels usuaris d&#8217;Internet. La utilitzaci\u00f3 del Portal atribueix la condici\u00f3 d&#8217;usuari del Portal (d&#8217;ara endavant, \u201cUsuari\u201d) i implica l&#8217;acceptaci\u00f3 plena i sense reserves de [&hellip;]","og_url":"https:\/\/auxiliaformacion.es\/ca\/contacte\/avis-legal\/","og_site_name":"Auxilia EAD","article_modified_time":"2019-03-21T11:00:37+00:00","twitter_card":"summary_large_image","twitter_misc":{"Temps estimat de lectura":"5 minuts"},"schema":{"@context":"https:\/\/schema.org","@graph":[{"@type":"WebPage","@id":"https:\/\/auxiliaformacion.es\/ca\/contacte\/avis-legal\/","url":"https:\/\/auxiliaformacion.es\/ca\/contacte\/avis-legal\/","name":"Av\u00eds legal - Auxilia EAD","isPartOf":{"@id":"https:\/\/auxiliaformacion.es\/ca\/#website"},"datePublished":"2019-03-21T10:22:45+00:00","dateModified":"2019-03-21T11:00:37+00:00","breadcrumb":{"@id":"https:\/\/auxiliaformacion.es\/ca\/contacte\/avis-legal\/#breadcrumb"},"inLanguage":"ca","potentialAction":[{"@type":"ReadAction","target":["https:\/\/auxiliaformacion.es\/ca\/contacte\/avis-legal\/"]}]},{"@type":"BreadcrumbList","@id":"https:\/\/auxiliaformacion.es\/ca\/contacte\/avis-legal\/#breadcrumb","itemListElement":[{"@type":"ListItem","position":1,"name":"Portada","item":"https:\/\/auxiliaformacion.es\/ca\/"},{"@type":"ListItem","position":2,"name":"Contacte","item":"https:\/\/auxiliaformacion.es\/ca\/contacte\/"},{"@type":"ListItem","position":3,"name":"Av\u00eds legal"}]},{"@type":"WebSite","@id":"https:\/\/auxiliaformacion.es\/ca\/#website","url":"https:\/\/auxiliaformacion.es\/ca\/","name":"Auxilia EAD","description":"","publisher":{"@id":"https:\/\/auxiliaformacion.es\/ca\/#organization"},"potentialAction":[{"@type":"SearchAction","target":{"@type":"EntryPoint","urlTemplate":"https:\/\/auxiliaformacion.es\/ca\/?s={search_term_string}"},"query-input":{"@type":"PropertyValueSpecification","valueRequired":true,"valueName":"search_term_string"}}],"inLanguage":"ca"},{"@type":"Organization","@id":"https:\/\/auxiliaformacion.es\/ca\/#organization","name":"Auxilia Educaci\u00f3n a Distancia","url":"https:\/\/auxiliaformacion.es\/ca\/","logo":{"@type":"ImageObject","inLanguage":"ca","@id":"https:\/\/auxiliaformacion.es\/ca\/#\/schema\/logo\/image\/","url":"https:\/\/auxiliaformacion.es\/wp-content\/uploads\/2019\/02\/Auxilia-Ensenanaza-a-distancia-logo.png","contentUrl":"https:\/\/auxiliaformacion.es\/wp-content\/uploads\/2019\/02\/Auxilia-Ensenanaza-a-distancia-logo.png","width":1000,"height":141,"caption":"Auxilia Educaci\u00f3n a Distancia"},"image":{"@id":"https:\/\/auxiliaformacion.es\/ca\/#\/schema\/logo\/image\/"}}]}},"_links":{"self":[{"href":"https:\/\/auxiliaformacion.es\/ca\/wp-json\/wp\/v2\/pages\/714","targetHints":{"allow":["GET"]}}],"collection":[{"href":"https:\/\/auxiliaformacion.es\/ca\/wp-json\/wp\/v2\/pages"}],"about":[{"href":"https:\/\/auxiliaformacion.es\/ca\/wp-json\/wp\/v2\/types\/page"}],"author":[{"embeddable":true,"href":"https:\/\/auxiliaformacion.es\/ca\/wp-json\/wp\/v2\/users\/1"}],"replies":[{"embeddable":true,"href":"https:\/\/auxiliaformacion.es\/ca\/wp-json\/wp\/v2\/comments?post=714"}],"version-history":[{"count":0,"href":"https:\/\/auxiliaformacion.es\/ca\/wp-json\/wp\/v2\/pages\/714\/revisions"}],"up":[{"embeddable":true,"href":"https:\/\/auxiliaformacion.es\/ca\/wp-json\/wp\/v2\/pages\/707"}],"wp:attachment":[{"href":"https:\/\/auxiliaformacion.es\/ca\/wp-json\/wp\/v2\/media?parent=714"}],"curies":[{"name":"wp","href":"https:\/\/api.w.org\/{rel}","templated":true}]}}