{"id":707,"date":"2019-03-21T10:14:44","date_gmt":"2019-03-21T10:14:44","guid":{"rendered":"https:\/\/auxiliaformacion.es\/?page_id=707"},"modified":"2022-06-23T08:28:04","modified_gmt":"2022-06-23T08:28:04","slug":"contacte","status":"publish","type":"page","link":"https:\/\/auxiliaformacion.es\/ca\/contacte\/","title":{"rendered":"Contacte"},"content":{"rendered":"<h1>Contacta amb nosaltres<\/h1>\n<hr>\n<div class='clearfix'><div class='half'>\n<h2>AUXILIA EAD<\/h2>\n<p><a style=\"text-decoration: none;\" href=\"tel:\/\/932047502\">932 047 502<\/a><br \/>\n<a style=\"text-decoration: none;\" href=\"mailto:barcelona@auxilia.es\">barcelona@auxilia.es<\/a><\/p>\n<p>Angl\u00ed 50, 08017 Barcelona<br \/>\n\t\t<a\t\t\t\thref=\"javascript:void(0)\"\r\n\t\t\t\tclass=\"sgpb-show-popup sgpb-popup-id-784\"\r\n\t\tdata-sgpbpopupid=\"784\"\r\n\t\tdata-popup-event=\"click\"\r\n\t\t>\r\n\t\tVeure en Google Maps\t\t<\/a>\r\n\t\t\n<p>&nbsp;<\/p>\n<div class='message '>\n<h2>Escriu-nos<\/h2>\n\n<div class=\"wpcf7 no-js\" id=\"wpcf7-f710-o1\" lang=\"\" dir=\"ltr\" data-wpcf7-id=\"710\">\n<div class=\"screen-reader-response\"><p role=\"status\" aria-live=\"polite\" aria-atomic=\"true\"><\/p> <ul><\/ul><\/div>\n<form action=\"\/ca\/wp-json\/wp\/v2\/pages\/707#wpcf7-f710-o1\" method=\"post\" class=\"wpcf7-form init\" aria-label=\"Formulari de contacte\" novalidate=\"novalidate\" data-status=\"init\">\n<fieldset class=\"hidden-fields-container\"><input type=\"hidden\" name=\"_wpcf7\" value=\"710\" \/><input type=\"hidden\" name=\"_wpcf7_version\" value=\"6.1.5\" \/><input type=\"hidden\" name=\"_wpcf7_locale\" value=\"\" \/><input type=\"hidden\" name=\"_wpcf7_unit_tag\" value=\"wpcf7-f710-o1\" \/><input type=\"hidden\" name=\"_wpcf7_container_post\" value=\"0\" \/><input type=\"hidden\" name=\"_wpcf7_posted_data_hash\" value=\"\" \/><input type=\"hidden\" name=\"_wpcf7_recaptcha_response\" value=\"\" \/>\n<\/fieldset>\n<p><span class=\"wpcf7-form-control-wrap\" data-name=\"nombre\"><input size=\"40\" maxlength=\"400\" class=\"wpcf7-form-control wpcf7-text wpcf7-validates-as-required\" aria-required=\"true\" aria-invalid=\"false\" placeholder=\"Nom &amp; Cognoms (obligatori)\" value=\"\" type=\"text\" name=\"nombre\" \/><\/span><span class=\"wpcf7-form-control-wrap\" data-name=\"email\"><input size=\"40\" maxlength=\"400\" class=\"wpcf7-form-control wpcf7-email wpcf7-validates-as-required wpcf7-text wpcf7-validates-as-email\" aria-required=\"true\" aria-invalid=\"false\" placeholder=\"Email (obligatori)\" value=\"\" type=\"email\" name=\"email\" \/><\/span><span class=\"wpcf7-form-control-wrap\" data-name=\"tel\"><input size=\"40\" maxlength=\"400\" class=\"wpcf7-form-control wpcf7-text wpcf7-validates-as-required\" aria-required=\"true\" aria-invalid=\"false\" placeholder=\"Tel\u00e8fon (obligatori)\" value=\"\" type=\"text\" name=\"tel\" \/><\/span><span class=\"wpcf7-form-control-wrap\" data-name=\"text\"><input size=\"40\" maxlength=\"400\" class=\"wpcf7-form-control wpcf7-text wpcf7-validates-as-required\" aria-required=\"true\" aria-invalid=\"false\" placeholder=\"Assumpte (obligatori)\" value=\"\" type=\"text\" name=\"text\" \/><\/span><span class=\"wpcf7-form-control-wrap\" data-name=\"observaciones\"><textarea cols=\"60\" rows=\"6\" maxlength=\"2000\" class=\"wpcf7-form-control wpcf7-textarea wpcf7-validates-as-required\" aria-required=\"true\" aria-invalid=\"false\" placeholder=\"Missatge (obligatori)\" name=\"observaciones\"><\/textarea><\/span><br \/>\n<strong style=\"color: #0070C0;\">Av\u00eds legal i consentiment<\/strong>\n<\/p>\n<p><span class=\"wpcf7-form-control-wrap\" data-name=\"acceptance-185\"><span class=\"wpcf7-form-control wpcf7-acceptance\"><span class=\"wpcf7-list-item\"><label><input type=\"checkbox\" name=\"acceptance-185\" value=\"1\" aria-invalid=\"false\" \/><span class=\"wpcf7-list-item-label\">He llegit i accepto la <a target=\"blank\" href=\"https:\/\/auxiliaformacion.es\/ca\/contacte\/politica-de-privadesa\/\"style=\"color: #0070C0;\">Pol\u00edtica de privadesa<\/a><\/p>\n<div style=\"font-size: 11px; line-height: 13px;\"> De conformitat amb el que s'estableix en la normativa vigent en Protecci\u00f3 de Dades de Car\u00e0cter Personal, l'informem que les dades de car\u00e0cter personal que ens ha proporcionat seran incorporats a un fitxer el responsable del qual \u00e9s ASSOCIACI\u00d3 AUXILIA amb la finalitat de tramitar la seva sol\u2022licitud. La legitimaci\u00f3 es deriva de l'exist\u00e8ncia d'una relaci\u00f3 contractual, inter\u00e8s leg\u00edtim i consentiment, segons cada finalitat. D'acord amb els drets que li confereix la normativa vigent en protecci\u00f3 de dades podr\u00e0 exercir els drets d'Acc\u00e9s, Rectificaci\u00f3, Portabilitat, Limitaci\u00f3 de tractament, Supressi\u00f3 o, si \u00e9s el cas, Oposici\u00f3 conforme s'explica en la informaci\u00f3 addicional. Informaci\u00f3 addicional: pot consultar la informaci\u00f3 addicional i detallada sobre Protecci\u00f3 de Dades en la nostra p\u00e0gina web <a target=\"blank\" href=\"https:\/\/auxiliaformacion.es\/ca\/contacte\/politica-de-privadesa\/\"style=\"color: #0070C0;\">https:\/\/auxiliaformacion.es\/contacta\/politica-de-privacidad<\/a><\/div><\/span><\/label><\/span><\/span><\/span><br \/>\n<input class=\"wpcf7-form-control wpcf7-submit has-spinner button\" type=\"submit\" value=\"Enviar\" \/>\n<\/p><div class=\"wpcf7-response-output\" aria-hidden=\"true\"><\/div>\n<\/form>\n<\/div>\n<\/div>\n<\/div><div class='half last'>\n<p><img decoding=\"async\" src=\"https:\/\/auxiliaformacion.es\/wp-content\/uploads\/2019\/02\/Auxilia-Angl\u00ed-50.jpg\" alt=\"\" \/><\/p>\n<\/div><\/div>\n<p>&nbsp;<\/p>\n<div class=\"gsp_post_data\" \r\n\t            data-post_type=\"page\" \r\n\t            data-cat=\"\" \r\n\t            data-modified=\"120\"\r\n\t            data-created=\"1553163284\"\r\n\t            data-title=\"Contacte\" \r\n\t            data-home=\"https:\/\/auxiliaformacion.es\/ca\/\"><\/div>","protected":false},"excerpt":{"rendered":"<p>Contacta amb nosaltres &nbsp;<\/p>\n","protected":false},"author":1,"featured_media":0,"parent":0,"menu_order":0,"comment_status":"closed","ping_status":"closed","template":"page-full-width.php","meta":{"footnotes":""},"class_list":["post-707","page","type-page","status-publish","hentry"],"yoast_head":"<!-- This site is optimized with the Yoast SEO plugin v27.1.1 - https:\/\/yoast.com\/product\/yoast-seo-wordpress\/ -->\n<title>Contacte - Auxilia EAD<\/title>\n<meta name=\"robots\" content=\"index, follow, max-snippet:-1, max-image-preview:large, max-video-preview:-1\" \/>\n<link rel=\"canonical\" href=\"https:\/\/auxiliaformacion.es\/ca\/contacte\/\" \/>\n<meta property=\"og:locale\" content=\"ca_ES\" \/>\n<meta property=\"og:type\" content=\"article\" \/>\n<meta property=\"og:title\" content=\"Contacte - Auxilia EAD\" \/>\n<meta property=\"og:description\" content=\"Contacta amb nosaltres &nbsp;\" \/>\n<meta property=\"og:url\" content=\"https:\/\/auxiliaformacion.es\/ca\/contacte\/\" \/>\n<meta property=\"og:site_name\" content=\"Auxilia EAD\" \/>\n<meta property=\"article:modified_time\" content=\"2022-06-23T08:28:04+00:00\" \/>\n<meta name=\"twitter:card\" content=\"summary_large_image\" \/>\n<script type=\"application\/ld+json\" class=\"yoast-schema-graph\">{\"@context\":\"https:\/\/schema.org\",\"@graph\":[{\"@type\":\"WebPage\",\"@id\":\"https:\/\/auxiliaformacion.es\/ca\/contacte\/\",\"url\":\"https:\/\/auxiliaformacion.es\/ca\/contacte\/\",\"name\":\"Contacte - Auxilia EAD\",\"isPartOf\":{\"@id\":\"https:\/\/auxiliaformacion.es\/ca\/#website\"},\"datePublished\":\"2019-03-21T10:14:44+00:00\",\"dateModified\":\"2022-06-23T08:28:04+00:00\",\"breadcrumb\":{\"@id\":\"https:\/\/auxiliaformacion.es\/ca\/contacte\/#breadcrumb\"},\"inLanguage\":\"ca\",\"potentialAction\":[{\"@type\":\"ReadAction\",\"target\":[\"https:\/\/auxiliaformacion.es\/ca\/contacte\/\"]}]},{\"@type\":\"BreadcrumbList\",\"@id\":\"https:\/\/auxiliaformacion.es\/ca\/contacte\/#breadcrumb\",\"itemListElement\":[{\"@type\":\"ListItem\",\"position\":1,\"name\":\"Portada\",\"item\":\"https:\/\/auxiliaformacion.es\/ca\/\"},{\"@type\":\"ListItem\",\"position\":2,\"name\":\"Contacte\"}]},{\"@type\":\"WebSite\",\"@id\":\"https:\/\/auxiliaformacion.es\/ca\/#website\",\"url\":\"https:\/\/auxiliaformacion.es\/ca\/\",\"name\":\"Auxilia EAD\",\"description\":\"\",\"publisher\":{\"@id\":\"https:\/\/auxiliaformacion.es\/ca\/#organization\"},\"potentialAction\":[{\"@type\":\"SearchAction\",\"target\":{\"@type\":\"EntryPoint\",\"urlTemplate\":\"https:\/\/auxiliaformacion.es\/ca\/?s={search_term_string}\"},\"query-input\":{\"@type\":\"PropertyValueSpecification\",\"valueRequired\":true,\"valueName\":\"search_term_string\"}}],\"inLanguage\":\"ca\"},{\"@type\":\"Organization\",\"@id\":\"https:\/\/auxiliaformacion.es\/ca\/#organization\",\"name\":\"Auxilia Educaci\u00f3n a Distancia\",\"url\":\"https:\/\/auxiliaformacion.es\/ca\/\",\"logo\":{\"@type\":\"ImageObject\",\"inLanguage\":\"ca\",\"@id\":\"https:\/\/auxiliaformacion.es\/ca\/#\/schema\/logo\/image\/\",\"url\":\"https:\/\/auxiliaformacion.es\/wp-content\/uploads\/2019\/02\/Auxilia-Ensenanaza-a-distancia-logo.png\",\"contentUrl\":\"https:\/\/auxiliaformacion.es\/wp-content\/uploads\/2019\/02\/Auxilia-Ensenanaza-a-distancia-logo.png\",\"width\":1000,\"height\":141,\"caption\":\"Auxilia Educaci\u00f3n a Distancia\"},\"image\":{\"@id\":\"https:\/\/auxiliaformacion.es\/ca\/#\/schema\/logo\/image\/\"}}]}<\/script>\n<!-- \/ Yoast SEO plugin. -->","yoast_head_json":{"title":"Contacte - Auxilia EAD","robots":{"index":"index","follow":"follow","max-snippet":"max-snippet:-1","max-image-preview":"max-image-preview:large","max-video-preview":"max-video-preview:-1"},"canonical":"https:\/\/auxiliaformacion.es\/ca\/contacte\/","og_locale":"ca_ES","og_type":"article","og_title":"Contacte - Auxilia EAD","og_description":"Contacta amb nosaltres &nbsp;","og_url":"https:\/\/auxiliaformacion.es\/ca\/contacte\/","og_site_name":"Auxilia EAD","article_modified_time":"2022-06-23T08:28:04+00:00","twitter_card":"summary_large_image","schema":{"@context":"https:\/\/schema.org","@graph":[{"@type":"WebPage","@id":"https:\/\/auxiliaformacion.es\/ca\/contacte\/","url":"https:\/\/auxiliaformacion.es\/ca\/contacte\/","name":"Contacte - Auxilia EAD","isPartOf":{"@id":"https:\/\/auxiliaformacion.es\/ca\/#website"},"datePublished":"2019-03-21T10:14:44+00:00","dateModified":"2022-06-23T08:28:04+00:00","breadcrumb":{"@id":"https:\/\/auxiliaformacion.es\/ca\/contacte\/#breadcrumb"},"inLanguage":"ca","potentialAction":[{"@type":"ReadAction","target":["https:\/\/auxiliaformacion.es\/ca\/contacte\/"]}]},{"@type":"BreadcrumbList","@id":"https:\/\/auxiliaformacion.es\/ca\/contacte\/#breadcrumb","itemListElement":[{"@type":"ListItem","position":1,"name":"Portada","item":"https:\/\/auxiliaformacion.es\/ca\/"},{"@type":"ListItem","position":2,"name":"Contacte"}]},{"@type":"WebSite","@id":"https:\/\/auxiliaformacion.es\/ca\/#website","url":"https:\/\/auxiliaformacion.es\/ca\/","name":"Auxilia EAD","description":"","publisher":{"@id":"https:\/\/auxiliaformacion.es\/ca\/#organization"},"potentialAction":[{"@type":"SearchAction","target":{"@type":"EntryPoint","urlTemplate":"https:\/\/auxiliaformacion.es\/ca\/?s={search_term_string}"},"query-input":{"@type":"PropertyValueSpecification","valueRequired":true,"valueName":"search_term_string"}}],"inLanguage":"ca"},{"@type":"Organization","@id":"https:\/\/auxiliaformacion.es\/ca\/#organization","name":"Auxilia Educaci\u00f3n a Distancia","url":"https:\/\/auxiliaformacion.es\/ca\/","logo":{"@type":"ImageObject","inLanguage":"ca","@id":"https:\/\/auxiliaformacion.es\/ca\/#\/schema\/logo\/image\/","url":"https:\/\/auxiliaformacion.es\/wp-content\/uploads\/2019\/02\/Auxilia-Ensenanaza-a-distancia-logo.png","contentUrl":"https:\/\/auxiliaformacion.es\/wp-content\/uploads\/2019\/02\/Auxilia-Ensenanaza-a-distancia-logo.png","width":1000,"height":141,"caption":"Auxilia Educaci\u00f3n a Distancia"},"image":{"@id":"https:\/\/auxiliaformacion.es\/ca\/#\/schema\/logo\/image\/"}}]}},"_links":{"self":[{"href":"https:\/\/auxiliaformacion.es\/ca\/wp-json\/wp\/v2\/pages\/707","targetHints":{"allow":["GET"]}}],"collection":[{"href":"https:\/\/auxiliaformacion.es\/ca\/wp-json\/wp\/v2\/pages"}],"about":[{"href":"https:\/\/auxiliaformacion.es\/ca\/wp-json\/wp\/v2\/types\/page"}],"author":[{"embeddable":true,"href":"https:\/\/auxiliaformacion.es\/ca\/wp-json\/wp\/v2\/users\/1"}],"replies":[{"embeddable":true,"href":"https:\/\/auxiliaformacion.es\/ca\/wp-json\/wp\/v2\/comments?post=707"}],"version-history":[{"count":0,"href":"https:\/\/auxiliaformacion.es\/ca\/wp-json\/wp\/v2\/pages\/707\/revisions"}],"wp:attachment":[{"href":"https:\/\/auxiliaformacion.es\/ca\/wp-json\/wp\/v2\/media?parent=707"}],"curies":[{"name":"wp","href":"https:\/\/api.w.org\/{rel}","templated":true}]}}