{"id":704,"date":"2019-03-21T10:10:10","date_gmt":"2019-03-21T10:10:10","guid":{"rendered":"https:\/\/auxiliaformacion.es\/?page_id=704"},"modified":"2022-06-29T07:48:49","modified_gmt":"2022-06-29T07:48:49","slug":"mecenatge-empresarial","status":"publish","type":"page","link":"https:\/\/auxiliaformacion.es\/ca\/collabora\/mecenatge-empresarial\/","title":{"rendered":"Mecenatge empresarial"},"content":{"rendered":"<p>&nbsp;<\/p>\n<h1>Mecenatge empresarial<\/h1>\n<hr \/>\n<div class='clearfix'><div class='third'>\n<h2>Si ets una empresa o entitat amb Responsabilitat Social Empresarial (RSE) o Corporativa (RSC), pots ajudar-nos. Col\u00b7labora amb nosaltres!<\/h2>\n<p>En el m\u00f3n de les ONG, entitats i associacions que tenen com a objectiu una acci\u00f3 social, s\u00f3n coneguts els enunciats de <strong>\u201cResponsabilitat Social Empresarial\u201c(RSE)\u00a0<\/strong>i el de la<strong> \u201cResponsabilitat Social Corporativa\u201d (RSC)<\/strong>\u00a0que s&#8217;entenen com la contribuci\u00f3 i el comprom\u00eds que lliurement adquireixen algunes empreses cap a la societat amb la finalitat que aquesta millori la seva qualitat de vida.<\/p>\n<p>El seu objectiu primari persegueix millorar les condicions laborals dels seus treballadors, aconseguint un bon clima de treball, i en conseq\u00fc\u00e8ncia una major rendibilitat en la producci\u00f3 i la competitivitat.<\/p>\n<p>Per\u00f2 un altre dels seus objectius apunta cap al suport a les <strong>\u201cCauses Humanit\u00e0ries\u201d<\/strong> siguen aquestes ambientals o socials. Una empresa que destina una part dels seus beneficis a una d&#8217;aquestes causes, adquireix davant la societat una millor imatge i un major reconeixement p\u00fablic. Et proposem algunes idees.<\/p>\n<\/div><div class='third'>\n<p><strong>Estimular i fomentar les iniciatives dels empleats.<\/strong><\/p>\n<ul>\n<li>Aportar 1 euro mensual de la seva n\u00f2mina<\/li>\n<li>Destinar la recaptaci\u00f3 d&#8217;una jornada de les m\u00e0quines de caf\u00e9<\/li>\n<li>Col\u00b7laborar amb els Projectes d\u2019AUXILIA en curs<\/li>\n<li>Celebrar un esmorzar festiu (aniversari, sant, familiar) amb una col\u00b7lecta solid\u00e0ria<\/li>\n<li>Organitzar un Sorteig o una T\u00f3mbola els beneficis de la qual vagin destinats a AUXILIA<\/li>\n<li>I tantes i tantes propostes que poden sorgir fruit de la iniciativa i imaginaci\u00f3\u2026<\/li>\n<\/ul>\n<p><strong>Patrocinar un Esdeveniment o Campanya a benefici d\u2019AUXILIA.<\/strong><\/p>\n<p>Nosaltres donarem a con\u00e9ixer i farem difusi\u00f3 en la nostra p\u00e0gina web, del nom de l&#8217;empresa col\u00b7laboradora esperant que, de forma rec\u00edproca, quedi const\u00e0ncia d\u2019Auxilia a la seva p\u00e0gina.<\/p>\n<p>&nbsp;<\/p>\n<\/div><div class='third last'> <img decoding=\"async\" src=\"https:\/\/auxiliaformacion.es\/wp-content\/uploads\/2022\/06\/Auxilia-Empresarial-01.jpg\" alt=\"\" \/> <\/div><\/div>\n<p>&nbsp;<\/p>\n<p style=\"text-align: center;\"><a href='https:\/\/auxiliaformacion.es\/ca\/contacte\/' target='_self' class='btn'>CONTACTA AMB NOSALTRES PER A UNA COL\u00b7LABORACI\u00d3<\/a>\n<p>&nbsp;<\/p>\n<h2 style=\"text-align: center; font-size: 3rem;\">Ja col\u00b7laboren amb Auxilia EAD<\/h2>\n<p>&nbsp;<\/p>\n<div class=\"smls-main-logo-outer-343199636 smls-main-logo-wrapper\">\r\n      <div class=\"smls-grid-container-template-1 smls-grid smls-grid-column-5 smls-tablet-column-2 smls-mobile-column-1  smls-hover-type-1 clearfix\r\n     \">\r\n            <div class=\"smls-grid-image-wrap  main-div-1\" >\r\n       <div class=\"smls-grid-pad-container\">\r\n                   <img decoding=\"async\" src=\"https:\/\/auxiliaformacion.es\/wp-content\/uploads\/2019\/01\/Auxilia-Caixabank.png\" alt=\"\">\r\n             <\/div>\r\n<\/div>\r\n<div class=\"popup-contact contact-div-1\" id=\"contact-div-1\">\r\n  <div class=\"smls-overlay-contact-info\">\r\n\r\n    <!--Creates the popup content-->\r\n    \r\n\r\n    <!--Content shown when popup is not displayed-->\r\n\r\n\r\n  <\/div>\r\n<\/div>\r\n       <div class=\"smls-grid-image-wrap  main-div-2\" >\r\n       <div class=\"smls-grid-pad-container\">\r\n                   <img decoding=\"async\" src=\"https:\/\/auxiliaformacion.es\/wp-content\/uploads\/2019\/01\/Auxilia-Cronoplast.png\" alt=\"\">\r\n             <\/div>\r\n<\/div>\r\n<div class=\"popup-contact contact-div-2\" id=\"contact-div-2\">\r\n  <div class=\"smls-overlay-contact-info\">\r\n\r\n    <!--Creates the popup content-->\r\n    \r\n\r\n    <!--Content shown when popup is not displayed-->\r\n\r\n\r\n  <\/div>\r\n<\/div>\r\n       <div class=\"smls-grid-image-wrap  main-div-3\" >\r\n       <div class=\"smls-grid-pad-container\">\r\n                   <img decoding=\"async\" src=\"https:\/\/auxiliaformacion.es\/wp-content\/uploads\/2019\/01\/Auxilia-Babyplast.png\" alt=\"\">\r\n             <\/div>\r\n<\/div>\r\n<div class=\"popup-contact contact-div-3\" id=\"contact-div-3\">\r\n  <div class=\"smls-overlay-contact-info\">\r\n\r\n    <!--Creates the popup content-->\r\n    \r\n\r\n    <!--Content shown when popup is not displayed-->\r\n\r\n\r\n  <\/div>\r\n<\/div>\r\n       <div class=\"smls-grid-image-wrap  main-div-4\" >\r\n       <div class=\"smls-grid-pad-container\">\r\n                   <img decoding=\"async\" src=\"https:\/\/auxiliaformacion.es\/wp-content\/uploads\/2019\/01\/Auxilia-Ajuntament-de-Barcelona-Sarria01.jpg\" alt=\"\">\r\n             <\/div>\r\n<\/div>\r\n<div class=\"popup-contact contact-div-4\" id=\"contact-div-4\">\r\n  <div class=\"smls-overlay-contact-info\">\r\n\r\n    <!--Creates the popup content-->\r\n    \r\n\r\n    <!--Content shown when popup is not displayed-->\r\n\r\n\r\n  <\/div>\r\n<\/div>\r\n       <div class=\"smls-grid-image-wrap  main-div-5\" >\r\n       <div class=\"smls-grid-pad-container\">\r\n                   <img decoding=\"async\" src=\"https:\/\/auxiliaformacion.es\/wp-content\/uploads\/2019\/01\/Auxilia-Diputacio-Bcn.jpg\" alt=\"\">\r\n             <\/div>\r\n<\/div>\r\n<div class=\"popup-contact contact-div-5\" id=\"contact-div-5\">\r\n  <div class=\"smls-overlay-contact-info\">\r\n\r\n    <!--Creates the popup content-->\r\n    \r\n\r\n    <!--Content shown when popup is not displayed-->\r\n\r\n\r\n  <\/div>\r\n<\/div>\r\n       <div class=\"smls-grid-image-wrap  main-div-6\" >\r\n       <div class=\"smls-grid-pad-container\">\r\n                   <img decoding=\"async\" src=\"https:\/\/auxiliaformacion.es\/wp-content\/uploads\/2019\/01\/Auxilia-Gobierno-Espa\u00f1a-Ministro-de-Sanidad.png\" alt=\"\">\r\n             <\/div>\r\n<\/div>\r\n<div class=\"popup-contact contact-div-6\" id=\"contact-div-6\">\r\n  <div class=\"smls-overlay-contact-info\">\r\n\r\n    <!--Creates the popup content-->\r\n    \r\n\r\n    <!--Content shown when popup is not displayed-->\r\n\r\n\r\n  <\/div>\r\n<\/div>\r\n       <div class=\"smls-grid-image-wrap  main-div-7\" >\r\n       <div class=\"smls-grid-pad-container\">\r\n                   <img decoding=\"async\" src=\"https:\/\/auxiliaformacion.es\/wp-content\/uploads\/2019\/01\/Auxilia-Fundaci\u00f3n-ONCE01.png\" alt=\"\">\r\n             <\/div>\r\n<\/div>\r\n<div class=\"popup-contact contact-div-7\" id=\"contact-div-7\">\r\n  <div class=\"smls-overlay-contact-info\">\r\n\r\n    <!--Creates the popup content-->\r\n    \r\n\r\n    <!--Content shown when popup is not displayed-->\r\n\r\n\r\n  <\/div>\r\n<\/div>\r\n       <div class=\"smls-grid-image-wrap  main-div-8\" >\r\n       <div class=\"smls-grid-pad-container\">\r\n                   <img decoding=\"async\" src=\"https:\/\/auxiliaformacion.es\/wp-content\/uploads\/2019\/01\/Auxilia-Fundacio-Solidaritat01.jpg\" alt=\"\">\r\n             <\/div>\r\n<\/div>\r\n<div class=\"popup-contact contact-div-8\" id=\"contact-div-8\">\r\n  <div class=\"smls-overlay-contact-info\">\r\n\r\n    <!--Creates the popup content-->\r\n    \r\n\r\n    <!--Content shown when popup is not displayed-->\r\n\r\n\r\n  <\/div>\r\n<\/div>\r\n       <div class=\"smls-grid-image-wrap  smls-external-link-wrapper main-div-9\" >\r\n       <div class=\"smls-grid-pad-container\">\r\n                    <a class=\"smls-url-link-only\" href=\"https:\/\/thewebmaster.es\/\" target=\"_blank\"><img decoding=\"async\" src=\"https:\/\/auxiliaformacion.es\/wp-content\/uploads\/2019\/01\/Auxilia-The-Webmaster-Co-de-Barcelona02.png\" alt=\"\"><\/a>\r\n             <\/div>\r\n<\/div>\r\n<div class=\"popup-contact contact-div-9\" id=\"contact-div-9\">\r\n  <div class=\"smls-overlay-contact-info\">\r\n\r\n    <!--Creates the popup content-->\r\n    \r\n\r\n    <!--Content shown when popup is not displayed-->\r\n\r\n\r\n  <\/div>\r\n<\/div>\r\n       <div class=\"smls-grid-image-wrap  main-div-10\" >\r\n       <div class=\"smls-grid-pad-container\">\r\n                   <img decoding=\"async\" src=\"https:\/\/auxiliaformacion.es\/wp-content\/uploads\/2019\/01\/Auxilia-CaixaBank-Voluntariat-transp.png\" alt=\"\">\r\n             <\/div>\r\n<\/div>\r\n<div class=\"popup-contact contact-div-10\" id=\"contact-div-10\">\r\n  <div class=\"smls-overlay-contact-info\">\r\n\r\n    <!--Creates the popup content-->\r\n    \r\n\r\n    <!--Content shown when popup is not displayed-->\r\n\r\n\r\n  <\/div>\r\n<\/div>\r\n       <div class=\"smls-grid-image-wrap  main-div-11\" >\r\n       <div class=\"smls-grid-pad-container\">\r\n                   <img decoding=\"async\" src=\"https:\/\/auxiliaformacion.es\/wp-content\/uploads\/2019\/03\/Auxilia-Vicens-Vives.jpg\" alt=\"\">\r\n             <\/div>\r\n<\/div>\r\n<div class=\"popup-contact contact-div-11\" id=\"contact-div-11\">\r\n  <div class=\"smls-overlay-contact-info\">\r\n\r\n    <!--Creates the popup content-->\r\n    \r\n\r\n    <!--Content shown when popup is not displayed-->\r\n\r\n\r\n  <\/div>\r\n<\/div>\r\n       <div class=\"smls-grid-image-wrap  main-div-12\" >\r\n       <div class=\"smls-grid-pad-container\">\r\n                   <img decoding=\"async\" src=\"https:\/\/auxiliaformacion.es\/wp-content\/uploads\/2019\/01\/Auxilia-Cocemfe.jpg\" alt=\"\">\r\n             <\/div>\r\n<\/div>\r\n<div class=\"popup-contact contact-div-12\" id=\"contact-div-12\">\r\n  <div class=\"smls-overlay-contact-info\">\r\n\r\n    <!--Creates the popup content-->\r\n    \r\n\r\n    <!--Content shown when popup is not displayed-->\r\n\r\n\r\n  <\/div>\r\n<\/div>\r\n       <div class=\"smls-grid-image-wrap  main-div-13\" >\r\n       <div class=\"smls-grid-pad-container\">\r\n                   <img decoding=\"async\" src=\"https:\/\/auxiliaformacion.es\/wp-content\/uploads\/2019\/01\/Auxilia-Ecom.jpg\" alt=\"\">\r\n             <\/div>\r\n<\/div>\r\n<div class=\"popup-contact contact-div-13\" id=\"contact-div-13\">\r\n  <div class=\"smls-overlay-contact-info\">\r\n\r\n    <!--Creates the popup content-->\r\n    \r\n\r\n    <!--Content shown when popup is not displayed-->\r\n\r\n\r\n  <\/div>\r\n<\/div>\r\n       <div class=\"smls-grid-image-wrap  main-div-14\" >\r\n       <div class=\"smls-grid-pad-container\">\r\n                   <img decoding=\"async\" src=\"https:\/\/auxiliaformacion.es\/wp-content\/uploads\/2019\/01\/Auxilia-Voluntaries.jpg\" alt=\"\">\r\n             <\/div>\r\n<\/div>\r\n<div class=\"popup-contact contact-div-14\" id=\"contact-div-14\">\r\n  <div class=\"smls-overlay-contact-info\">\r\n\r\n    <!--Creates the popup content-->\r\n    \r\n\r\n    <!--Content shown when popup is not displayed-->\r\n\r\n\r\n  <\/div>\r\n<\/div>\r\n       <div class=\"smls-grid-image-wrap  main-div-15\" >\r\n       <div class=\"smls-grid-pad-container\">\r\n                   <img decoding=\"async\" src=\"https:\/\/auxiliaformacion.es\/wp-content\/uploads\/2019\/01\/Auxilia-UAB-barcelona.jpg\" alt=\"\">\r\n             <\/div>\r\n<\/div>\r\n<div class=\"popup-contact contact-div-15\" id=\"contact-div-15\">\r\n  <div class=\"smls-overlay-contact-info\">\r\n\r\n    <!--Creates the popup content-->\r\n    \r\n\r\n    <!--Content shown when popup is not displayed-->\r\n\r\n\r\n  <\/div>\r\n<\/div>\r\n       <div class=\"smls-grid-image-wrap  main-div-16\" >\r\n       <div class=\"smls-grid-pad-container\">\r\n                   <img decoding=\"async\" src=\"https:\/\/auxiliaformacion.es\/wp-content\/uploads\/2019\/01\/Auxilia-Aps-UAB.jpg\" alt=\"\">\r\n             <\/div>\r\n<\/div>\r\n<div class=\"popup-contact contact-div-16\" id=\"contact-div-16\">\r\n  <div class=\"smls-overlay-contact-info\">\r\n\r\n    <!--Creates the popup content-->\r\n    \r\n\r\n    <!--Content shown when popup is not displayed-->\r\n\r\n\r\n  <\/div>\r\n<\/div>\r\n       <div class=\"smls-grid-image-wrap  main-div-17\" >\r\n       <div class=\"smls-grid-pad-container\">\r\n                   <img decoding=\"async\" src=\"https:\/\/auxiliaformacion.es\/wp-content\/uploads\/2019\/01\/Auxilia-La-teva-Empresas.jpg\" alt=\"\">\r\n             <\/div>\r\n<\/div>\r\n<div class=\"popup-contact contact-div-17\" id=\"contact-div-17\">\r\n  <div class=\"smls-overlay-contact-info\">\r\n\r\n    <!--Creates the popup content-->\r\n    \r\n\r\n    <!--Content shown when popup is not displayed-->\r\n\r\n\r\n  <\/div>\r\n<\/div>\r\n          <\/div>\r\n          <style type=\"text\/css\">\r\n            .popup-contact .smls-overlay-contact-info {\r\n              display: none;\r\n            }\r\n            .popup-contact .smls-overlay-contact-info.active {\r\n              display: block;\r\n              position: fixed;\r\n              width: 30%;\r\n              height: 37%;\r\n              background: #000000a6;\r\n              color: #fff;\r\n              left: 30%;\r\n              right: 0;\r\n              top: 30%;\r\n              z-index: 999;\r\n              text-align: center;\r\n            }\r\n            .popup-contact .smls-overlay-contact-info.active .smls-popup-open {\r\n              display: none;\r\n            }\r\n            .popup-contact .smls-overlay-contact-info.active .popup-content {\r\n              visibility: visible;\r\n              \r\n            }\r\n            .popup-content h4, .popup-content h5 {\r\n              color: #FFF;\r\n            }\r\n\r\n\r\n          <\/style>\r\n            <\/div>\r\n  <style>\n    .smls-main-logo-outer-343199636.smls-main-logo-wrapper {\n        width: 90%;\n        margin:0 auto;\n    }\n    .smls-main-logo-outer-343199636 .smls-grid-container-template-1 .smls-grid-each-item:before,\n    .smls-main-logo-outer-343199636 .smls-grid-container-template-1 .smls-grid-image-wrap:before,\n    .smls-main-logo-outer-343199636 .smls-grid-container-template-2 .smls-grid-each-item:before,\n    .smls-main-logo-outer-343199636 .smls-grid-container-template-2 .smls-grid-image-wrap:before {\n\n        border-left: 1px solid #e9e9e9;\n    }\n    .smls-main-logo-outer-343199636 .smls-grid-container-template-1 .smls-grid-each-item:after,\n    .smls-main-logo-outer-343199636 .smls-grid-container-template-1 .smls-grid-image-wrap:after,\n    .smls-main-logo-outer-343199636 .smls-grid-container-template-2 .smls-grid-each-item:after,\n    .smls-main-logo-outer-343199636 .smls-grid-container-template-2 .smls-grid-image-wrap:after {\n        border-bottom: 1px solid #e9e9e9;\n    }\n    .smls-main-logo-outer-343199636 .smls-grid-container-template-2 {\n        border: 1px solid #e9e9e9;\n    }\n\n    .smls-main-logo-outer-343199636 .smls-carousel-pager-template-2.owl-theme .owl-dots .owl-dot span:before\n    {\n        background-color:  #0d98dc;\n\n    }\n    .smls-main-logo-outer-343199636 .smls-carousel-pager-template-2.owl-theme .owl-dots .owl-dot span {\n        background:  #7c7c7c;\n    }\n\n    .smls-main-logo-outer-343199636 .smls-carousel-arrow-type-1.owl-theme .owl-controls .owl-nav [class*=owl-]:hover {\n        background-color: rgba(71, 71, 71, 0.7);\n    }\n    .smls-main-logo-outer-343199636 .smls-carousel-arrow-type-1.owl-theme .owl-controls .owl-nav [class*=owl-] {\n        background-color: #474747;\n    }\n    .smls-main-logo-outer-343199636 .smls-carousel-arrow-type-2.owl-theme .owl-controls .owl-nav [class*=owl-] {\n        background-color:  #474747;\n    }\n    .smls-main-logo-outer-343199636 .smls-carousel-arrow-type-2.owl-theme .owl-controls .owl-nav [class*=owl-]:hover {\n        background-color: rgba(71, 71, 71, 0.7);\n    }\n    .smls-main-logo-outer-343199636 .smls-carousel-arrow-type-3.owl-theme .owl-controls .owl-nav [class*=owl-] {\n        border: 2px solid #474747;\n\n    }\n    .smls-main-logo-outer-343199636 .smls-carousel-arrow-type-3.owl-theme .owl-controls .owl-nav [class*=owl-]:before {\n        background-color: rgba(71, 71, 71, 0.7);\n    }\n    .smls-main-logo-outer-343199636 .smls-carousel-arrow-type-3.owl-theme .owl-controls .owl-nav [class*=owl-]:hover {\n        border-color: rgba(71, 71, 71, 0.7);\n    }\n    .smls-main-logo-outer-343199636 .smls-carousel-arrow-type-4.owl-theme .owl-controls .owl-nav [class*=owl-] {\n        border: 2px solid #474747;\n        color: #474747;\n    }\n    .smls-main-logo-outer-343199636 .smls-carousel-arrow-type-4.owl-carousel .owl-controls .owl-nav [class*=owl-]:hover {\n        background-color: rgba(71, 71, 71, 0.7);\n        color: #333333;\n    }\n    .smls-main-logo-outer-343199636 .smls-carousel-arrow-type-5.owl-theme .owl-controls .owl-nav [class*=owl-] {\n        background-color:  #474747;\n\n    }\n\n    .smls-main-logo-outer-343199636 .smls-carousel-template-2.owl-carousel .smls-carousel-four-items {\n        border: 1px solid  #eee;\n    }\n\n<\/style>\n<p>&nbsp;<\/p>\n<div class=\"gsp_post_data\" \r\n\t            data-post_type=\"page\" \r\n\t            data-cat=\"\" \r\n\t            data-modified=\"120\"\r\n\t            data-created=\"1553163010\"\r\n\t            data-title=\"Mecenatge empresarial\" \r\n\t            data-home=\"https:\/\/auxiliaformacion.es\/ca\/\"><\/div>","protected":false},"excerpt":{"rendered":"<p>&nbsp; Mecenatge empresarial &nbsp; &nbsp; Ja col\u00b7laboren amb Auxilia EAD &nbsp; &nbsp;<\/p>\n","protected":false},"author":1,"featured_media":1265,"parent":683,"menu_order":0,"comment_status":"closed","ping_status":"closed","template":"page-full-width.php","meta":{"footnotes":""},"class_list":["post-704","page","type-page","status-publish","has-post-thumbnail","hentry"],"yoast_head":"<!-- This site is optimized with the Yoast SEO plugin v27.1.1 - https:\/\/yoast.com\/product\/yoast-seo-wordpress\/ -->\n<title>Mecenatge empresarial - Auxilia EAD<\/title>\n<meta name=\"robots\" content=\"index, follow, max-snippet:-1, max-image-preview:large, max-video-preview:-1\" \/>\n<link rel=\"canonical\" href=\"https:\/\/auxiliaformacion.es\/ca\/collabora\/mecenatge-empresarial\/\" \/>\n<meta property=\"og:locale\" content=\"ca_ES\" \/>\n<meta property=\"og:type\" content=\"article\" \/>\n<meta property=\"og:title\" content=\"Mecenatge empresarial - Auxilia EAD\" \/>\n<meta property=\"og:description\" content=\"&nbsp; Mecenatge empresarial &nbsp; &nbsp; Ja col\u00b7laboren amb Auxilia EAD &nbsp; &nbsp;\" \/>\n<meta property=\"og:url\" content=\"https:\/\/auxiliaformacion.es\/ca\/collabora\/mecenatge-empresarial\/\" \/>\n<meta property=\"og:site_name\" content=\"Auxilia EAD\" \/>\n<meta property=\"article:modified_time\" content=\"2022-06-29T07:48:49+00:00\" \/>\n<meta property=\"og:image\" content=\"https:\/\/auxiliaformacion.es\/wp-content\/uploads\/2022\/06\/Auxilia-Empresarial-BG.jpg\" \/>\n\t<meta property=\"og:image:width\" content=\"1920\" \/>\n\t<meta property=\"og:image:height\" content=\"367\" \/>\n\t<meta property=\"og:image:type\" content=\"image\/jpeg\" \/>\n<meta name=\"twitter:card\" content=\"summary_large_image\" \/>\n<meta name=\"twitter:label1\" content=\"Temps estimat de lectura\" \/>\n\t<meta name=\"twitter:data1\" content=\"2 minuts\" \/>\n<script type=\"application\/ld+json\" class=\"yoast-schema-graph\">{\"@context\":\"https:\/\/schema.org\",\"@graph\":[{\"@type\":\"WebPage\",\"@id\":\"https:\/\/auxiliaformacion.es\/ca\/collabora\/mecenatge-empresarial\/\",\"url\":\"https:\/\/auxiliaformacion.es\/ca\/collabora\/mecenatge-empresarial\/\",\"name\":\"Mecenatge empresarial - Auxilia EAD\",\"isPartOf\":{\"@id\":\"https:\/\/auxiliaformacion.es\/ca\/#website\"},\"primaryImageOfPage\":{\"@id\":\"https:\/\/auxiliaformacion.es\/ca\/collabora\/mecenatge-empresarial\/#primaryimage\"},\"image\":{\"@id\":\"https:\/\/auxiliaformacion.es\/ca\/collabora\/mecenatge-empresarial\/#primaryimage\"},\"thumbnailUrl\":\"https:\/\/auxiliaformacion.es\/wp-content\/uploads\/2022\/06\/Auxilia-Empresarial-BG.jpg\",\"datePublished\":\"2019-03-21T10:10:10+00:00\",\"dateModified\":\"2022-06-29T07:48:49+00:00\",\"breadcrumb\":{\"@id\":\"https:\/\/auxiliaformacion.es\/ca\/collabora\/mecenatge-empresarial\/#breadcrumb\"},\"inLanguage\":\"ca\",\"potentialAction\":[{\"@type\":\"ReadAction\",\"target\":[\"https:\/\/auxiliaformacion.es\/ca\/collabora\/mecenatge-empresarial\/\"]}]},{\"@type\":\"ImageObject\",\"inLanguage\":\"ca\",\"@id\":\"https:\/\/auxiliaformacion.es\/ca\/collabora\/mecenatge-empresarial\/#primaryimage\",\"url\":\"https:\/\/auxiliaformacion.es\/wp-content\/uploads\/2022\/06\/Auxilia-Empresarial-BG.jpg\",\"contentUrl\":\"https:\/\/auxiliaformacion.es\/wp-content\/uploads\/2022\/06\/Auxilia-Empresarial-BG.jpg\",\"width\":1920,\"height\":367},{\"@type\":\"BreadcrumbList\",\"@id\":\"https:\/\/auxiliaformacion.es\/ca\/collabora\/mecenatge-empresarial\/#breadcrumb\",\"itemListElement\":[{\"@type\":\"ListItem\",\"position\":1,\"name\":\"Portada\",\"item\":\"https:\/\/auxiliaformacion.es\/ca\/\"},{\"@type\":\"ListItem\",\"position\":2,\"name\":\"Col\u00b7labora\",\"item\":\"https:\/\/auxiliaformacion.es\/ca\/collabora\/\"},{\"@type\":\"ListItem\",\"position\":3,\"name\":\"Mecenatge empresarial\"}]},{\"@type\":\"WebSite\",\"@id\":\"https:\/\/auxiliaformacion.es\/ca\/#website\",\"url\":\"https:\/\/auxiliaformacion.es\/ca\/\",\"name\":\"Auxilia EAD\",\"description\":\"\",\"publisher\":{\"@id\":\"https:\/\/auxiliaformacion.es\/ca\/#organization\"},\"potentialAction\":[{\"@type\":\"SearchAction\",\"target\":{\"@type\":\"EntryPoint\",\"urlTemplate\":\"https:\/\/auxiliaformacion.es\/ca\/?s={search_term_string}\"},\"query-input\":{\"@type\":\"PropertyValueSpecification\",\"valueRequired\":true,\"valueName\":\"search_term_string\"}}],\"inLanguage\":\"ca\"},{\"@type\":\"Organization\",\"@id\":\"https:\/\/auxiliaformacion.es\/ca\/#organization\",\"name\":\"Auxilia Educaci\u00f3n a Distancia\",\"url\":\"https:\/\/auxiliaformacion.es\/ca\/\",\"logo\":{\"@type\":\"ImageObject\",\"inLanguage\":\"ca\",\"@id\":\"https:\/\/auxiliaformacion.es\/ca\/#\/schema\/logo\/image\/\",\"url\":\"https:\/\/auxiliaformacion.es\/wp-content\/uploads\/2019\/02\/Auxilia-Ensenanaza-a-distancia-logo.png\",\"contentUrl\":\"https:\/\/auxiliaformacion.es\/wp-content\/uploads\/2019\/02\/Auxilia-Ensenanaza-a-distancia-logo.png\",\"width\":1000,\"height\":141,\"caption\":\"Auxilia Educaci\u00f3n a Distancia\"},\"image\":{\"@id\":\"https:\/\/auxiliaformacion.es\/ca\/#\/schema\/logo\/image\/\"}}]}<\/script>\n<!-- \/ Yoast SEO plugin. -->","yoast_head_json":{"title":"Mecenatge empresarial - Auxilia EAD","robots":{"index":"index","follow":"follow","max-snippet":"max-snippet:-1","max-image-preview":"max-image-preview:large","max-video-preview":"max-video-preview:-1"},"canonical":"https:\/\/auxiliaformacion.es\/ca\/collabora\/mecenatge-empresarial\/","og_locale":"ca_ES","og_type":"article","og_title":"Mecenatge empresarial - Auxilia EAD","og_description":"&nbsp; Mecenatge empresarial &nbsp; &nbsp; Ja col\u00b7laboren amb Auxilia EAD &nbsp; &nbsp;","og_url":"https:\/\/auxiliaformacion.es\/ca\/collabora\/mecenatge-empresarial\/","og_site_name":"Auxilia EAD","article_modified_time":"2022-06-29T07:48:49+00:00","og_image":[{"width":1920,"height":367,"url":"https:\/\/auxiliaformacion.es\/wp-content\/uploads\/2022\/06\/Auxilia-Empresarial-BG.jpg","type":"image\/jpeg"}],"twitter_card":"summary_large_image","twitter_misc":{"Temps estimat de lectura":"2 minuts"},"schema":{"@context":"https:\/\/schema.org","@graph":[{"@type":"WebPage","@id":"https:\/\/auxiliaformacion.es\/ca\/collabora\/mecenatge-empresarial\/","url":"https:\/\/auxiliaformacion.es\/ca\/collabora\/mecenatge-empresarial\/","name":"Mecenatge empresarial - Auxilia EAD","isPartOf":{"@id":"https:\/\/auxiliaformacion.es\/ca\/#website"},"primaryImageOfPage":{"@id":"https:\/\/auxiliaformacion.es\/ca\/collabora\/mecenatge-empresarial\/#primaryimage"},"image":{"@id":"https:\/\/auxiliaformacion.es\/ca\/collabora\/mecenatge-empresarial\/#primaryimage"},"thumbnailUrl":"https:\/\/auxiliaformacion.es\/wp-content\/uploads\/2022\/06\/Auxilia-Empresarial-BG.jpg","datePublished":"2019-03-21T10:10:10+00:00","dateModified":"2022-06-29T07:48:49+00:00","breadcrumb":{"@id":"https:\/\/auxiliaformacion.es\/ca\/collabora\/mecenatge-empresarial\/#breadcrumb"},"inLanguage":"ca","potentialAction":[{"@type":"ReadAction","target":["https:\/\/auxiliaformacion.es\/ca\/collabora\/mecenatge-empresarial\/"]}]},{"@type":"ImageObject","inLanguage":"ca","@id":"https:\/\/auxiliaformacion.es\/ca\/collabora\/mecenatge-empresarial\/#primaryimage","url":"https:\/\/auxiliaformacion.es\/wp-content\/uploads\/2022\/06\/Auxilia-Empresarial-BG.jpg","contentUrl":"https:\/\/auxiliaformacion.es\/wp-content\/uploads\/2022\/06\/Auxilia-Empresarial-BG.jpg","width":1920,"height":367},{"@type":"BreadcrumbList","@id":"https:\/\/auxiliaformacion.es\/ca\/collabora\/mecenatge-empresarial\/#breadcrumb","itemListElement":[{"@type":"ListItem","position":1,"name":"Portada","item":"https:\/\/auxiliaformacion.es\/ca\/"},{"@type":"ListItem","position":2,"name":"Col\u00b7labora","item":"https:\/\/auxiliaformacion.es\/ca\/collabora\/"},{"@type":"ListItem","position":3,"name":"Mecenatge empresarial"}]},{"@type":"WebSite","@id":"https:\/\/auxiliaformacion.es\/ca\/#website","url":"https:\/\/auxiliaformacion.es\/ca\/","name":"Auxilia EAD","description":"","publisher":{"@id":"https:\/\/auxiliaformacion.es\/ca\/#organization"},"potentialAction":[{"@type":"SearchAction","target":{"@type":"EntryPoint","urlTemplate":"https:\/\/auxiliaformacion.es\/ca\/?s={search_term_string}"},"query-input":{"@type":"PropertyValueSpecification","valueRequired":true,"valueName":"search_term_string"}}],"inLanguage":"ca"},{"@type":"Organization","@id":"https:\/\/auxiliaformacion.es\/ca\/#organization","name":"Auxilia Educaci\u00f3n a Distancia","url":"https:\/\/auxiliaformacion.es\/ca\/","logo":{"@type":"ImageObject","inLanguage":"ca","@id":"https:\/\/auxiliaformacion.es\/ca\/#\/schema\/logo\/image\/","url":"https:\/\/auxiliaformacion.es\/wp-content\/uploads\/2019\/02\/Auxilia-Ensenanaza-a-distancia-logo.png","contentUrl":"https:\/\/auxiliaformacion.es\/wp-content\/uploads\/2019\/02\/Auxilia-Ensenanaza-a-distancia-logo.png","width":1000,"height":141,"caption":"Auxilia Educaci\u00f3n a Distancia"},"image":{"@id":"https:\/\/auxiliaformacion.es\/ca\/#\/schema\/logo\/image\/"}}]}},"_links":{"self":[{"href":"https:\/\/auxiliaformacion.es\/ca\/wp-json\/wp\/v2\/pages\/704","targetHints":{"allow":["GET"]}}],"collection":[{"href":"https:\/\/auxiliaformacion.es\/ca\/wp-json\/wp\/v2\/pages"}],"about":[{"href":"https:\/\/auxiliaformacion.es\/ca\/wp-json\/wp\/v2\/types\/page"}],"author":[{"embeddable":true,"href":"https:\/\/auxiliaformacion.es\/ca\/wp-json\/wp\/v2\/users\/1"}],"replies":[{"embeddable":true,"href":"https:\/\/auxiliaformacion.es\/ca\/wp-json\/wp\/v2\/comments?post=704"}],"version-history":[{"count":0,"href":"https:\/\/auxiliaformacion.es\/ca\/wp-json\/wp\/v2\/pages\/704\/revisions"}],"up":[{"embeddable":true,"href":"https:\/\/auxiliaformacion.es\/ca\/wp-json\/wp\/v2\/pages\/683"}],"wp:featuredmedia":[{"embeddable":true,"href":"https:\/\/auxiliaformacion.es\/ca\/wp-json\/wp\/v2\/media\/1265"}],"wp:attachment":[{"href":"https:\/\/auxiliaformacion.es\/ca\/wp-json\/wp\/v2\/media?parent=704"}],"curies":[{"name":"wp","href":"https:\/\/api.w.org\/{rel}","templated":true}]}}