{"id":700,"date":"2019-03-21T10:04:28","date_gmt":"2019-03-21T10:04:28","guid":{"rendered":"https:\/\/auxiliaformacion.es\/?page_id=700"},"modified":"2022-06-27T15:31:23","modified_gmt":"2022-06-27T15:31:23","slug":"fes-te-voluntari","status":"publish","type":"page","link":"https:\/\/auxiliaformacion.es\/ca\/collabora\/fes-te-voluntari\/","title":{"rendered":"Fes-te voluntari"},"content":{"rendered":"<p>&nbsp;<\/p>\n<h1>Fes-te voluntari<\/h1>\n<hr \/>\n<div class='clearfix'><div class='half'>\n<p>En Auxilia apreciem tots els gestos de suport. T&#8217;oferim l&#8217;oportunitat de donar pas a la teva solidaritat i fer-te sentir que formes part activa d&#8217;un gran projecte.<\/p>\n<p><img decoding=\"async\" class=\"aligncenter\" src=\"https:\/\/auxiliaformacion.es\/wp-content\/uploads\/2022\/06\/Auxilia-Hazte-voluntario-02.jpg\" alt=\"\" \/><\/p>\n<\/div><div class='half last'>\n<h2><span style=\"color: #666666; font-size: 16px;\">Pots col\u00b7laborar en<\/span><br \/>\nEnsenyament<\/h2>\n<p>Necessitem persones sense l\u00edmit d\u2019edat ni sexe que, amb els seus estudis, formaci\u00f3 i experi\u00e8ncia professional, vulguin oferir els seus coneixements a persones amb discapacitats f\u00edsiques que per diferents motius no poden estudiar.<\/p>\n<p>No \u00e9s necessari ser professor titulat. A les \u00e0rees de ci\u00e8ncies o lletres, idiomes, hist\u00f2ria o geografia, arts o qualsevol altre tema formatiu, tens l\u2019oportunitat d\u2019ensenyar.<\/p>\n<p>I pots fer-ho des d\u2019on vulguis, amb la freq\u00fc\u00e8ncia de comunicaci\u00f3 que acordis amb \u201cel teu alumne\u201d i aprofitant els teus moments disponibles.<\/p>\n<\/div><\/div>\n<div class='clearfix'><div class='half'>\n<h2><span style=\"color: #666666; font-size: 16px;\">Pots col\u00b7laborar en<\/span><br \/>Administraci\u00f3<\/h2>\n<p>Unes poques hores teves setmanals ens poden ajudar molt a mantenir l&#8217;ordre a la nostra variada documentaci\u00f3.<\/p>\n<\/div><div class='half last'>\n<h2><span style=\"color: #666666; font-size: 16px;\">Pots col\u00b7laborar en<\/span><br \/>Comptabilitat<\/h2>\n<p>Els nostres ingressos i despeses s\u00f3n transparents i d&#8217;ells informem mensualment a l&#8217;organisme comptable d&#8217;Auxilia nacional. La gesti\u00f3 d&#8217;aquells \u00e9s senzilla i est\u00e0 informatitzada, per\u00f2 cal fer-la\u2026<\/p>\n<\/div><\/div>\n<div class='clearfix'><div class='half'>\n<h2><span style=\"color: #666666; font-size: 16px;\">Pots col\u00b7laborar en<\/span><br \/>Recursos econ\u00f2mics<\/h2>\n<p>Buscant-los a trav\u00e9s de les subvencions que ofereixen les convocat\u00f2ries oficials i privades, i de les empreses i entitats solid\u00e0ries que tenen un valor social afegit (RSE i RSC).<\/p>\n<\/div><div class='half last'>\n<h2><span style=\"color: #666666; font-size: 16px;\">Pots col\u00b7laborar en<\/span><br \/>Comunicaci\u00f3<\/h2>\n<p>Necessitem voluntariat expert en comunicaci\u00f3 perqu\u00e8 cuidi de mantenir activa i al dia la nostra web, facebook i les xarxes socials.<\/p>\n<\/div><\/div>\n<p>&nbsp;<\/p>\n<p style=\"text-align: center;\"><a href='https:\/\/auxiliaformacion.es\/ca\/contacte\/' target='_self' class='btn'> CONTACTA AMB NOSALTRES PER INFORMAR-TE <\/a>\n<p>&nbsp;<\/p>\n<div class=\"gsp_post_data\" \r\n\t            data-post_type=\"page\" \r\n\t            data-cat=\"\" \r\n\t            data-modified=\"120\"\r\n\t            data-created=\"1553162668\"\r\n\t            data-title=\"Fes-te voluntari\" \r\n\t            data-home=\"https:\/\/auxiliaformacion.es\/ca\/\"><\/div>","protected":false},"excerpt":{"rendered":"<p>&nbsp; Fes-te voluntari &nbsp; &nbsp;<\/p>\n","protected":false},"author":1,"featured_media":1229,"parent":683,"menu_order":0,"comment_status":"closed","ping_status":"closed","template":"page.php","meta":{"footnotes":""},"class_list":["post-700","page","type-page","status-publish","has-post-thumbnail","hentry"],"yoast_head":"<!-- This site is optimized with the Yoast SEO plugin v27.1.1 - https:\/\/yoast.com\/product\/yoast-seo-wordpress\/ -->\n<title>Fes-te voluntari - Auxilia EAD<\/title>\n<meta name=\"robots\" content=\"index, follow, max-snippet:-1, max-image-preview:large, max-video-preview:-1\" \/>\n<link rel=\"canonical\" href=\"https:\/\/auxiliaformacion.es\/ca\/collabora\/fes-te-voluntari\/\" \/>\n<meta property=\"og:locale\" content=\"ca_ES\" \/>\n<meta property=\"og:type\" content=\"article\" \/>\n<meta property=\"og:title\" content=\"Fes-te voluntari - Auxilia EAD\" \/>\n<meta property=\"og:description\" content=\"&nbsp; Fes-te voluntari &nbsp; &nbsp;\" \/>\n<meta property=\"og:url\" content=\"https:\/\/auxiliaformacion.es\/ca\/collabora\/fes-te-voluntari\/\" \/>\n<meta property=\"og:site_name\" content=\"Auxilia EAD\" \/>\n<meta property=\"article:modified_time\" content=\"2022-06-27T15:31:23+00:00\" \/>\n<meta property=\"og:image\" content=\"https:\/\/auxiliaformacion.es\/wp-content\/uploads\/2022\/06\/Auxilia-Hazte-voluntario-BG.jpg\" \/>\n\t<meta property=\"og:image:width\" content=\"1920\" \/>\n\t<meta property=\"og:image:height\" content=\"367\" \/>\n\t<meta property=\"og:image:type\" content=\"image\/jpeg\" \/>\n<meta name=\"twitter:card\" content=\"summary_large_image\" \/>\n<meta name=\"twitter:label1\" content=\"Temps estimat de lectura\" \/>\n\t<meta name=\"twitter:data1\" content=\"2 minuts\" \/>\n<script type=\"application\/ld+json\" class=\"yoast-schema-graph\">{\"@context\":\"https:\/\/schema.org\",\"@graph\":[{\"@type\":\"WebPage\",\"@id\":\"https:\/\/auxiliaformacion.es\/ca\/collabora\/fes-te-voluntari\/\",\"url\":\"https:\/\/auxiliaformacion.es\/ca\/collabora\/fes-te-voluntari\/\",\"name\":\"Fes-te voluntari - Auxilia EAD\",\"isPartOf\":{\"@id\":\"https:\/\/auxiliaformacion.es\/ca\/#website\"},\"primaryImageOfPage\":{\"@id\":\"https:\/\/auxiliaformacion.es\/ca\/collabora\/fes-te-voluntari\/#primaryimage\"},\"image\":{\"@id\":\"https:\/\/auxiliaformacion.es\/ca\/collabora\/fes-te-voluntari\/#primaryimage\"},\"thumbnailUrl\":\"https:\/\/auxiliaformacion.es\/wp-content\/uploads\/2022\/06\/Auxilia-Hazte-voluntario-BG.jpg\",\"datePublished\":\"2019-03-21T10:04:28+00:00\",\"dateModified\":\"2022-06-27T15:31:23+00:00\",\"breadcrumb\":{\"@id\":\"https:\/\/auxiliaformacion.es\/ca\/collabora\/fes-te-voluntari\/#breadcrumb\"},\"inLanguage\":\"ca\",\"potentialAction\":[{\"@type\":\"ReadAction\",\"target\":[\"https:\/\/auxiliaformacion.es\/ca\/collabora\/fes-te-voluntari\/\"]}]},{\"@type\":\"ImageObject\",\"inLanguage\":\"ca\",\"@id\":\"https:\/\/auxiliaformacion.es\/ca\/collabora\/fes-te-voluntari\/#primaryimage\",\"url\":\"https:\/\/auxiliaformacion.es\/wp-content\/uploads\/2022\/06\/Auxilia-Hazte-voluntario-BG.jpg\",\"contentUrl\":\"https:\/\/auxiliaformacion.es\/wp-content\/uploads\/2022\/06\/Auxilia-Hazte-voluntario-BG.jpg\",\"width\":1920,\"height\":367},{\"@type\":\"BreadcrumbList\",\"@id\":\"https:\/\/auxiliaformacion.es\/ca\/collabora\/fes-te-voluntari\/#breadcrumb\",\"itemListElement\":[{\"@type\":\"ListItem\",\"position\":1,\"name\":\"Portada\",\"item\":\"https:\/\/auxiliaformacion.es\/ca\/\"},{\"@type\":\"ListItem\",\"position\":2,\"name\":\"Col\u00b7labora\",\"item\":\"https:\/\/auxiliaformacion.es\/ca\/collabora\/\"},{\"@type\":\"ListItem\",\"position\":3,\"name\":\"Fes-te voluntari\"}]},{\"@type\":\"WebSite\",\"@id\":\"https:\/\/auxiliaformacion.es\/ca\/#website\",\"url\":\"https:\/\/auxiliaformacion.es\/ca\/\",\"name\":\"Auxilia EAD\",\"description\":\"\",\"publisher\":{\"@id\":\"https:\/\/auxiliaformacion.es\/ca\/#organization\"},\"potentialAction\":[{\"@type\":\"SearchAction\",\"target\":{\"@type\":\"EntryPoint\",\"urlTemplate\":\"https:\/\/auxiliaformacion.es\/ca\/?s={search_term_string}\"},\"query-input\":{\"@type\":\"PropertyValueSpecification\",\"valueRequired\":true,\"valueName\":\"search_term_string\"}}],\"inLanguage\":\"ca\"},{\"@type\":\"Organization\",\"@id\":\"https:\/\/auxiliaformacion.es\/ca\/#organization\",\"name\":\"Auxilia Educaci\u00f3n a Distancia\",\"url\":\"https:\/\/auxiliaformacion.es\/ca\/\",\"logo\":{\"@type\":\"ImageObject\",\"inLanguage\":\"ca\",\"@id\":\"https:\/\/auxiliaformacion.es\/ca\/#\/schema\/logo\/image\/\",\"url\":\"https:\/\/auxiliaformacion.es\/wp-content\/uploads\/2019\/02\/Auxilia-Ensenanaza-a-distancia-logo.png\",\"contentUrl\":\"https:\/\/auxiliaformacion.es\/wp-content\/uploads\/2019\/02\/Auxilia-Ensenanaza-a-distancia-logo.png\",\"width\":1000,\"height\":141,\"caption\":\"Auxilia Educaci\u00f3n a Distancia\"},\"image\":{\"@id\":\"https:\/\/auxiliaformacion.es\/ca\/#\/schema\/logo\/image\/\"}}]}<\/script>\n<!-- \/ Yoast SEO plugin. -->","yoast_head_json":{"title":"Fes-te voluntari - Auxilia EAD","robots":{"index":"index","follow":"follow","max-snippet":"max-snippet:-1","max-image-preview":"max-image-preview:large","max-video-preview":"max-video-preview:-1"},"canonical":"https:\/\/auxiliaformacion.es\/ca\/collabora\/fes-te-voluntari\/","og_locale":"ca_ES","og_type":"article","og_title":"Fes-te voluntari - Auxilia EAD","og_description":"&nbsp; Fes-te voluntari &nbsp; &nbsp;","og_url":"https:\/\/auxiliaformacion.es\/ca\/collabora\/fes-te-voluntari\/","og_site_name":"Auxilia EAD","article_modified_time":"2022-06-27T15:31:23+00:00","og_image":[{"width":1920,"height":367,"url":"https:\/\/auxiliaformacion.es\/wp-content\/uploads\/2022\/06\/Auxilia-Hazte-voluntario-BG.jpg","type":"image\/jpeg"}],"twitter_card":"summary_large_image","twitter_misc":{"Temps estimat de lectura":"2 minuts"},"schema":{"@context":"https:\/\/schema.org","@graph":[{"@type":"WebPage","@id":"https:\/\/auxiliaformacion.es\/ca\/collabora\/fes-te-voluntari\/","url":"https:\/\/auxiliaformacion.es\/ca\/collabora\/fes-te-voluntari\/","name":"Fes-te voluntari - Auxilia EAD","isPartOf":{"@id":"https:\/\/auxiliaformacion.es\/ca\/#website"},"primaryImageOfPage":{"@id":"https:\/\/auxiliaformacion.es\/ca\/collabora\/fes-te-voluntari\/#primaryimage"},"image":{"@id":"https:\/\/auxiliaformacion.es\/ca\/collabora\/fes-te-voluntari\/#primaryimage"},"thumbnailUrl":"https:\/\/auxiliaformacion.es\/wp-content\/uploads\/2022\/06\/Auxilia-Hazte-voluntario-BG.jpg","datePublished":"2019-03-21T10:04:28+00:00","dateModified":"2022-06-27T15:31:23+00:00","breadcrumb":{"@id":"https:\/\/auxiliaformacion.es\/ca\/collabora\/fes-te-voluntari\/#breadcrumb"},"inLanguage":"ca","potentialAction":[{"@type":"ReadAction","target":["https:\/\/auxiliaformacion.es\/ca\/collabora\/fes-te-voluntari\/"]}]},{"@type":"ImageObject","inLanguage":"ca","@id":"https:\/\/auxiliaformacion.es\/ca\/collabora\/fes-te-voluntari\/#primaryimage","url":"https:\/\/auxiliaformacion.es\/wp-content\/uploads\/2022\/06\/Auxilia-Hazte-voluntario-BG.jpg","contentUrl":"https:\/\/auxiliaformacion.es\/wp-content\/uploads\/2022\/06\/Auxilia-Hazte-voluntario-BG.jpg","width":1920,"height":367},{"@type":"BreadcrumbList","@id":"https:\/\/auxiliaformacion.es\/ca\/collabora\/fes-te-voluntari\/#breadcrumb","itemListElement":[{"@type":"ListItem","position":1,"name":"Portada","item":"https:\/\/auxiliaformacion.es\/ca\/"},{"@type":"ListItem","position":2,"name":"Col\u00b7labora","item":"https:\/\/auxiliaformacion.es\/ca\/collabora\/"},{"@type":"ListItem","position":3,"name":"Fes-te voluntari"}]},{"@type":"WebSite","@id":"https:\/\/auxiliaformacion.es\/ca\/#website","url":"https:\/\/auxiliaformacion.es\/ca\/","name":"Auxilia EAD","description":"","publisher":{"@id":"https:\/\/auxiliaformacion.es\/ca\/#organization"},"potentialAction":[{"@type":"SearchAction","target":{"@type":"EntryPoint","urlTemplate":"https:\/\/auxiliaformacion.es\/ca\/?s={search_term_string}"},"query-input":{"@type":"PropertyValueSpecification","valueRequired":true,"valueName":"search_term_string"}}],"inLanguage":"ca"},{"@type":"Organization","@id":"https:\/\/auxiliaformacion.es\/ca\/#organization","name":"Auxilia Educaci\u00f3n a Distancia","url":"https:\/\/auxiliaformacion.es\/ca\/","logo":{"@type":"ImageObject","inLanguage":"ca","@id":"https:\/\/auxiliaformacion.es\/ca\/#\/schema\/logo\/image\/","url":"https:\/\/auxiliaformacion.es\/wp-content\/uploads\/2019\/02\/Auxilia-Ensenanaza-a-distancia-logo.png","contentUrl":"https:\/\/auxiliaformacion.es\/wp-content\/uploads\/2019\/02\/Auxilia-Ensenanaza-a-distancia-logo.png","width":1000,"height":141,"caption":"Auxilia Educaci\u00f3n a Distancia"},"image":{"@id":"https:\/\/auxiliaformacion.es\/ca\/#\/schema\/logo\/image\/"}}]}},"_links":{"self":[{"href":"https:\/\/auxiliaformacion.es\/ca\/wp-json\/wp\/v2\/pages\/700","targetHints":{"allow":["GET"]}}],"collection":[{"href":"https:\/\/auxiliaformacion.es\/ca\/wp-json\/wp\/v2\/pages"}],"about":[{"href":"https:\/\/auxiliaformacion.es\/ca\/wp-json\/wp\/v2\/types\/page"}],"author":[{"embeddable":true,"href":"https:\/\/auxiliaformacion.es\/ca\/wp-json\/wp\/v2\/users\/1"}],"replies":[{"embeddable":true,"href":"https:\/\/auxiliaformacion.es\/ca\/wp-json\/wp\/v2\/comments?post=700"}],"version-history":[{"count":0,"href":"https:\/\/auxiliaformacion.es\/ca\/wp-json\/wp\/v2\/pages\/700\/revisions"}],"up":[{"embeddable":true,"href":"https:\/\/auxiliaformacion.es\/ca\/wp-json\/wp\/v2\/pages\/683"}],"wp:featuredmedia":[{"embeddable":true,"href":"https:\/\/auxiliaformacion.es\/ca\/wp-json\/wp\/v2\/media\/1229"}],"wp:attachment":[{"href":"https:\/\/auxiliaformacion.es\/ca\/wp-json\/wp\/v2\/media?parent=700"}],"curies":[{"name":"wp","href":"https:\/\/api.w.org\/{rel}","templated":true}]}}