{"id":696,"date":"2019-03-21T09:56:34","date_gmt":"2019-03-21T09:56:34","guid":{"rendered":"https:\/\/auxiliaformacion.es\/?page_id=696"},"modified":"2022-06-27T15:17:30","modified_gmt":"2022-06-27T15:17:30","slug":"fes-te-soci-collaborador","status":"publish","type":"page","link":"https:\/\/auxiliaformacion.es\/ca\/collabora\/fes-te-soci-collaborador\/","title":{"rendered":"Fes-te soci col\u00b7laborador"},"content":{"rendered":"<p>&nbsp;<\/p>\n<h1>Fes-te soci col\u00b7laborador <\/h1>\n<hr \/>\n<div class='clearfix'><div class='half'>\n<p>La inclusi\u00f3 social i cultural de les persones amb discapacitats f\u00edsiques te dins d\u2019Auxilia un aliat de gran valor hum\u00e0: el seu voluntariat i l\u2019equip professional.<\/p>\n<p>Per\u00f2 sent aix\u00f2 molt important, no \u00e9s suficient. Els projectes enfocats cap a la formaci\u00f3, objectiu primordial de la Coordinaci\u00f3 d\u2019Ensenyament a Dist\u00e0ncia, comporta la necessitat de disposar d\u2019uns recursos econ\u00f2mics.<\/p>\n<p>Per Auxilia \u00e9s important disposar del fons econ\u00f2mic que aporten peri\u00f2dicament els seus socis col\u00b7laboradors, ja que amb aix\u00f2 pot promoure nous projectes.<\/p>\n<p>Com a <strong>soci col\u00b7laborador et convidem a formar part d\u2019Auxilia<\/strong>, a sentir que directa i solid\u00e0riament vinculat a la mateixa, est\u00e0s aportant una gran ajuda perqu\u00e8 els Projectes educatius de les Persones amb Diversitat Funcional siguin una realitat.<\/p>\n<p><strong>No imposem import, ni freq\u00fc\u00e8ncia aix\u00f2 \u00e9s decisi\u00f3 teva.<\/strong> No oblidis que el teu donatiu desgrava la Declaraci\u00f3 de Renda.<\/p>\n<\/div><div class='half last'>\n<div class='message greybox'>\n<h2>Et necessitem<br \/>\nFes-te soci col\u00b7laborador!<\/p>\n<a href='https:\/\/auxiliaformacion.es\/ca\/contacte\/' target='_self' class='btn small-btn'> CONTACTA AMB NOSALTRES <\/a>\n<\/div> <img decoding=\"async\" src=\"https:\/\/auxiliaformacion.es\/wp-content\/uploads\/2022\/06\/Auxilia-Hazte-socio-colaborador-01.jpg\" alt=\"\" \/><\/p>\n<\/div><\/div>\n<div class=\"gsp_post_data\" \r\n\t            data-post_type=\"page\" \r\n\t            data-cat=\"\" \r\n\t            data-modified=\"120\"\r\n\t            data-created=\"1553162194\"\r\n\t            data-title=\"Fes-te soci col\u00b7laborador\" \r\n\t            data-home=\"https:\/\/auxiliaformacion.es\/ca\/\"><\/div>","protected":false},"excerpt":{"rendered":"<p>&nbsp; Fes-te soci col\u00b7laborador<\/p>\n","protected":false},"author":1,"featured_media":1220,"parent":683,"menu_order":0,"comment_status":"closed","ping_status":"closed","template":"page.php","meta":{"footnotes":""},"class_list":["post-696","page","type-page","status-publish","has-post-thumbnail","hentry"],"yoast_head":"<!-- This site is optimized with the Yoast SEO plugin v27.1.1 - https:\/\/yoast.com\/product\/yoast-seo-wordpress\/ -->\n<title>Fes-te soci col\u00b7laborador - Auxilia EAD<\/title>\n<meta name=\"robots\" content=\"index, follow, max-snippet:-1, max-image-preview:large, max-video-preview:-1\" \/>\n<link rel=\"canonical\" href=\"https:\/\/auxiliaformacion.es\/ca\/collabora\/fes-te-soci-collaborador\/\" \/>\n<meta property=\"og:locale\" content=\"ca_ES\" \/>\n<meta property=\"og:type\" content=\"article\" \/>\n<meta property=\"og:title\" content=\"Fes-te soci col\u00b7laborador - Auxilia EAD\" \/>\n<meta property=\"og:description\" content=\"&nbsp; Fes-te soci col\u00b7laborador\" \/>\n<meta property=\"og:url\" content=\"https:\/\/auxiliaformacion.es\/ca\/collabora\/fes-te-soci-collaborador\/\" \/>\n<meta property=\"og:site_name\" content=\"Auxilia EAD\" \/>\n<meta property=\"article:modified_time\" content=\"2022-06-27T15:17:30+00:00\" \/>\n<meta property=\"og:image\" content=\"https:\/\/auxiliaformacion.es\/wp-content\/uploads\/2022\/06\/Auxilia-Hazte-socio-colaborador-BG01.jpg\" \/>\n\t<meta property=\"og:image:width\" content=\"1920\" \/>\n\t<meta property=\"og:image:height\" content=\"367\" \/>\n\t<meta property=\"og:image:type\" content=\"image\/jpeg\" \/>\n<meta name=\"twitter:card\" content=\"summary_large_image\" \/>\n<meta name=\"twitter:label1\" content=\"Temps estimat de lectura\" \/>\n\t<meta name=\"twitter:data1\" content=\"1 minut\" \/>\n<script type=\"application\/ld+json\" class=\"yoast-schema-graph\">{\"@context\":\"https:\/\/schema.org\",\"@graph\":[{\"@type\":\"WebPage\",\"@id\":\"https:\/\/auxiliaformacion.es\/ca\/collabora\/fes-te-soci-collaborador\/\",\"url\":\"https:\/\/auxiliaformacion.es\/ca\/collabora\/fes-te-soci-collaborador\/\",\"name\":\"Fes-te soci col\u00b7laborador - Auxilia EAD\",\"isPartOf\":{\"@id\":\"https:\/\/auxiliaformacion.es\/ca\/#website\"},\"primaryImageOfPage\":{\"@id\":\"https:\/\/auxiliaformacion.es\/ca\/collabora\/fes-te-soci-collaborador\/#primaryimage\"},\"image\":{\"@id\":\"https:\/\/auxiliaformacion.es\/ca\/collabora\/fes-te-soci-collaborador\/#primaryimage\"},\"thumbnailUrl\":\"https:\/\/auxiliaformacion.es\/wp-content\/uploads\/2022\/06\/Auxilia-Hazte-socio-colaborador-BG01.jpg\",\"datePublished\":\"2019-03-21T09:56:34+00:00\",\"dateModified\":\"2022-06-27T15:17:30+00:00\",\"breadcrumb\":{\"@id\":\"https:\/\/auxiliaformacion.es\/ca\/collabora\/fes-te-soci-collaborador\/#breadcrumb\"},\"inLanguage\":\"ca\",\"potentialAction\":[{\"@type\":\"ReadAction\",\"target\":[\"https:\/\/auxiliaformacion.es\/ca\/collabora\/fes-te-soci-collaborador\/\"]}]},{\"@type\":\"ImageObject\",\"inLanguage\":\"ca\",\"@id\":\"https:\/\/auxiliaformacion.es\/ca\/collabora\/fes-te-soci-collaborador\/#primaryimage\",\"url\":\"https:\/\/auxiliaformacion.es\/wp-content\/uploads\/2022\/06\/Auxilia-Hazte-socio-colaborador-BG01.jpg\",\"contentUrl\":\"https:\/\/auxiliaformacion.es\/wp-content\/uploads\/2022\/06\/Auxilia-Hazte-socio-colaborador-BG01.jpg\",\"width\":1920,\"height\":367},{\"@type\":\"BreadcrumbList\",\"@id\":\"https:\/\/auxiliaformacion.es\/ca\/collabora\/fes-te-soci-collaborador\/#breadcrumb\",\"itemListElement\":[{\"@type\":\"ListItem\",\"position\":1,\"name\":\"Portada\",\"item\":\"https:\/\/auxiliaformacion.es\/ca\/\"},{\"@type\":\"ListItem\",\"position\":2,\"name\":\"Col\u00b7labora\",\"item\":\"https:\/\/auxiliaformacion.es\/ca\/collabora\/\"},{\"@type\":\"ListItem\",\"position\":3,\"name\":\"Fes-te soci col\u00b7laborador\"}]},{\"@type\":\"WebSite\",\"@id\":\"https:\/\/auxiliaformacion.es\/ca\/#website\",\"url\":\"https:\/\/auxiliaformacion.es\/ca\/\",\"name\":\"Auxilia EAD\",\"description\":\"\",\"publisher\":{\"@id\":\"https:\/\/auxiliaformacion.es\/ca\/#organization\"},\"potentialAction\":[{\"@type\":\"SearchAction\",\"target\":{\"@type\":\"EntryPoint\",\"urlTemplate\":\"https:\/\/auxiliaformacion.es\/ca\/?s={search_term_string}\"},\"query-input\":{\"@type\":\"PropertyValueSpecification\",\"valueRequired\":true,\"valueName\":\"search_term_string\"}}],\"inLanguage\":\"ca\"},{\"@type\":\"Organization\",\"@id\":\"https:\/\/auxiliaformacion.es\/ca\/#organization\",\"name\":\"Auxilia Educaci\u00f3n a Distancia\",\"url\":\"https:\/\/auxiliaformacion.es\/ca\/\",\"logo\":{\"@type\":\"ImageObject\",\"inLanguage\":\"ca\",\"@id\":\"https:\/\/auxiliaformacion.es\/ca\/#\/schema\/logo\/image\/\",\"url\":\"https:\/\/auxiliaformacion.es\/wp-content\/uploads\/2019\/02\/Auxilia-Ensenanaza-a-distancia-logo.png\",\"contentUrl\":\"https:\/\/auxiliaformacion.es\/wp-content\/uploads\/2019\/02\/Auxilia-Ensenanaza-a-distancia-logo.png\",\"width\":1000,\"height\":141,\"caption\":\"Auxilia Educaci\u00f3n a Distancia\"},\"image\":{\"@id\":\"https:\/\/auxiliaformacion.es\/ca\/#\/schema\/logo\/image\/\"}}]}<\/script>\n<!-- \/ Yoast SEO plugin. -->","yoast_head_json":{"title":"Fes-te soci col\u00b7laborador - Auxilia EAD","robots":{"index":"index","follow":"follow","max-snippet":"max-snippet:-1","max-image-preview":"max-image-preview:large","max-video-preview":"max-video-preview:-1"},"canonical":"https:\/\/auxiliaformacion.es\/ca\/collabora\/fes-te-soci-collaborador\/","og_locale":"ca_ES","og_type":"article","og_title":"Fes-te soci col\u00b7laborador - Auxilia EAD","og_description":"&nbsp; Fes-te soci col\u00b7laborador","og_url":"https:\/\/auxiliaformacion.es\/ca\/collabora\/fes-te-soci-collaborador\/","og_site_name":"Auxilia EAD","article_modified_time":"2022-06-27T15:17:30+00:00","og_image":[{"width":1920,"height":367,"url":"https:\/\/auxiliaformacion.es\/wp-content\/uploads\/2022\/06\/Auxilia-Hazte-socio-colaborador-BG01.jpg","type":"image\/jpeg"}],"twitter_card":"summary_large_image","twitter_misc":{"Temps estimat de lectura":"1 minut"},"schema":{"@context":"https:\/\/schema.org","@graph":[{"@type":"WebPage","@id":"https:\/\/auxiliaformacion.es\/ca\/collabora\/fes-te-soci-collaborador\/","url":"https:\/\/auxiliaformacion.es\/ca\/collabora\/fes-te-soci-collaborador\/","name":"Fes-te soci col\u00b7laborador - Auxilia EAD","isPartOf":{"@id":"https:\/\/auxiliaformacion.es\/ca\/#website"},"primaryImageOfPage":{"@id":"https:\/\/auxiliaformacion.es\/ca\/collabora\/fes-te-soci-collaborador\/#primaryimage"},"image":{"@id":"https:\/\/auxiliaformacion.es\/ca\/collabora\/fes-te-soci-collaborador\/#primaryimage"},"thumbnailUrl":"https:\/\/auxiliaformacion.es\/wp-content\/uploads\/2022\/06\/Auxilia-Hazte-socio-colaborador-BG01.jpg","datePublished":"2019-03-21T09:56:34+00:00","dateModified":"2022-06-27T15:17:30+00:00","breadcrumb":{"@id":"https:\/\/auxiliaformacion.es\/ca\/collabora\/fes-te-soci-collaborador\/#breadcrumb"},"inLanguage":"ca","potentialAction":[{"@type":"ReadAction","target":["https:\/\/auxiliaformacion.es\/ca\/collabora\/fes-te-soci-collaborador\/"]}]},{"@type":"ImageObject","inLanguage":"ca","@id":"https:\/\/auxiliaformacion.es\/ca\/collabora\/fes-te-soci-collaborador\/#primaryimage","url":"https:\/\/auxiliaformacion.es\/wp-content\/uploads\/2022\/06\/Auxilia-Hazte-socio-colaborador-BG01.jpg","contentUrl":"https:\/\/auxiliaformacion.es\/wp-content\/uploads\/2022\/06\/Auxilia-Hazte-socio-colaborador-BG01.jpg","width":1920,"height":367},{"@type":"BreadcrumbList","@id":"https:\/\/auxiliaformacion.es\/ca\/collabora\/fes-te-soci-collaborador\/#breadcrumb","itemListElement":[{"@type":"ListItem","position":1,"name":"Portada","item":"https:\/\/auxiliaformacion.es\/ca\/"},{"@type":"ListItem","position":2,"name":"Col\u00b7labora","item":"https:\/\/auxiliaformacion.es\/ca\/collabora\/"},{"@type":"ListItem","position":3,"name":"Fes-te soci col\u00b7laborador"}]},{"@type":"WebSite","@id":"https:\/\/auxiliaformacion.es\/ca\/#website","url":"https:\/\/auxiliaformacion.es\/ca\/","name":"Auxilia EAD","description":"","publisher":{"@id":"https:\/\/auxiliaformacion.es\/ca\/#organization"},"potentialAction":[{"@type":"SearchAction","target":{"@type":"EntryPoint","urlTemplate":"https:\/\/auxiliaformacion.es\/ca\/?s={search_term_string}"},"query-input":{"@type":"PropertyValueSpecification","valueRequired":true,"valueName":"search_term_string"}}],"inLanguage":"ca"},{"@type":"Organization","@id":"https:\/\/auxiliaformacion.es\/ca\/#organization","name":"Auxilia Educaci\u00f3n a Distancia","url":"https:\/\/auxiliaformacion.es\/ca\/","logo":{"@type":"ImageObject","inLanguage":"ca","@id":"https:\/\/auxiliaformacion.es\/ca\/#\/schema\/logo\/image\/","url":"https:\/\/auxiliaformacion.es\/wp-content\/uploads\/2019\/02\/Auxilia-Ensenanaza-a-distancia-logo.png","contentUrl":"https:\/\/auxiliaformacion.es\/wp-content\/uploads\/2019\/02\/Auxilia-Ensenanaza-a-distancia-logo.png","width":1000,"height":141,"caption":"Auxilia Educaci\u00f3n a Distancia"},"image":{"@id":"https:\/\/auxiliaformacion.es\/ca\/#\/schema\/logo\/image\/"}}]}},"_links":{"self":[{"href":"https:\/\/auxiliaformacion.es\/ca\/wp-json\/wp\/v2\/pages\/696","targetHints":{"allow":["GET"]}}],"collection":[{"href":"https:\/\/auxiliaformacion.es\/ca\/wp-json\/wp\/v2\/pages"}],"about":[{"href":"https:\/\/auxiliaformacion.es\/ca\/wp-json\/wp\/v2\/types\/page"}],"author":[{"embeddable":true,"href":"https:\/\/auxiliaformacion.es\/ca\/wp-json\/wp\/v2\/users\/1"}],"replies":[{"embeddable":true,"href":"https:\/\/auxiliaformacion.es\/ca\/wp-json\/wp\/v2\/comments?post=696"}],"version-history":[{"count":0,"href":"https:\/\/auxiliaformacion.es\/ca\/wp-json\/wp\/v2\/pages\/696\/revisions"}],"up":[{"embeddable":true,"href":"https:\/\/auxiliaformacion.es\/ca\/wp-json\/wp\/v2\/pages\/683"}],"wp:featuredmedia":[{"embeddable":true,"href":"https:\/\/auxiliaformacion.es\/ca\/wp-json\/wp\/v2\/media\/1220"}],"wp:attachment":[{"href":"https:\/\/auxiliaformacion.es\/ca\/wp-json\/wp\/v2\/media?parent=696"}],"curies":[{"name":"wp","href":"https:\/\/api.w.org\/{rel}","templated":true}]}}