{"id":683,"date":"2019-03-21T09:30:45","date_gmt":"2019-03-21T09:30:45","guid":{"rendered":"https:\/\/auxiliaformacion.es\/?page_id=683"},"modified":"2022-06-27T13:23:36","modified_gmt":"2022-06-27T13:23:36","slug":"collabora","status":"publish","type":"page","link":"https:\/\/auxiliaformacion.es\/ca\/collabora\/","title":{"rendered":"Col\u00b7labora"},"content":{"rendered":"<h1>Col\u00b7labora amb<br \/>\nAuxilia Ensenyament a Dist\u00e0ncia<\/h1>\n<hr \/>\n<div class='clearfix'><div class='third'>\n<h2 style=\"text-align: center;\">Fes-te voluntari<\/h2>\n<hr \/>\n<p><img decoding=\"async\" src=\"https:\/\/auxiliaformacion.es\/wp-content\/uploads\/2022\/06\/Auxilia-Hazte-voluntario-01.jpg\" alt=\"\" \/><\/p>\n<p>En Auxilia apreciem tots els gestos de suport. T&#8217;oferim l&#8217;oportunitat de donar pas a la teva solidaritat i fer-te sentir que formes part activa d&#8217;un gran projecte.<\/p>\n<a href='https:\/\/auxiliaformacion.es\/ca\/collabora\/fes-te-voluntari\/' target='_self' class='btn'>CONTINUAR<\/a>\n<\/div><div class='third'>\n<h2 style=\"text-align: center;\">Fes un donatiu<\/h2>\n<hr \/>\n<p><img decoding=\"async\" src=\"https:\/\/auxiliaformacion.es\/wp-content\/uploads\/2022\/06\/Auxilia-HAZ-UN-DONATIVO-01.jpg\" alt=\"\" \/><\/p>\n<p>Els donatius que facis ens permeten sufragar despeses complement\u00e0ries: segur obligatori dels voluntaris, manteniment de la seu, material d&#8217;estudi\u2026<\/p>\n<a href='https:\/\/auxiliaformacion.es\/ca\/collabora\/fes-un-donatiu\/' target='_self' class='btn'>CONTINUAR<\/a>\n<\/div><div class='third last'>\n<h2 style=\"text-align: center;\">Fes-te soci<\/h2>\n<hr \/>\n<p><img decoding=\"async\" src=\"https:\/\/auxiliaformacion.es\/wp-content\/uploads\/2022\/06\/Auxilia-HAZTE-SOCIO-01.jpg\" alt=\"\" \/><\/p>\n<p>La inclusi\u00f3 social i cultural de les persones amb diversitat funcional (discapacitat f\u00edsica) te en Auxilia amb un gran valor hum\u00e0: el seu voluntariat i el seu equip professional.<\/p>\n<a href='https:\/\/auxiliaformacion.es\/ca\/collabora\/fes-te-soci-collaborador\/' target='_self' class='btn'>CONTINUAR<\/a>\n<\/div><\/div>\n<p>&nbsp;<\/p>\n<div class='clearfix'><div class='half'>\n<p>&nbsp;<\/p>\n<h2><span style=\"color: #666666;\">Mecenatge empresarial<\/span><br \/>\nEts una empresa o entitat?<br \/>\nCol\u00b7labora amb nosaltres<\/h2>\n<p>En el m\u00f3n de les ONG, entitats i associacions que tenen com a objectiu una acci\u00f3 social, s\u00f3n coneguts els enunciats de \u201cResponsabilitat Social Empresarial\u201c (RSE) i el de la \u201cResponsabilitat Social Corporativa\u201d (RSC) que s&#8217;entenen com la contribuci\u00f3 i el comprom\u00eds que lliurement adquireixen algunes empreses cap a la societat amb la finalitat de que aquesta millori la seva qualitat de vida.<\/p>\n<a href='https:\/\/auxiliaformacion.es\/ca\/collabora\/mecenatge-empresarial\/' target='_self' class='btn'>CONTINUAR<\/a>\n<\/div><div class='half last'>\n<p><img decoding=\"async\" src=\"https:\/\/auxiliaformacion.es\/wp-content\/uploads\/2022\/06\/Auxilia-MECENAZGO-EMPRESARIAL-01.jpg\" alt=\"\" \/><\/p>\n<\/div><\/div>\n<p>&nbsp;<\/p>\n<div class=\"gsp_post_data\" \r\n\t            data-post_type=\"page\" \r\n\t            data-cat=\"\" \r\n\t            data-modified=\"120\"\r\n\t            data-created=\"1553160645\"\r\n\t            data-title=\"Col\u00b7labora\" \r\n\t            data-home=\"https:\/\/auxiliaformacion.es\/ca\/\"><\/div>","protected":false},"excerpt":{"rendered":"<p>Col\u00b7labora amb Auxilia Ensenyament a Dist\u00e0ncia &nbsp; &nbsp;<\/p>\n","protected":false},"author":1,"featured_media":0,"parent":0,"menu_order":0,"comment_status":"closed","ping_status":"closed","template":"page-full-width.php","meta":{"footnotes":""},"class_list":["post-683","page","type-page","status-publish","hentry"],"yoast_head":"<!-- This site is optimized with the Yoast SEO plugin v27.1.1 - https:\/\/yoast.com\/product\/yoast-seo-wordpress\/ -->\n<title>Col\u00b7labora - Auxilia EAD<\/title>\n<meta name=\"robots\" content=\"index, follow, max-snippet:-1, max-image-preview:large, max-video-preview:-1\" \/>\n<link rel=\"canonical\" href=\"https:\/\/auxiliaformacion.es\/ca\/collabora\/\" \/>\n<meta property=\"og:locale\" content=\"ca_ES\" \/>\n<meta property=\"og:type\" content=\"article\" \/>\n<meta property=\"og:title\" content=\"Col\u00b7labora - Auxilia EAD\" \/>\n<meta property=\"og:description\" content=\"Col\u00b7labora amb Auxilia Ensenyament a Dist\u00e0ncia &nbsp; &nbsp;\" \/>\n<meta property=\"og:url\" content=\"https:\/\/auxiliaformacion.es\/ca\/collabora\/\" \/>\n<meta property=\"og:site_name\" content=\"Auxilia EAD\" \/>\n<meta property=\"article:modified_time\" content=\"2022-06-27T13:23:36+00:00\" \/>\n<meta property=\"og:image\" content=\"https:\/\/auxiliaformacion.es\/wp-content\/uploads\/2022\/06\/Auxilia-Hazte-voluntario-01.jpg\" \/>\n<meta name=\"twitter:card\" content=\"summary_large_image\" \/>\n<meta name=\"twitter:label1\" content=\"Temps estimat de lectura\" \/>\n\t<meta name=\"twitter:data1\" content=\"1 minut\" \/>\n<script type=\"application\/ld+json\" class=\"yoast-schema-graph\">{\"@context\":\"https:\/\/schema.org\",\"@graph\":[{\"@type\":\"WebPage\",\"@id\":\"https:\/\/auxiliaformacion.es\/ca\/collabora\/\",\"url\":\"https:\/\/auxiliaformacion.es\/ca\/collabora\/\",\"name\":\"Col\u00b7labora - Auxilia EAD\",\"isPartOf\":{\"@id\":\"https:\/\/auxiliaformacion.es\/ca\/#website\"},\"primaryImageOfPage\":{\"@id\":\"https:\/\/auxiliaformacion.es\/ca\/collabora\/#primaryimage\"},\"image\":{\"@id\":\"https:\/\/auxiliaformacion.es\/ca\/collabora\/#primaryimage\"},\"thumbnailUrl\":\"https:\/\/auxiliaformacion.es\/wp-content\/uploads\/2022\/06\/Auxilia-Hazte-voluntario-01.jpg\",\"datePublished\":\"2019-03-21T09:30:45+00:00\",\"dateModified\":\"2022-06-27T13:23:36+00:00\",\"breadcrumb\":{\"@id\":\"https:\/\/auxiliaformacion.es\/ca\/collabora\/#breadcrumb\"},\"inLanguage\":\"ca\",\"potentialAction\":[{\"@type\":\"ReadAction\",\"target\":[\"https:\/\/auxiliaformacion.es\/ca\/collabora\/\"]}]},{\"@type\":\"ImageObject\",\"inLanguage\":\"ca\",\"@id\":\"https:\/\/auxiliaformacion.es\/ca\/collabora\/#primaryimage\",\"url\":\"https:\/\/auxiliaformacion.es\/wp-content\/uploads\/2022\/06\/Auxilia-Hazte-voluntario-01.jpg\",\"contentUrl\":\"https:\/\/auxiliaformacion.es\/wp-content\/uploads\/2022\/06\/Auxilia-Hazte-voluntario-01.jpg\"},{\"@type\":\"BreadcrumbList\",\"@id\":\"https:\/\/auxiliaformacion.es\/ca\/collabora\/#breadcrumb\",\"itemListElement\":[{\"@type\":\"ListItem\",\"position\":1,\"name\":\"Portada\",\"item\":\"https:\/\/auxiliaformacion.es\/ca\/\"},{\"@type\":\"ListItem\",\"position\":2,\"name\":\"Col\u00b7labora\"}]},{\"@type\":\"WebSite\",\"@id\":\"https:\/\/auxiliaformacion.es\/ca\/#website\",\"url\":\"https:\/\/auxiliaformacion.es\/ca\/\",\"name\":\"Auxilia EAD\",\"description\":\"\",\"publisher\":{\"@id\":\"https:\/\/auxiliaformacion.es\/ca\/#organization\"},\"potentialAction\":[{\"@type\":\"SearchAction\",\"target\":{\"@type\":\"EntryPoint\",\"urlTemplate\":\"https:\/\/auxiliaformacion.es\/ca\/?s={search_term_string}\"},\"query-input\":{\"@type\":\"PropertyValueSpecification\",\"valueRequired\":true,\"valueName\":\"search_term_string\"}}],\"inLanguage\":\"ca\"},{\"@type\":\"Organization\",\"@id\":\"https:\/\/auxiliaformacion.es\/ca\/#organization\",\"name\":\"Auxilia Educaci\u00f3n a Distancia\",\"url\":\"https:\/\/auxiliaformacion.es\/ca\/\",\"logo\":{\"@type\":\"ImageObject\",\"inLanguage\":\"ca\",\"@id\":\"https:\/\/auxiliaformacion.es\/ca\/#\/schema\/logo\/image\/\",\"url\":\"https:\/\/auxiliaformacion.es\/wp-content\/uploads\/2019\/02\/Auxilia-Ensenanaza-a-distancia-logo.png\",\"contentUrl\":\"https:\/\/auxiliaformacion.es\/wp-content\/uploads\/2019\/02\/Auxilia-Ensenanaza-a-distancia-logo.png\",\"width\":1000,\"height\":141,\"caption\":\"Auxilia Educaci\u00f3n a Distancia\"},\"image\":{\"@id\":\"https:\/\/auxiliaformacion.es\/ca\/#\/schema\/logo\/image\/\"}}]}<\/script>\n<!-- \/ Yoast SEO plugin. -->","yoast_head_json":{"title":"Col\u00b7labora - Auxilia EAD","robots":{"index":"index","follow":"follow","max-snippet":"max-snippet:-1","max-image-preview":"max-image-preview:large","max-video-preview":"max-video-preview:-1"},"canonical":"https:\/\/auxiliaformacion.es\/ca\/collabora\/","og_locale":"ca_ES","og_type":"article","og_title":"Col\u00b7labora - Auxilia EAD","og_description":"Col\u00b7labora amb Auxilia Ensenyament a Dist\u00e0ncia &nbsp; &nbsp;","og_url":"https:\/\/auxiliaformacion.es\/ca\/collabora\/","og_site_name":"Auxilia EAD","article_modified_time":"2022-06-27T13:23:36+00:00","og_image":[{"url":"https:\/\/auxiliaformacion.es\/wp-content\/uploads\/2022\/06\/Auxilia-Hazte-voluntario-01.jpg","type":"","width":"","height":""}],"twitter_card":"summary_large_image","twitter_misc":{"Temps estimat de lectura":"1 minut"},"schema":{"@context":"https:\/\/schema.org","@graph":[{"@type":"WebPage","@id":"https:\/\/auxiliaformacion.es\/ca\/collabora\/","url":"https:\/\/auxiliaformacion.es\/ca\/collabora\/","name":"Col\u00b7labora - Auxilia EAD","isPartOf":{"@id":"https:\/\/auxiliaformacion.es\/ca\/#website"},"primaryImageOfPage":{"@id":"https:\/\/auxiliaformacion.es\/ca\/collabora\/#primaryimage"},"image":{"@id":"https:\/\/auxiliaformacion.es\/ca\/collabora\/#primaryimage"},"thumbnailUrl":"https:\/\/auxiliaformacion.es\/wp-content\/uploads\/2022\/06\/Auxilia-Hazte-voluntario-01.jpg","datePublished":"2019-03-21T09:30:45+00:00","dateModified":"2022-06-27T13:23:36+00:00","breadcrumb":{"@id":"https:\/\/auxiliaformacion.es\/ca\/collabora\/#breadcrumb"},"inLanguage":"ca","potentialAction":[{"@type":"ReadAction","target":["https:\/\/auxiliaformacion.es\/ca\/collabora\/"]}]},{"@type":"ImageObject","inLanguage":"ca","@id":"https:\/\/auxiliaformacion.es\/ca\/collabora\/#primaryimage","url":"https:\/\/auxiliaformacion.es\/wp-content\/uploads\/2022\/06\/Auxilia-Hazte-voluntario-01.jpg","contentUrl":"https:\/\/auxiliaformacion.es\/wp-content\/uploads\/2022\/06\/Auxilia-Hazte-voluntario-01.jpg"},{"@type":"BreadcrumbList","@id":"https:\/\/auxiliaformacion.es\/ca\/collabora\/#breadcrumb","itemListElement":[{"@type":"ListItem","position":1,"name":"Portada","item":"https:\/\/auxiliaformacion.es\/ca\/"},{"@type":"ListItem","position":2,"name":"Col\u00b7labora"}]},{"@type":"WebSite","@id":"https:\/\/auxiliaformacion.es\/ca\/#website","url":"https:\/\/auxiliaformacion.es\/ca\/","name":"Auxilia EAD","description":"","publisher":{"@id":"https:\/\/auxiliaformacion.es\/ca\/#organization"},"potentialAction":[{"@type":"SearchAction","target":{"@type":"EntryPoint","urlTemplate":"https:\/\/auxiliaformacion.es\/ca\/?s={search_term_string}"},"query-input":{"@type":"PropertyValueSpecification","valueRequired":true,"valueName":"search_term_string"}}],"inLanguage":"ca"},{"@type":"Organization","@id":"https:\/\/auxiliaformacion.es\/ca\/#organization","name":"Auxilia Educaci\u00f3n a Distancia","url":"https:\/\/auxiliaformacion.es\/ca\/","logo":{"@type":"ImageObject","inLanguage":"ca","@id":"https:\/\/auxiliaformacion.es\/ca\/#\/schema\/logo\/image\/","url":"https:\/\/auxiliaformacion.es\/wp-content\/uploads\/2019\/02\/Auxilia-Ensenanaza-a-distancia-logo.png","contentUrl":"https:\/\/auxiliaformacion.es\/wp-content\/uploads\/2019\/02\/Auxilia-Ensenanaza-a-distancia-logo.png","width":1000,"height":141,"caption":"Auxilia Educaci\u00f3n a Distancia"},"image":{"@id":"https:\/\/auxiliaformacion.es\/ca\/#\/schema\/logo\/image\/"}}]}},"_links":{"self":[{"href":"https:\/\/auxiliaformacion.es\/ca\/wp-json\/wp\/v2\/pages\/683","targetHints":{"allow":["GET"]}}],"collection":[{"href":"https:\/\/auxiliaformacion.es\/ca\/wp-json\/wp\/v2\/pages"}],"about":[{"href":"https:\/\/auxiliaformacion.es\/ca\/wp-json\/wp\/v2\/types\/page"}],"author":[{"embeddable":true,"href":"https:\/\/auxiliaformacion.es\/ca\/wp-json\/wp\/v2\/users\/1"}],"replies":[{"embeddable":true,"href":"https:\/\/auxiliaformacion.es\/ca\/wp-json\/wp\/v2\/comments?post=683"}],"version-history":[{"count":0,"href":"https:\/\/auxiliaformacion.es\/ca\/wp-json\/wp\/v2\/pages\/683\/revisions"}],"wp:attachment":[{"href":"https:\/\/auxiliaformacion.es\/ca\/wp-json\/wp\/v2\/media?parent=683"}],"curies":[{"name":"wp","href":"https:\/\/api.w.org\/{rel}","templated":true}]}}