{"id":1641,"date":"2024-04-17T08:15:26","date_gmt":"2024-04-17T08:15:26","guid":{"rendered":"https:\/\/auxiliaformacion.es\/?page_id=1641"},"modified":"2024-04-17T08:25:50","modified_gmt":"2024-04-17T08:25:50","slug":"politica-de-cookies","status":"publish","type":"page","link":"https:\/\/auxiliaformacion.es\/ca\/contacte\/politica-de-cookies\/","title":{"rendered":"Pol\u00edtica de cookies"},"content":{"rendered":"<h1 style=\"text-align: center;\">Pol\u00edtica de cookies<\/h1>\n<hr \/>\n<p>L&#8217;informem que utilitzem Cookies per a oferir els nostres serveis i recollir informaci\u00f3 estad\u00edstica.<\/p>\n<p><strong>1. Cookies: Qu\u00e8 s\u00f3n:<\/strong><\/p>\n<p>Una \u201cCookie\u201d \u00e9s un fitxer que es descarrega en el seu ordinador en accedir a determinades p\u00e0gines Web. Les Cookies s\u00f3n eines que permeten en una p\u00e0gina Web, entre altres coses, emmagatzemar i recuperar informaci\u00f3 sobre els h\u00e0bits de navegaci\u00f3 d&#8217;un usuari o del seu equip i, depenent de la informaci\u00f3 obtinguda, poden utilitzar-se per a recon\u00e8ixer a l&#8217;usuari i millorar el servei ofert.<\/p>\n<p><strong>2. Quines Cookies utilitza aquesta Web:<\/strong><\/p>\n<p>Aquesta web utilitza les seg\u00fcents Cookies:<\/p>\n<p><u>a) Cookies de rendiment o necess\u00e0ries:<\/u><\/p>\n<p>S&#8217;utilitzen per a millorar l&#8217;experi\u00e8ncia de navegaci\u00f3 i optimitzar el funcionament del lloc web. Emmagatzemen configuracions de serveis a fi de no re-configurar-los cada vegada que visiti aquest lloc web.<\/p>\n<p><strong>Necess\u00e0ries<\/strong><\/p>\n<p>Les cookies necess\u00e0ries s\u00f3n crucials per a les funcions b\u00e0siques del lloc web i el lloc web no funcionar\u00e0 de la forma prevista sense elles.<\/p>\n<p>Aquestes cookies no emmagatzemen cap dada d&#8217;identificaci\u00f3 personal.<\/p>\n<table width=\"1155\">\n<thead>\n<tr>\n<td>\n<p><strong>Cookie<\/strong><\/p>\n<\/td>\n<td>\n<p><strong>Duraci\u00f3<\/strong><\/p>\n<\/td>\n<td width=\"861\">\n<p><strong>Descripci\u00f3<\/strong><\/p>\n<\/td>\n<\/tr>\n<\/thead>\n<tbody>\n<tr>\n<td>\n<p>Cookieyes-consent<\/p>\n<\/td>\n<td>\n<p>1 any<\/p>\n<\/td>\n<td width=\"861\">\n<p>Cookieyes estableix aquesta cookie per a recordar les prefer\u00e8ncies de consentiment dels usuaris, de manera que es respecten les seues prefer\u00e8ncies en les seg\u00fcents visites a aquest lloc. No recull ni emmagatzema cap informaci\u00f3 personal sobre els visitants del lloc<\/p>\n<\/td>\n<\/tr>\n<\/tbody>\n<\/table>\n<p>&nbsp;<\/p>\n<p><strong>3. Com Gestionar les Cookies del navegador:<\/strong><\/p>\n<p>Es poden permetre, bloquejar o eliminar a trav\u00e9s de la configuraci\u00f3 de les opcions del navegador instal\u00b7lat en el seu dispositiu. En els seg\u00fcents enlla\u00e7os trobar\u00e0 informaci\u00f3 en relaci\u00f3 a les Cookies en cada navegador:<\/p>\n<p><strong>a) Internet Explorer:<\/strong><br \/>\nwindows.microsoft.com\/es-xl\/internet-explorer\/delete-manage-cookies#ie=\u201die-10<\/p>\n<p><strong>b) Firefox<\/strong><br \/>\nmozilla.org\/es\/kb\/borrar%20cookies<\/p>\n<p><strong>c) Chrome<\/strong><br \/>\n<a href=\"http:\/\/support.google.com\/chrome\/answer\/95647?hl=es\">http:\/\/support.google.com\/chrome\/answer\/95647?hl=es<\/a><\/p>\n<p><strong>d) Safari<\/strong><br \/>\nwww.apple.com\/es\/privacy\/use-of-cookies<\/p>\n<p>&nbsp;<\/p>\n<p>Si ho desitja pot configurar el seu navegador per a ser avisat en pantalla de la recepci\u00f3 de Cookies i impedir la instal\u00b7laci\u00f3 d&#8217;aquestes en el disc dur. No obstant aix\u00f2, si selecciona aquesta configuraci\u00f3, potser no pot accedir a determinades parts del lloc web o no pugui utilitzar algun dels nostres serveis.<\/p>\n<p>&nbsp;<\/p>\n<div class=\"gsp_post_data\" \r\n\t            data-post_type=\"page\" \r\n\t            data-cat=\"\" \r\n\t            data-modified=\"120\"\r\n\t            data-created=\"1713341726\"\r\n\t            data-title=\"Pol\u00edtica de cookies\" \r\n\t            data-home=\"https:\/\/auxiliaformacion.es\/ca\/\"><\/div>","protected":false},"excerpt":{"rendered":"<p>Pol\u00edtica de cookies L&#8217;informem que utilitzem Cookies per a oferir els nostres serveis i recollir informaci\u00f3 estad\u00edstica. 1. Cookies: Qu\u00e8 s\u00f3n: Una \u201cCookie\u201d \u00e9s un fitxer que es descarrega en el seu ordinador en accedir a determinades p\u00e0gines Web. Les Cookies s\u00f3n eines que permeten en una p\u00e0gina Web, entre altres coses, emmagatzemar i recuperar [&hellip;]<\/p>\n","protected":false},"author":1,"featured_media":0,"parent":707,"menu_order":0,"comment_status":"closed","ping_status":"closed","template":"page-full-width.php","meta":{"footnotes":""},"class_list":["post-1641","page","type-page","status-publish","hentry"],"yoast_head":"<!-- This site is optimized with the Yoast SEO plugin v27.1.1 - https:\/\/yoast.com\/product\/yoast-seo-wordpress\/ -->\n<title>Pol\u00edtica de cookies - Auxilia EAD<\/title>\n<meta name=\"robots\" content=\"index, follow, max-snippet:-1, max-image-preview:large, max-video-preview:-1\" \/>\n<link rel=\"canonical\" href=\"https:\/\/auxiliaformacion.es\/ca\/contacte\/politica-de-cookies\/\" \/>\n<meta property=\"og:locale\" content=\"ca_ES\" \/>\n<meta property=\"og:type\" content=\"article\" \/>\n<meta property=\"og:title\" content=\"Pol\u00edtica de cookies - Auxilia EAD\" \/>\n<meta property=\"og:description\" content=\"Pol\u00edtica de cookies L&#8217;informem que utilitzem Cookies per a oferir els nostres serveis i recollir informaci\u00f3 estad\u00edstica. 1. Cookies: Qu\u00e8 s\u00f3n: Una \u201cCookie\u201d \u00e9s un fitxer que es descarrega en el seu ordinador en accedir a determinades p\u00e0gines Web. Les Cookies s\u00f3n eines que permeten en una p\u00e0gina Web, entre altres coses, emmagatzemar i recuperar [&hellip;]\" \/>\n<meta property=\"og:url\" content=\"https:\/\/auxiliaformacion.es\/ca\/contacte\/politica-de-cookies\/\" \/>\n<meta property=\"og:site_name\" content=\"Auxilia EAD\" \/>\n<meta property=\"article:modified_time\" content=\"2024-04-17T08:25:50+00:00\" \/>\n<meta name=\"twitter:card\" content=\"summary_large_image\" \/>\n<meta name=\"twitter:label1\" content=\"Temps estimat de lectura\" \/>\n\t<meta name=\"twitter:data1\" content=\"2 minuts\" \/>\n<script type=\"application\/ld+json\" class=\"yoast-schema-graph\">{\"@context\":\"https:\/\/schema.org\",\"@graph\":[{\"@type\":\"WebPage\",\"@id\":\"https:\/\/auxiliaformacion.es\/ca\/contacte\/politica-de-cookies\/\",\"url\":\"https:\/\/auxiliaformacion.es\/ca\/contacte\/politica-de-cookies\/\",\"name\":\"Pol\u00edtica de cookies - Auxilia EAD\",\"isPartOf\":{\"@id\":\"https:\/\/auxiliaformacion.es\/ca\/#website\"},\"datePublished\":\"2024-04-17T08:15:26+00:00\",\"dateModified\":\"2024-04-17T08:25:50+00:00\",\"breadcrumb\":{\"@id\":\"https:\/\/auxiliaformacion.es\/ca\/contacte\/politica-de-cookies\/#breadcrumb\"},\"inLanguage\":\"ca\",\"potentialAction\":[{\"@type\":\"ReadAction\",\"target\":[\"https:\/\/auxiliaformacion.es\/ca\/contacte\/politica-de-cookies\/\"]}]},{\"@type\":\"BreadcrumbList\",\"@id\":\"https:\/\/auxiliaformacion.es\/ca\/contacte\/politica-de-cookies\/#breadcrumb\",\"itemListElement\":[{\"@type\":\"ListItem\",\"position\":1,\"name\":\"Portada\",\"item\":\"https:\/\/auxiliaformacion.es\/ca\/\"},{\"@type\":\"ListItem\",\"position\":2,\"name\":\"Contacte\",\"item\":\"https:\/\/auxiliaformacion.es\/ca\/contacte\/\"},{\"@type\":\"ListItem\",\"position\":3,\"name\":\"Pol\u00edtica de cookies\"}]},{\"@type\":\"WebSite\",\"@id\":\"https:\/\/auxiliaformacion.es\/ca\/#website\",\"url\":\"https:\/\/auxiliaformacion.es\/ca\/\",\"name\":\"Auxilia EAD\",\"description\":\"\",\"publisher\":{\"@id\":\"https:\/\/auxiliaformacion.es\/ca\/#organization\"},\"potentialAction\":[{\"@type\":\"SearchAction\",\"target\":{\"@type\":\"EntryPoint\",\"urlTemplate\":\"https:\/\/auxiliaformacion.es\/ca\/?s={search_term_string}\"},\"query-input\":{\"@type\":\"PropertyValueSpecification\",\"valueRequired\":true,\"valueName\":\"search_term_string\"}}],\"inLanguage\":\"ca\"},{\"@type\":\"Organization\",\"@id\":\"https:\/\/auxiliaformacion.es\/ca\/#organization\",\"name\":\"Auxilia Educaci\u00f3n a Distancia\",\"url\":\"https:\/\/auxiliaformacion.es\/ca\/\",\"logo\":{\"@type\":\"ImageObject\",\"inLanguage\":\"ca\",\"@id\":\"https:\/\/auxiliaformacion.es\/ca\/#\/schema\/logo\/image\/\",\"url\":\"https:\/\/auxiliaformacion.es\/wp-content\/uploads\/2019\/02\/Auxilia-Ensenanaza-a-distancia-logo.png\",\"contentUrl\":\"https:\/\/auxiliaformacion.es\/wp-content\/uploads\/2019\/02\/Auxilia-Ensenanaza-a-distancia-logo.png\",\"width\":1000,\"height\":141,\"caption\":\"Auxilia Educaci\u00f3n a Distancia\"},\"image\":{\"@id\":\"https:\/\/auxiliaformacion.es\/ca\/#\/schema\/logo\/image\/\"}}]}<\/script>\n<!-- \/ Yoast SEO plugin. -->","yoast_head_json":{"title":"Pol\u00edtica de cookies - Auxilia EAD","robots":{"index":"index","follow":"follow","max-snippet":"max-snippet:-1","max-image-preview":"max-image-preview:large","max-video-preview":"max-video-preview:-1"},"canonical":"https:\/\/auxiliaformacion.es\/ca\/contacte\/politica-de-cookies\/","og_locale":"ca_ES","og_type":"article","og_title":"Pol\u00edtica de cookies - Auxilia EAD","og_description":"Pol\u00edtica de cookies L&#8217;informem que utilitzem Cookies per a oferir els nostres serveis i recollir informaci\u00f3 estad\u00edstica. 1. Cookies: Qu\u00e8 s\u00f3n: Una \u201cCookie\u201d \u00e9s un fitxer que es descarrega en el seu ordinador en accedir a determinades p\u00e0gines Web. Les Cookies s\u00f3n eines que permeten en una p\u00e0gina Web, entre altres coses, emmagatzemar i recuperar [&hellip;]","og_url":"https:\/\/auxiliaformacion.es\/ca\/contacte\/politica-de-cookies\/","og_site_name":"Auxilia EAD","article_modified_time":"2024-04-17T08:25:50+00:00","twitter_card":"summary_large_image","twitter_misc":{"Temps estimat de lectura":"2 minuts"},"schema":{"@context":"https:\/\/schema.org","@graph":[{"@type":"WebPage","@id":"https:\/\/auxiliaformacion.es\/ca\/contacte\/politica-de-cookies\/","url":"https:\/\/auxiliaformacion.es\/ca\/contacte\/politica-de-cookies\/","name":"Pol\u00edtica de cookies - Auxilia EAD","isPartOf":{"@id":"https:\/\/auxiliaformacion.es\/ca\/#website"},"datePublished":"2024-04-17T08:15:26+00:00","dateModified":"2024-04-17T08:25:50+00:00","breadcrumb":{"@id":"https:\/\/auxiliaformacion.es\/ca\/contacte\/politica-de-cookies\/#breadcrumb"},"inLanguage":"ca","potentialAction":[{"@type":"ReadAction","target":["https:\/\/auxiliaformacion.es\/ca\/contacte\/politica-de-cookies\/"]}]},{"@type":"BreadcrumbList","@id":"https:\/\/auxiliaformacion.es\/ca\/contacte\/politica-de-cookies\/#breadcrumb","itemListElement":[{"@type":"ListItem","position":1,"name":"Portada","item":"https:\/\/auxiliaformacion.es\/ca\/"},{"@type":"ListItem","position":2,"name":"Contacte","item":"https:\/\/auxiliaformacion.es\/ca\/contacte\/"},{"@type":"ListItem","position":3,"name":"Pol\u00edtica de cookies"}]},{"@type":"WebSite","@id":"https:\/\/auxiliaformacion.es\/ca\/#website","url":"https:\/\/auxiliaformacion.es\/ca\/","name":"Auxilia EAD","description":"","publisher":{"@id":"https:\/\/auxiliaformacion.es\/ca\/#organization"},"potentialAction":[{"@type":"SearchAction","target":{"@type":"EntryPoint","urlTemplate":"https:\/\/auxiliaformacion.es\/ca\/?s={search_term_string}"},"query-input":{"@type":"PropertyValueSpecification","valueRequired":true,"valueName":"search_term_string"}}],"inLanguage":"ca"},{"@type":"Organization","@id":"https:\/\/auxiliaformacion.es\/ca\/#organization","name":"Auxilia Educaci\u00f3n a Distancia","url":"https:\/\/auxiliaformacion.es\/ca\/","logo":{"@type":"ImageObject","inLanguage":"ca","@id":"https:\/\/auxiliaformacion.es\/ca\/#\/schema\/logo\/image\/","url":"https:\/\/auxiliaformacion.es\/wp-content\/uploads\/2019\/02\/Auxilia-Ensenanaza-a-distancia-logo.png","contentUrl":"https:\/\/auxiliaformacion.es\/wp-content\/uploads\/2019\/02\/Auxilia-Ensenanaza-a-distancia-logo.png","width":1000,"height":141,"caption":"Auxilia Educaci\u00f3n a Distancia"},"image":{"@id":"https:\/\/auxiliaformacion.es\/ca\/#\/schema\/logo\/image\/"}}]}},"_links":{"self":[{"href":"https:\/\/auxiliaformacion.es\/ca\/wp-json\/wp\/v2\/pages\/1641","targetHints":{"allow":["GET"]}}],"collection":[{"href":"https:\/\/auxiliaformacion.es\/ca\/wp-json\/wp\/v2\/pages"}],"about":[{"href":"https:\/\/auxiliaformacion.es\/ca\/wp-json\/wp\/v2\/types\/page"}],"author":[{"embeddable":true,"href":"https:\/\/auxiliaformacion.es\/ca\/wp-json\/wp\/v2\/users\/1"}],"replies":[{"embeddable":true,"href":"https:\/\/auxiliaformacion.es\/ca\/wp-json\/wp\/v2\/comments?post=1641"}],"version-history":[{"count":0,"href":"https:\/\/auxiliaformacion.es\/ca\/wp-json\/wp\/v2\/pages\/1641\/revisions"}],"up":[{"embeddable":true,"href":"https:\/\/auxiliaformacion.es\/ca\/wp-json\/wp\/v2\/pages\/707"}],"wp:attachment":[{"href":"https:\/\/auxiliaformacion.es\/ca\/wp-json\/wp\/v2\/media?parent=1641"}],"curies":[{"name":"wp","href":"https:\/\/api.w.org\/{rel}","templated":true}]}}